{"id":474,"date":"2022-07-27T15:20:01","date_gmt":"2022-07-27T13:20:01","guid":{"rendered":"http:\/\/dev.claret.cat\/producto\/el-gran-llibre-de-la-nutricio-9788418857560\/"},"modified":"2024-01-24T13:21:37","modified_gmt":"2024-01-24T12:21:37","slug":"el-gran-llibre-de-la-nutricio-9788418857560","status":"publish","type":"product","link":"https:\/\/www.claret.cat\/es\/libro\/el-gran-llibre-de-la-nutricio-9788418857560\/","title":{"rendered":"EL GRAN LLIBRE DE LA NUTRICI\u00d3"},"content":{"rendered":"<p>La guia definitiva per menjar i viure amb qualitat i bons aliments. Un llibre que condensa m\u00e9s de 20 anys de recerca. Abel Marin\u00e9 \u00e9s el gran mestre de la nutrici\u00f3 catalana de les \u00faltimes d\u00e8cades. Un savi que s&#8221;ocupava de la divulgaci\u00f3 cient\u00edfica aplicada al menjar abans de l&#8221;actual onada d&#8221;inter\u00e8s per la q\u00fcesti\u00f3. Quan les dietes saludables o la sostenibilitat ecol\u00f2gica ocupaven ben poques p\u00e0gines, Marin\u00e9 ja bregava en mitjans com TV3 o COM R\u00e0dio per fer agafar consci\u00e8ncia sobre q\u00fcestions b\u00e0siques de la nostra alimentaci\u00f3. En aquest llibre, confabulat amb la periodista Imma Amadeo per fer aquest gran llibre com a llegat dels seus coneixements. Un manual exhaustiu que analitza did\u00e0cticament cada fam\u00edlia d&#8221;aliments, trencant alguns mites recents i posant exemples de preguntes reals rebudes a consulta o als mitjans de comunicaci\u00f3 en qu\u00e8 han col\u00b7laborat.<\/p>\n","protected":false},"excerpt":{"rendered":"<p>MARIN\u00c9, ABEL \/ AMADEO, IMMA<\/p>\n","protected":false},"featured_media":313781,"template":"","meta":{"_acf_changed":false,"om_disable_all_campaigns":false,"rs_blank_template":"","rs_page_bg_color":"","slide_template_v7":"","inline_featured_image":false,"_monsterinsights_skip_tracking":false,"_monsterinsights_sitenote_active":false,"_monsterinsights_sitenote_note":"","_monsterinsights_sitenote_category":0},"product_brand":[],"product_cat":[547,97],"product_tag":[],"class_list":{"0":"post-474","1":"product","2":"type-product","3":"status-publish","4":"has-post-thumbnail","6":"product_cat-salud","7":"product_cat-salut","9":"first","10":"instock","11":"taxable","12":"shipping-taxable","13":"purchasable","14":"product-type-simple"},"acf":{"autor":"MARIN\u00c9, ABEL \/ AMADEO, IMMA","codart":"841885756","ediciones":"1","encuadernacion":"R\u00fastica","fecha_de_publicacion":"01\/06\/2022","novedad":"1","paginas":"703","subtitulo":"","orden":"0","portada":"0","idioma":"spa","libros-coleccion":"","autores-libros":[{"ID":5200,"post_author":"3","post_date":"2022-07-28 17:16:55","post_date_gmt":"2022-07-28 15:16:55","post_content":"","post_title":"ABEL MARIN\u00c9","post_excerpt":"","post_status":"publish","comment_status":"closed","ping_status":"closed","post_password":"","post_name":"abel-marine","to_ping":"","pinged":"","post_modified":"2022-07-28 17:16:55","post_modified_gmt":"2022-07-28 15:16:55","post_content_filtered":"","post_parent":0,"guid":"http:\/\/dev.claret.cat\/autor\/abel-marine\/","menu_order":0,"post_type":"autor","post_mime_type":"","comment_count":"0","filter":"raw"},{"ID":5550,"post_author":"3","post_date":"2022-07-28 17:26:23","post_date_gmt":"2022-07-28 15:26:23","post_content":"","post_title":"IMMA AMADEO","post_excerpt":"","post_status":"publish","comment_status":"closed","ping_status":"closed","post_password":"","post_name":"imma-amadeo","to_ping":"","pinged":"","post_modified":"2022-07-28 17:26:23","post_modified_gmt":"2022-07-28 15:26:23","post_content_filtered":"","post_parent":0,"guid":"http:\/\/dev.claret.cat\/autor\/imma-amadeo\/","menu_order":0,"post_type":"autor","post_mime_type":"","comment_count":"0","filter":"raw"}],"editorial":[{"ID":6222,"post_author":"3","post_date":"2022-07-28 17:47:31","post_date_gmt":"2022-07-28 15:47:31","post_content":"","post_title":"Editorial Comanegra","post_excerpt":"","post_status":"publish","comment_status":"closed","ping_status":"closed","post_password":"","post_name":"editorial-comanegra","to_ping":"","pinged":"","post_modified":"2022-07-28 17:47:31","post_modified_gmt":"2022-07-28 15:47:31","post_content_filtered":"","post_parent":0,"guid":"http:\/\/dev.claret.cat\/editorial\/editorial-comanegra\/","menu_order":0,"post_type":"editorial","post_mime_type":"","comment_count":"0","filter":"raw"}]},"aioseo_notices":[],"_links":{"self":[{"href":"https:\/\/www.claret.cat\/es\/wp-json\/wp\/v2\/product\/474","targetHints":{"allow":["GET"]}}],"collection":[{"href":"https:\/\/www.claret.cat\/es\/wp-json\/wp\/v2\/product"}],"about":[{"href":"https:\/\/www.claret.cat\/es\/wp-json\/wp\/v2\/types\/product"}],"wp:featuredmedia":[{"embeddable":true,"href":"https:\/\/www.claret.cat\/es\/wp-json\/wp\/v2\/media\/313781"}],"wp:attachment":[{"href":"https:\/\/www.claret.cat\/es\/wp-json\/wp\/v2\/media?parent=474"}],"wp:term":[{"taxonomy":"product_brand","embeddable":true,"href":"https:\/\/www.claret.cat\/es\/wp-json\/wp\/v2\/product_brand?post=474"},{"taxonomy":"product_cat","embeddable":true,"href":"https:\/\/www.claret.cat\/es\/wp-json\/wp\/v2\/product_cat?post=474"},{"taxonomy":"product_tag","embeddable":true,"href":"https:\/\/www.claret.cat\/es\/wp-json\/wp\/v2\/product_tag?post=474"}],"curies":[{"name":"wp","href":"https:\/\/api.w.org\/{rel}","templated":true}]}}