{"id":47445,"date":"2022-10-02T22:39:21","date_gmt":"2022-10-02T20:39:21","guid":{"rendered":"http:\/\/dev.claret.cat\/producte\/la-familia-es-amor\/"},"modified":"2024-10-04T12:51:03","modified_gmt":"2024-10-04T10:51:03","slug":"la-familia-es-amor-9788447943166","status":"publish","type":"product","link":"https:\/\/www.claret.cat\/es\/libro\/la-familia-es-amor-9788447943166\/","title":{"rendered":"LA FAM\u00cdLIA \u00c9S AMOR"},"content":{"rendered":"<p>Potser tens dos pares? Dues mares? Una mare i un pare? Nom\u00e9s un d&#8221;ells? El que fa la FAM\u00cdLIA, la formi qui la formi \u00e9s l&#8221;AMOR.<\/p>\n","protected":false},"excerpt":{"rendered":"<p>BEER, SOPHIE<\/p>\n","protected":false},"featured_media":983969,"template":"","meta":{"_acf_changed":false,"om_disable_all_campaigns":false,"rs_blank_template":"","rs_page_bg_color":"","slide_template_v7":"","inline_featured_image":false,"_monsterinsights_skip_tracking":false,"_monsterinsights_sitenote_active":false,"_monsterinsights_sitenote_note":"","_monsterinsights_sitenote_category":0},"product_brand":[],"product_cat":[131,361],"product_tag":[],"class_list":{"0":"post-47445","1":"product","2":"type-product","3":"status-publish","4":"has-post-thumbnail","6":"product_cat-contes-per-infants-0-6-anys","7":"product_cat-cuentos-para-ninos-0-6-anos","9":"first","10":"instock","11":"taxable","12":"shipping-taxable","13":"purchasable","14":"product-type-simple"},"acf":{"autor":"BEER, SOPHIE","codart":"844794316","libros-coleccion":"FORA DE COL.LECCI\u00d3","ediciones":"1","encuadernacion":"Carton\u00e9","fecha_de_publicacion":"01\/09\/2021","novedad":"1","paginas":"12","subtitulo":"","orden":"0","portada":"0","idioma":"spa","editorial":[{"ID":147536,"post_author":"3","post_date":"2022-10-14 11:51:19","post_date_gmt":"2022-10-14 09:51:19","post_content":"","post_title":"BAULA-EDELVIVES-VALENCIANO\/CATALAN-TXT-","post_excerpt":"","post_status":"publish","comment_status":"closed","ping_status":"closed","post_password":"","post_name":"baula-edelvives-valenciano-catalan-txt","to_ping":"","pinged":"","post_modified":"2022-10-14 11:51:19","post_modified_gmt":"2022-10-14 09:51:19","post_content_filtered":"","post_parent":0,"guid":"http:\/\/dev.claret.cat\/editorial\/baula-edelvives-valenciano-catalan-txt\/","menu_order":0,"post_type":"editorial","post_mime_type":"","comment_count":"0","filter":"raw"}],"autores-libros":[{"ID":169686,"post_author":"3","post_date":"2022-10-14 22:29:13","post_date_gmt":"2022-10-14 20:29:13","post_content":"","post_title":"SOPHIE BEER","post_excerpt":"","post_status":"publish","comment_status":"closed","ping_status":"closed","post_password":"","post_name":"sophie-beer","to_ping":"","pinged":"","post_modified":"2022-10-14 22:29:13","post_modified_gmt":"2022-10-14 20:29:13","post_content_filtered":"","post_parent":0,"guid":"http:\/\/dev.claret.cat\/autor\/sophie-beer\/","menu_order":0,"post_type":"autor","post_mime_type":"","comment_count":"0","filter":"raw"}]},"aioseo_notices":[],"_links":{"self":[{"href":"https:\/\/www.claret.cat\/es\/wp-json\/wp\/v2\/product\/47445","targetHints":{"allow":["GET"]}}],"collection":[{"href":"https:\/\/www.claret.cat\/es\/wp-json\/wp\/v2\/product"}],"about":[{"href":"https:\/\/www.claret.cat\/es\/wp-json\/wp\/v2\/types\/product"}],"wp:featuredmedia":[{"embeddable":true,"href":"https:\/\/www.claret.cat\/es\/wp-json\/wp\/v2\/media\/983969"}],"wp:attachment":[{"href":"https:\/\/www.claret.cat\/es\/wp-json\/wp\/v2\/media?parent=47445"}],"wp:term":[{"taxonomy":"product_brand","embeddable":true,"href":"https:\/\/www.claret.cat\/es\/wp-json\/wp\/v2\/product_brand?post=47445"},{"taxonomy":"product_cat","embeddable":true,"href":"https:\/\/www.claret.cat\/es\/wp-json\/wp\/v2\/product_cat?post=47445"},{"taxonomy":"product_tag","embeddable":true,"href":"https:\/\/www.claret.cat\/es\/wp-json\/wp\/v2\/product_tag?post=47445"}],"curies":[{"name":"wp","href":"https:\/\/api.w.org\/{rel}","templated":true}]}}