{"id":47457,"date":"2022-10-02T22:39:35","date_gmt":"2022-10-02T20:39:35","guid":{"rendered":"http:\/\/dev.claret.cat\/producte\/mas-fuertes-que-el-volcan\/"},"modified":"2023-10-06T11:32:34","modified_gmt":"2023-10-06T09:32:34","slug":"mas-fuertes-que-el-volcan-9788408252313","status":"publish","type":"product","link":"https:\/\/www.claret.cat\/es\/libro\/mas-fuertes-que-el-volcan-9788408252313\/","title":{"rendered":"M\u00c1S FUERTES QUE EL VOLC\u00c1N"},"content":{"rendered":"<p>La Palma, 19 de septiembre de 2021, 15:13 hora de Canarias, el volc\u00e1n Cumbre Vieja entra en erupci\u00f3n\u2026\u00a0<br \/> M\u00e1s fuertes que el volc\u00e1n es un libro solidario que capta este terrible momento y las m\u00faltiples facetas de esta historia.<br \/> Las im\u00e1genes de Abi\u00e1n San Gil, fot\u00f3grafo palmero, el pr\u00f3logo de Jos\u00e9 Andr\u00e9s (Premio Princesa de Asturias de la Concordia 2021) y los textos de Elsa L\u00f3pez, la escritora m\u00e1s conocida y querida de La Palma, y de Ander Izagirre, Gabi Mart\u00ednez y Mar\u00eda S\u00e1nchez reflejan este espectacular fen\u00f3meno natural y el tejido sentimental que lo rodea. Junto a los r\u00edos de lava discurre una estampa humana que nos conmueve y que ha desatado una corriente de apoyo y solidaridad a la que se suma este libro.<\/p>\n","protected":false},"excerpt":{"rendered":"<p>SAN GIL, ABI\u00c1N \/ S\u00c1NCHEZ, MAR\u00cdA \/ MART\u00cdNEZ, GABI \/ IZAGIRRE, ANDER \/ L\u00d3PEZ, ELS<\/p>\n","protected":false},"featured_media":452043,"template":"","meta":{"_acf_changed":false,"om_disable_all_campaigns":false,"rs_blank_template":"","rs_page_bg_color":"","slide_template_v7":"","inline_featured_image":false,"_monsterinsights_skip_tracking":false,"_monsterinsights_sitenote_active":false,"_monsterinsights_sitenote_note":"","_monsterinsights_sitenote_category":0},"product_brand":[],"product_cat":[540],"product_tag":[],"class_list":{"0":"post-47457","1":"product","2":"type-product","3":"status-publish","4":"has-post-thumbnail","6":"product_cat-otros","8":"first","9":"instock","10":"taxable","11":"shipping-taxable","12":"purchasable","13":"product-type-simple"},"acf":{"autor":"SAN GIL, ABI\u00c1N \/ S\u00c1NCHEZ, MAR\u00cdA \/ MART\u00cdNEZ, GABI \/ IZAGIRRE, ANDER \/ L\u00d3PEZ, ELS","codart":"840825231","libros-coleccion":"Ilustrados","ediciones":"1","encuadernacion":"Carton\u00e9","fecha_de_publicacion":"01\/12\/2021","novedad":"1","paginas":"160","subtitulo":"LA PALMA","orden":"0","portada":"0","idioma":"spa","editorial":[{"ID":6233,"post_author":"3","post_date":"2022-07-28 17:47:48","post_date_gmt":"2022-07-28 15:47:48","post_content":"","post_title":"EDITORIAL PLANETA","post_excerpt":"","post_status":"publish","comment_status":"closed","ping_status":"closed","post_password":"","post_name":"editorial-planeta","to_ping":"","pinged":"","post_modified":"2022-07-28 17:47:48","post_modified_gmt":"2022-07-28 15:47:48","post_content_filtered":"","post_parent":0,"guid":"http:\/\/dev.claret.cat\/editorial\/editorial-planeta\/","menu_order":0,"post_type":"editorial","post_mime_type":"","comment_count":"0","filter":"raw"}],"autores-libros":[{"ID":163769,"post_author":"3","post_date":"2022-10-14 17:41:42","post_date_gmt":"2022-10-14 15:41:42","post_content":"","post_title":"MARIA S\u00c1NCHEZ","post_excerpt":"","post_status":"publish","comment_status":"closed","ping_status":"closed","post_password":"","post_name":"maria-sanchez","to_ping":"","pinged":"","post_modified":"2022-10-14 17:41:42","post_modified_gmt":"2022-10-14 15:41:42","post_content_filtered":"","post_parent":0,"guid":"http:\/\/dev.claret.cat\/autor\/maria-sanchez\/","menu_order":0,"post_type":"autor","post_mime_type":"","comment_count":"0","filter":"raw"},{"ID":149073,"post_author":"3","post_date":"2022-10-14 14:21:56","post_date_gmt":"2022-10-14 12:21:56","post_content":"","post_title":"ABI\u00c1N SAN GIL","post_excerpt":"","post_status":"publish","comment_status":"closed","ping_status":"closed","post_password":"","post_name":"abian-san-gil","to_ping":"","pinged":"","post_modified":"2022-10-14 14:21:56","post_modified_gmt":"2022-10-14 12:21:56","post_content_filtered":"","post_parent":0,"guid":"http:\/\/dev.claret.cat\/autor\/abian-san-gil\/","menu_order":0,"post_type":"autor","post_mime_type":"","comment_count":"0","filter":"raw"},{"ID":154912,"post_author":"3","post_date":"2022-10-14 15:08:39","post_date_gmt":"2022-10-14 13:08:39","post_content":"","post_title":"ELS L\u00d3PEZ","post_excerpt":"","post_status":"publish","comment_status":"closed","ping_status":"closed","post_password":"","post_name":"els-lopez","to_ping":"","pinged":"","post_modified":"2022-10-14 15:08:39","post_modified_gmt":"2022-10-14 13:08:39","post_content_filtered":"","post_parent":0,"guid":"http:\/\/dev.claret.cat\/autor\/els-lopez\/","menu_order":0,"post_type":"autor","post_mime_type":"","comment_count":"0","filter":"raw"},{"ID":156498,"post_author":"3","post_date":"2022-10-14 15:21:17","post_date_gmt":"2022-10-14 13:21:17","post_content":"","post_title":"GABI MART\u00cdNEZ","post_excerpt":"","post_status":"publish","comment_status":"closed","ping_status":"closed","post_password":"","post_name":"gabi-martinez","to_ping":"","pinged":"","post_modified":"2022-10-14 15:21:17","post_modified_gmt":"2022-10-14 13:21:17","post_content_filtered":"","post_parent":0,"guid":"http:\/\/dev.claret.cat\/autor\/gabi-martinez\/","menu_order":0,"post_type":"autor","post_mime_type":"","comment_count":"0","filter":"raw"},{"ID":150172,"post_author":"3","post_date":"2022-10-14 14:30:49","post_date_gmt":"2022-10-14 12:30:49","post_content":"","post_title":"ANDER IZAGIRRE","post_excerpt":"","post_status":"publish","comment_status":"closed","ping_status":"closed","post_password":"","post_name":"ander-izagirre","to_ping":"","pinged":"","post_modified":"2022-10-14 14:30:49","post_modified_gmt":"2022-10-14 12:30:49","post_content_filtered":"","post_parent":0,"guid":"http:\/\/dev.claret.cat\/autor\/ander-izagirre\/","menu_order":0,"post_type":"autor","post_mime_type":"","comment_count":"0","filter":"raw"}]},"aioseo_notices":[],"_links":{"self":[{"href":"https:\/\/www.claret.cat\/es\/wp-json\/wp\/v2\/product\/47457","targetHints":{"allow":["GET"]}}],"collection":[{"href":"https:\/\/www.claret.cat\/es\/wp-json\/wp\/v2\/product"}],"about":[{"href":"https:\/\/www.claret.cat\/es\/wp-json\/wp\/v2\/types\/product"}],"wp:featuredmedia":[{"embeddable":true,"href":"https:\/\/www.claret.cat\/es\/wp-json\/wp\/v2\/media\/452043"}],"wp:attachment":[{"href":"https:\/\/www.claret.cat\/es\/wp-json\/wp\/v2\/media?parent=47457"}],"wp:term":[{"taxonomy":"product_brand","embeddable":true,"href":"https:\/\/www.claret.cat\/es\/wp-json\/wp\/v2\/product_brand?post=47457"},{"taxonomy":"product_cat","embeddable":true,"href":"https:\/\/www.claret.cat\/es\/wp-json\/wp\/v2\/product_cat?post=47457"},{"taxonomy":"product_tag","embeddable":true,"href":"https:\/\/www.claret.cat\/es\/wp-json\/wp\/v2\/product_tag?post=47457"}],"curies":[{"name":"wp","href":"https:\/\/api.w.org\/{rel}","templated":true}]}}