{"id":47526,"date":"2022-10-02T22:40:38","date_gmt":"2022-10-02T20:40:38","guid":{"rendered":"http:\/\/dev.claret.cat\/producte\/btt-a-barcelona-for-tiny-travelers\/"},"modified":"2023-01-28T19:02:46","modified_gmt":"2023-01-28T18:02:46","slug":"btta-barcelona-for-tiny-travelers-9788484788805","status":"publish","type":"product","link":"https:\/\/www.claret.cat\/es\/libro\/btta-barcelona-for-tiny-travelers-9788484788805\/","title":{"rendered":"BTT-A BARCELONA FOR TINY TRAVELERS"},"content":{"rendered":"<p>Barcelona per a petits viatgers porta la canalla de passeig pels llocs m\u00e9s coneguts de Barcelona. Puja a la muntanya russa del Tibidabo, explora les obres de Gaud\u00ed o gaudeix de les vistes del mar des del telef\u00e8ric! Inclou un diccionari il\u00b7lustrat castell\u00e0-angl\u00e8s amb qu\u00e8 els petits lectors podran aprendre algunes frases en castell\u00e0 en cadascun d&#8221;aquest llocs tan divertits.<\/p>\n","protected":false},"excerpt":{"rendered":"<p>HIBLER, ABBIE<\/p>\n","protected":false},"featured_media":62300,"template":"","meta":{"_acf_changed":false,"om_disable_all_campaigns":false,"rs_blank_template":"","rs_page_bg_color":"","slide_template_v7":"","inline_featured_image":false,"_monsterinsights_skip_tracking":false,"_monsterinsights_sitenote_active":false,"_monsterinsights_sitenote_note":"","_monsterinsights_sitenote_category":0},"product_brand":[],"product_cat":[131],"product_tag":[],"class_list":{"0":"post-47526","1":"product","2":"type-product","3":"status-publish","4":"has-post-thumbnail","6":"product_cat-contes-per-infants-0-6-anys","8":"first","9":"instock","10":"taxable","11":"shipping-taxable","12":"purchasable","13":"product-type-simple"},"acf":{"autor":"HIBLER, ABBIE","codart":"848478880","libros-coleccion":"S\u00e8rie E","ediciones":"1","encuadernacion":"Carpeta","fecha_de_publicacion":"01\/09\/2019","novedad":"1","paginas":"120","subtitulo":"","orden":"0","portada":"0","idioma":"eng","editorial":[{"ID":148898,"post_author":"3","post_date":"2022-10-14 12:01:51","post_date_gmt":"2022-10-14 10:01:51","post_content":"","post_title":"TRIANGLE POSTALS","post_excerpt":"","post_status":"publish","comment_status":"closed","ping_status":"closed","post_password":"","post_name":"triangle-postals","to_ping":"","pinged":"","post_modified":"2022-10-14 12:01:51","post_modified_gmt":"2022-10-14 10:01:51","post_content_filtered":"","post_parent":0,"guid":"http:\/\/dev.claret.cat\/editorial\/triangle-postals\/","menu_order":0,"post_type":"editorial","post_mime_type":"","comment_count":"0","filter":"raw"}],"autores-libros":[{"ID":149062,"post_author":"3","post_date":"2022-10-14 14:21:51","post_date_gmt":"2022-10-14 12:21:51","post_content":"","post_title":"ABBIE HIBLER","post_excerpt":"","post_status":"publish","comment_status":"closed","ping_status":"closed","post_password":"","post_name":"abbie-hibler","to_ping":"","pinged":"","post_modified":"2022-10-14 14:21:51","post_modified_gmt":"2022-10-14 12:21:51","post_content_filtered":"","post_parent":0,"guid":"http:\/\/dev.claret.cat\/autor\/abbie-hibler\/","menu_order":0,"post_type":"autor","post_mime_type":"","comment_count":"0","filter":"raw"}]},"aioseo_notices":[],"_links":{"self":[{"href":"https:\/\/www.claret.cat\/es\/wp-json\/wp\/v2\/product\/47526","targetHints":{"allow":["GET"]}}],"collection":[{"href":"https:\/\/www.claret.cat\/es\/wp-json\/wp\/v2\/product"}],"about":[{"href":"https:\/\/www.claret.cat\/es\/wp-json\/wp\/v2\/types\/product"}],"wp:featuredmedia":[{"embeddable":true,"href":"https:\/\/www.claret.cat\/es\/wp-json\/wp\/v2\/media\/62300"}],"wp:attachment":[{"href":"https:\/\/www.claret.cat\/es\/wp-json\/wp\/v2\/media?parent=47526"}],"wp:term":[{"taxonomy":"product_brand","embeddable":true,"href":"https:\/\/www.claret.cat\/es\/wp-json\/wp\/v2\/product_brand?post=47526"},{"taxonomy":"product_cat","embeddable":true,"href":"https:\/\/www.claret.cat\/es\/wp-json\/wp\/v2\/product_cat?post=47526"},{"taxonomy":"product_tag","embeddable":true,"href":"https:\/\/www.claret.cat\/es\/wp-json\/wp\/v2\/product_tag?post=47526"}],"curies":[{"name":"wp","href":"https:\/\/api.w.org\/{rel}","templated":true}]}}