{"id":47616,"date":"2022-10-02T22:41:55","date_gmt":"2022-10-02T20:41:55","guid":{"rendered":"http:\/\/dev.claret.cat\/producte\/mbsf-e-basilica-de-la-sagrada-familia-guia-iconografica\/"},"modified":"2025-07-09T16:30:48","modified_gmt":"2025-07-09T14:30:48","slug":"mbsfe-basilica-de-la-sagrada-familia-guia-iconografica-9788484788478","status":"publish","type":"product","link":"https:\/\/www.claret.cat\/es\/libro\/mbsfe-basilica-de-la-sagrada-familia-guia-iconografica-9788484788478\/","title":{"rendered":"MBSF-E BAS\u00cdLICA DE LA SAGRADA FAMILIA, GU\u00cdA ICONOGR\u00c1FICA"},"content":{"rendered":"<p>En aquesta guia t&#8221;expliquem en detall la iconografia i simbologia de cada una de les escenes que es troben a les dues fa\u00e7anes principals de la Bas\u00edlica de la Sagrada Fam\u00edlia, la Fa\u00e7ana de la Passi\u00f3 i la del Naixement, que contenen multitud de detalls plens d&#8221;al\u00b7legories i misticisme.<\/p>\n","protected":false},"excerpt":{"rendered":"<p>LIZ RODR\u00cdGUEZ, JOSEP<\/p>\n","protected":false},"featured_media":62360,"template":"","meta":{"_acf_changed":false,"om_disable_all_campaigns":false,"rs_blank_template":"","rs_page_bg_color":"","slide_template_v7":"","inline_featured_image":false,"_monsterinsights_skip_tracking":false,"_monsterinsights_sitenote_active":false,"_monsterinsights_sitenote_note":"","_monsterinsights_sitenote_category":0},"product_brand":[],"product_cat":[90,540],"product_tag":[],"class_list":{"0":"post-47616","1":"product","2":"type-product","3":"status-publish","4":"has-post-thumbnail","6":"product_cat-altres","7":"product_cat-otros","9":"first","10":"instock","11":"taxable","12":"shipping-taxable","13":"purchasable","14":"product-type-simple"},"acf":{"autor":"LIZ RODR\u00cdGUEZ, JOSEP","codart":"848478847","libros-coleccion":"FORA DE COL.LECCI\u00d3","ediciones":"1","encuadernacion":"Carpeta","fecha_de_publicacion":"01\/08\/2019","novedad":"1","paginas":"1","subtitulo":"FACHADAS DEL NACIMIENTO Y DE LA PASI\u00d3N","orden":"0","portada":"0","idioma":"spa","editorial":[{"ID":148898,"post_author":"3","post_date":"2022-10-14 12:01:51","post_date_gmt":"2022-10-14 10:01:51","post_content":"","post_title":"TRIANGLE POSTALS","post_excerpt":"","post_status":"publish","comment_status":"closed","ping_status":"closed","post_password":"","post_name":"triangle-postals","to_ping":"","pinged":"","post_modified":"2022-10-14 12:01:51","post_modified_gmt":"2022-10-14 10:01:51","post_content_filtered":"","post_parent":0,"guid":"http:\/\/dev.claret.cat\/editorial\/triangle-postals\/","menu_order":0,"post_type":"editorial","post_mime_type":"","comment_count":"0","filter":"raw"}],"autores-libros":[{"ID":160692,"post_author":"3","post_date":"2022-10-14 15:55:07","post_date_gmt":"2022-10-14 13:55:07","post_content":"","post_title":"JOSEP LIZ RODR\u00cdGUEZ","post_excerpt":"","post_status":"publish","comment_status":"closed","ping_status":"closed","post_password":"","post_name":"josep-liz-rodriguez","to_ping":"","pinged":"","post_modified":"2022-10-14 15:55:07","post_modified_gmt":"2022-10-14 13:55:07","post_content_filtered":"","post_parent":0,"guid":"http:\/\/dev.claret.cat\/autor\/josep-liz-rodriguez\/","menu_order":0,"post_type":"autor","post_mime_type":"","comment_count":"0","filter":"raw"}],"booktrailer":"","resenas":""},"aioseo_notices":[],"_links":{"self":[{"href":"https:\/\/www.claret.cat\/es\/wp-json\/wp\/v2\/product\/47616","targetHints":{"allow":["GET"]}}],"collection":[{"href":"https:\/\/www.claret.cat\/es\/wp-json\/wp\/v2\/product"}],"about":[{"href":"https:\/\/www.claret.cat\/es\/wp-json\/wp\/v2\/types\/product"}],"wp:featuredmedia":[{"embeddable":true,"href":"https:\/\/www.claret.cat\/es\/wp-json\/wp\/v2\/media\/62360"}],"wp:attachment":[{"href":"https:\/\/www.claret.cat\/es\/wp-json\/wp\/v2\/media?parent=47616"}],"wp:term":[{"taxonomy":"product_brand","embeddable":true,"href":"https:\/\/www.claret.cat\/es\/wp-json\/wp\/v2\/product_brand?post=47616"},{"taxonomy":"product_cat","embeddable":true,"href":"https:\/\/www.claret.cat\/es\/wp-json\/wp\/v2\/product_cat?post=47616"},{"taxonomy":"product_tag","embeddable":true,"href":"https:\/\/www.claret.cat\/es\/wp-json\/wp\/v2\/product_tag?post=47616"}],"curies":[{"name":"wp","href":"https:\/\/api.w.org\/{rel}","templated":true}]}}