{"id":47637,"date":"2022-10-02T22:42:17","date_gmt":"2022-10-02T20:42:17","guid":{"rendered":"http:\/\/dev.claret.cat\/producte\/las-deliciosas-aventuras-de-los-hermanos-roca\/"},"modified":"2023-01-28T15:09:24","modified_gmt":"2023-01-28T14:09:24","slug":"las-deliciosas-aventuras-de-los-hermanos-roca-9788408249382","status":"publish","type":"product","link":"https:\/\/www.claret.cat\/es\/libro\/las-deliciosas-aventuras-de-los-hermanos-roca-9788408249382\/","title":{"rendered":"LAS DELICIOSAS AVENTURAS DE LOS HERMANOS ROCA"},"content":{"rendered":"<p>Cocina es sin\u00f3nimo de casa, recuerdo, calor y momentos compartidos. Cocina es \u00abhogar\u00bb, pero tambi\u00e9n \u00ablaboratorio\u00bb, el espacio donde desde peque\u00f1os somos testigos de la transformaci\u00f3n de la materia. Un espacio para la experimentaci\u00f3n en toda regla y, al mismo tiempo, un lugar donde bullen la tradici\u00f3n, los recuerdos y las historias.<br \/> De la mano de El Celler de Can Roca, referente de tradici\u00f3n, innovaci\u00f3n y creatividad, partiremos en un viaje personal a trav\u00e9s de recuerdos de la ni\u00f1ez de los tres hermanos. Cada recuerdo estar\u00e1 ligado a una receta que lo acompa\u00f1a y, a la vez, en ella veremos revelados los secretos de la ciencia de la cocina.<br \/> Todo el libro es una invitaci\u00f3n para que lectores conozcan de cerca El Celler de Can Roca y creen momentos de diversi\u00f3n y recuerdo en la cocina.<\/p>\n","protected":false},"excerpt":{"rendered":"<p>ROCA, JOSEP \/ ROCA, JORDI \/ LAUFER \/ ROCA, JOAN<\/p>\n","protected":false},"featured_media":62376,"template":"","meta":{"_acf_changed":false,"om_disable_all_campaigns":false,"rs_blank_template":"","rs_page_bg_color":"","slide_template_v7":"","inline_featured_image":false,"_monsterinsights_skip_tracking":false,"_monsterinsights_sitenote_active":false,"_monsterinsights_sitenote_note":"","_monsterinsights_sitenote_category":0},"product_brand":[],"product_cat":[104],"product_tag":[],"class_list":{"0":"post-47637","1":"product","2":"type-product","3":"status-publish","4":"has-post-thumbnail","6":"product_cat-ciencia","8":"first","9":"instock","10":"taxable","11":"shipping-taxable","12":"purchasable","13":"product-type-simple"},"acf":{"autor":"ROCA, JOSEP \/ ROCA, JORDI \/ LAUFER \/ ROCA, JOAN","codart":"840824938","libros-coleccion":"Libros de conocimiento","ediciones":"1","encuadernacion":"Carton\u00e9","fecha_de_publicacion":"01\/11\/2021","novedad":"1","paginas":"156","subtitulo":"DESPIERTA LA CURIOSIDAD CIENT\u00cdFICA A TRAV\u00c9S DE LA COCINA","orden":"0","portada":"0","idioma":"spa","editorial":[{"ID":6233,"post_author":"3","post_date":"2022-07-28 17:47:48","post_date_gmt":"2022-07-28 15:47:48","post_content":"","post_title":"EDITORIAL PLANETA","post_excerpt":"","post_status":"publish","comment_status":"closed","ping_status":"closed","post_password":"","post_name":"editorial-planeta","to_ping":"","pinged":"","post_modified":"2022-07-28 17:47:48","post_modified_gmt":"2022-07-28 15:47:48","post_content_filtered":"","post_parent":0,"guid":"http:\/\/dev.claret.cat\/editorial\/editorial-planeta\/","menu_order":0,"post_type":"editorial","post_mime_type":"","comment_count":"0","filter":"raw"}],"autores-libros":[{"ID":160820,"post_author":"3","post_date":"2022-10-14 15:56:09","post_date_gmt":"2022-10-14 13:56:09","post_content":"","post_title":"JOSEP ROCA","post_excerpt":"","post_status":"publish","comment_status":"closed","ping_status":"closed","post_password":"","post_name":"josep-roca","to_ping":"","pinged":"","post_modified":"2022-10-14 15:56:09","post_modified_gmt":"2022-10-14 13:56:09","post_content_filtered":"","post_parent":0,"guid":"http:\/\/dev.claret.cat\/autor\/josep-roca\/","menu_order":0,"post_type":"autor","post_mime_type":"","comment_count":"0","filter":"raw"},{"ID":161902,"post_author":"3","post_date":"2022-10-14 17:26:47","post_date_gmt":"2022-10-14 15:26:47","post_content":"","post_title":"LAUFER","post_excerpt":"","post_status":"publish","comment_status":"closed","ping_status":"closed","post_password":"","post_name":"laufer","to_ping":"","pinged":"","post_modified":"2022-10-14 17:26:47","post_modified_gmt":"2022-10-14 15:26:47","post_content_filtered":"","post_parent":0,"guid":"http:\/\/dev.claret.cat\/autor\/laufer\/","menu_order":0,"post_type":"autor","post_mime_type":"","comment_count":"0","filter":"raw"},{"ID":159992,"post_author":"3","post_date":"2022-10-14 15:49:24","post_date_gmt":"2022-10-14 13:49:24","post_content":"","post_title":"JORDI ROCA","post_excerpt":"","post_status":"publish","comment_status":"closed","ping_status":"closed","post_password":"","post_name":"jordi-roca","to_ping":"","pinged":"","post_modified":"2022-10-14 15:49:24","post_modified_gmt":"2022-10-14 13:49:24","post_content_filtered":"","post_parent":0,"guid":"http:\/\/dev.claret.cat\/autor\/jordi-roca\/","menu_order":0,"post_type":"autor","post_mime_type":"","comment_count":"0","filter":"raw"},{"ID":159410,"post_author":"3","post_date":"2022-10-14 15:44:37","post_date_gmt":"2022-10-14 13:44:37","post_content":"","post_title":"JOAN ROCA","post_excerpt":"","post_status":"publish","comment_status":"closed","ping_status":"closed","post_password":"","post_name":"joan-roca","to_ping":"","pinged":"","post_modified":"2022-10-14 15:44:37","post_modified_gmt":"2022-10-14 13:44:37","post_content_filtered":"","post_parent":0,"guid":"http:\/\/dev.claret.cat\/autor\/joan-roca\/","menu_order":0,"post_type":"autor","post_mime_type":"","comment_count":"0","filter":"raw"}]},"aioseo_notices":[],"_links":{"self":[{"href":"https:\/\/www.claret.cat\/es\/wp-json\/wp\/v2\/product\/47637","targetHints":{"allow":["GET"]}}],"collection":[{"href":"https:\/\/www.claret.cat\/es\/wp-json\/wp\/v2\/product"}],"about":[{"href":"https:\/\/www.claret.cat\/es\/wp-json\/wp\/v2\/types\/product"}],"wp:featuredmedia":[{"embeddable":true,"href":"https:\/\/www.claret.cat\/es\/wp-json\/wp\/v2\/media\/62376"}],"wp:attachment":[{"href":"https:\/\/www.claret.cat\/es\/wp-json\/wp\/v2\/media?parent=47637"}],"wp:term":[{"taxonomy":"product_brand","embeddable":true,"href":"https:\/\/www.claret.cat\/es\/wp-json\/wp\/v2\/product_brand?post=47637"},{"taxonomy":"product_cat","embeddable":true,"href":"https:\/\/www.claret.cat\/es\/wp-json\/wp\/v2\/product_cat?post=47637"},{"taxonomy":"product_tag","embeddable":true,"href":"https:\/\/www.claret.cat\/es\/wp-json\/wp\/v2\/product_tag?post=47637"}],"curies":[{"name":"wp","href":"https:\/\/api.w.org\/{rel}","templated":true}]}}