{"id":47682,"date":"2022-10-02T22:43:08","date_gmt":"2022-10-02T20:43:08","guid":{"rendered":"http:\/\/dev.claret.cat\/producte\/dune-nueva-edicion-las-cronicas-de-dune-1\/"},"modified":"2026-03-02T18:55:06","modified_gmt":"2026-03-02T17:55:06","slug":"dune-nueva-edicion-las-cronicas-de-dune-1-9788466353779","status":"publish","type":"product","link":"https:\/\/www.claret.cat\/es\/libro\/dune-nueva-edicion-las-cronicas-de-dune-1-9788466353779\/","title":{"rendered":"DUNE (NUEVA EDICI\u00d3N) (LAS CR\u00d3NICAS DE DUNE 1)"},"content":{"rendered":"<p>La mayor epopeya de todos los tiempos, en nueva edici\u00f3n con la traducci\u00f3n corregida en 2019. En el des\u00e9rtico planeta Arrakis, el agua es el bien m\u00e1s preciado y  llorar a los muertos, el s\u00edmbolo de m\u00e1xima prodigalidad. Pero algo hace de Arrakis una pieza estrat\u00e9gica para los intereses del Emperador, las Grandes Casas y la Cofrad\u00eda, los tres grandes poderes   de la galaxia. Arrakis es el \u00fanico origen conocido de la melange,  preciosa especia y uno de los bienes m\u00e1s codiciados del universo. Al duque Leto Atreides se le asigna el gobierno de este mundo inh\u00f3spito,  habitado por los ind\u00f3mitos Fremen y monstruosos gusanos de  arena de  centenares de metros de longitud. Sin embargo, cuando la familia es traicionada, su hijo y heredero, Paul, emprender\u00e1 un viaje hacia un destino m\u00e1s grande del que jam\u00e1s hubiese podido so\u00f1ar. Mezcla fascinante de aventura, misticismo, intrigas pol\u00edticas y ecologismo, Dune se convirti\u00f3, desde el momento de su publicaci\u00f3n, en un fen\u00f3meno de culto y en la mayor epopeya de ciencia-ficci\u00f3n de todos los tiempos. La cr\u00edtica ha dicho&#8230;<br \/>\u00abNo conozco nada comparable, excepto El Se\u00f1or de los Anillos.\u00bb<br \/>Arthur C. Clarke \u00abEs muy probable que Dune sea m\u00e1s vigente a d\u00eda de hoy que cuando fue sali\u00f3 a la luz.\u00bb<br \/>The New Yorker \u00abUn fen\u00f3meno impresionante.\u00bb<br \/>The Washington Post \u00abUno de los monumentos de la ciencia-ficci\u00f3n moderna.\u00bb<br \/>The Chicago Tribune<\/p>\n","protected":false},"excerpt":{"rendered":"<p>HERBERT, FRANK<\/p>\n","protected":false},"featured_media":62406,"template":"","meta":{"_acf_changed":false,"om_disable_all_campaigns":false,"rs_blank_template":"","rs_page_bg_color":"","slide_template_v7":"","inline_featured_image":false,"_monsterinsights_skip_tracking":false,"_monsterinsights_sitenote_active":false,"_monsterinsights_sitenote_note":"","_monsterinsights_sitenote_category":0},"product_brand":[],"product_cat":[127,357],"product_tag":[],"class_list":{"0":"post-47682","1":"product","2":"type-product","3":"status-publish","4":"has-post-thumbnail","6":"product_cat-novella-contemporania","7":"product_cat-novela-contemporanea","9":"first","10":"instock","11":"taxable","12":"shipping-taxable","13":"purchasable","14":"product-type-simple"},"acf":{"autor":"HERBERT, FRANK","codart":"846635377","libros-coleccion":"FORA DE COL.LECCI\u00d3","ediciones":"1","encuadernacion":"R\u00fastica","fecha_de_publicacion":"01\/03\/2021","novedad":"1","paginas":"784","subtitulo":"","orden":"0","portada":"0","idioma":"spa","editorial":[{"ID":6178,"post_author":"3","post_date":"2022-07-28 17:46:34","post_date_gmt":"2022-07-28 15:46:34","post_content":"","post_title":"DEBOLSILLO","post_excerpt":"","post_status":"publish","comment_status":"closed","ping_status":"closed","post_password":"","post_name":"debolsillo","to_ping":"","pinged":"","post_modified":"2022-07-28 17:46:34","post_modified_gmt":"2022-07-28 15:46:34","post_content_filtered":"","post_parent":0,"guid":"http:\/\/dev.claret.cat\/editorial\/debolsillo\/","menu_order":0,"post_type":"editorial","post_mime_type":"","comment_count":"0","filter":"raw"}],"autores-libros":[{"ID":5493,"post_author":"3","post_date":"2022-07-28 17:25:10","post_date_gmt":"2022-07-28 15:25:10","post_content":"","post_title":"FRANK HERBERT","post_excerpt":"","post_status":"publish","comment_status":"closed","ping_status":"closed","post_password":"","post_name":"frank-herbert","to_ping":"","pinged":"","post_modified":"2022-07-28 17:25:10","post_modified_gmt":"2022-07-28 15:25:10","post_content_filtered":"","post_parent":0,"guid":"http:\/\/dev.claret.cat\/autor\/frank-herbert\/","menu_order":0,"post_type":"autor","post_mime_type":"","comment_count":"0","filter":"raw"}],"booktrailer":"","resenas":""},"aioseo_notices":[],"_links":{"self":[{"href":"https:\/\/www.claret.cat\/es\/wp-json\/wp\/v2\/product\/47682","targetHints":{"allow":["GET"]}}],"collection":[{"href":"https:\/\/www.claret.cat\/es\/wp-json\/wp\/v2\/product"}],"about":[{"href":"https:\/\/www.claret.cat\/es\/wp-json\/wp\/v2\/types\/product"}],"wp:featuredmedia":[{"embeddable":true,"href":"https:\/\/www.claret.cat\/es\/wp-json\/wp\/v2\/media\/62406"}],"wp:attachment":[{"href":"https:\/\/www.claret.cat\/es\/wp-json\/wp\/v2\/media?parent=47682"}],"wp:term":[{"taxonomy":"product_brand","embeddable":true,"href":"https:\/\/www.claret.cat\/es\/wp-json\/wp\/v2\/product_brand?post=47682"},{"taxonomy":"product_cat","embeddable":true,"href":"https:\/\/www.claret.cat\/es\/wp-json\/wp\/v2\/product_cat?post=47682"},{"taxonomy":"product_tag","embeddable":true,"href":"https:\/\/www.claret.cat\/es\/wp-json\/wp\/v2\/product_tag?post=47682"}],"curies":[{"name":"wp","href":"https:\/\/api.w.org\/{rel}","templated":true}]}}