{"id":47739,"date":"2022-10-02T22:44:04","date_gmt":"2022-10-02T20:44:04","guid":{"rendered":"http:\/\/dev.claret.cat\/producte\/pandemia-y-posverdad\/"},"modified":"2024-05-17T15:46:48","modified_gmt":"2024-05-17T13:46:48","slug":"pandemia-y-posverdad-9788417796587","status":"publish","type":"product","link":"https:\/\/www.claret.cat\/es\/libro\/pandemia-y-posverdad-9788417796587\/","title":{"rendered":"PANDEMIA Y POSVERDAD"},"content":{"rendered":"<p>Estamos personalizando a los robots y, a la vez, estamos robotizando a las personas. Parece una paradoja. No lo es. Contrastando las cl\u00e1sicas novelas dist\u00f3picas de Orwell y Huxley con las propuestas del Foro Econ\u00f3mico Mundial y otros heraldos del poder pol\u00edtico y econ\u00f3mico, Pandemia y posverdad analiza multitud de acontecimientos<br \/>\ninesperados que nos toca comprender. Escrita con rigor y no sin iron\u00eda, con estilo<br \/>\nfluido, ritmo intenso y horizonte omniabarcante \u2014de la literatura contempor\u00e1nea a los estudios pioneros sobre biolog\u00eda y ciencias de la salud, de la filosof\u00eda y la psicolog\u00eda a la sociolog\u00eda del poder pol\u00edtico, digital y financiero\u2014, la obra arroja luz sobre las complejidades que envuelven a la pandemia. Y sobre lo que se mueve en el fondo de las corrientes que desde hace ya tiempo est\u00e1n transformando<br \/>\nel mundo. Una invitaci\u00f3n a ver m\u00e1s all\u00e1 de las m\u00e1scaras y a restablecer el sentido com\u00fan en relaci\u00f3n con la tecnolog\u00eda, la salud y la vida.<\/p>\n","protected":false},"excerpt":{"rendered":"<p>PIGEM, JORDI<\/p>\n","protected":false},"featured_media":294675,"template":"","meta":{"_acf_changed":false,"om_disable_all_campaigns":false,"rs_blank_template":"","rs_page_bg_color":"","slide_template_v7":"","inline_featured_image":false,"_monsterinsights_skip_tracking":false,"_monsterinsights_sitenote_active":false,"_monsterinsights_sitenote_note":"","_monsterinsights_sitenote_category":0},"product_brand":[],"product_cat":[308,569,120],"product_tag":[],"class_list":{"0":"post-47739","1":"product","2":"type-product","3":"status-publish","4":"has-post-thumbnail","6":"product_cat-castella","7":"product_cat-politica-2_humanidades-spa","8":"product_cat-politica","10":"first","11":"instock","12":"taxable","13":"shipping-taxable","14":"purchasable","15":"product-type-simple"},"acf":{"autor":"PIGEM, JORDI","codart":"841779658","libros-coleccion":"Fragmentos","ediciones":"1","encuadernacion":"R\u00fastica","fecha_de_publicacion":"01\/11\/2021","novedad":"1","paginas":"141","subtitulo":"LA VIDA, LA CONCIENCIA Y LA CUARTA REVOLUCI\u00d3N INDUSTRIAL","orden":"1000","portada":"0","idioma":"spa","editorial":[{"ID":6258,"post_author":"3","post_date":"2022-07-28 17:48:20","post_date_gmt":"2022-07-28 15:48:20","post_content":"","post_title":"FRAGMENTA EDITORIAL","post_excerpt":"","post_status":"publish","comment_status":"closed","ping_status":"closed","post_password":"","post_name":"fragmenta-editorial","to_ping":"","pinged":"","post_modified":"2022-07-28 17:48:20","post_modified_gmt":"2022-07-28 15:48:20","post_content_filtered":"","post_parent":0,"guid":"http:\/\/dev.claret.cat\/editorial\/fragmenta-editorial\/","menu_order":0,"post_type":"editorial","post_mime_type":"","comment_count":"0","filter":"raw"}],"autores-libros":[{"ID":159976,"post_author":"3","post_date":"2022-10-14 15:49:17","post_date_gmt":"2022-10-14 13:49:17","post_content":"","post_title":"JORDI PIGEM","post_excerpt":"","post_status":"publish","comment_status":"closed","ping_status":"closed","post_password":"","post_name":"jordi-pigem","to_ping":"","pinged":"","post_modified":"2022-10-14 15:49:17","post_modified_gmt":"2022-10-14 13:49:17","post_content_filtered":"","post_parent":0,"guid":"http:\/\/dev.claret.cat\/autor\/jordi-pigem\/","menu_order":0,"post_type":"autor","post_mime_type":"","comment_count":"0","filter":"raw"}],"traductores-libros":"","ilustradores-libros":"","formato":"","linkebook":"","precioebook":"","ebookportada":false,"ficha":"","muestra":"","presentacion":"","booktrailer":"","resenas":"","recomendamos":"","mas_vendido":""},"aioseo_notices":[],"_links":{"self":[{"href":"https:\/\/www.claret.cat\/es\/wp-json\/wp\/v2\/product\/47739","targetHints":{"allow":["GET"]}}],"collection":[{"href":"https:\/\/www.claret.cat\/es\/wp-json\/wp\/v2\/product"}],"about":[{"href":"https:\/\/www.claret.cat\/es\/wp-json\/wp\/v2\/types\/product"}],"wp:featuredmedia":[{"embeddable":true,"href":"https:\/\/www.claret.cat\/es\/wp-json\/wp\/v2\/media\/294675"}],"wp:attachment":[{"href":"https:\/\/www.claret.cat\/es\/wp-json\/wp\/v2\/media?parent=47739"}],"wp:term":[{"taxonomy":"product_brand","embeddable":true,"href":"https:\/\/www.claret.cat\/es\/wp-json\/wp\/v2\/product_brand?post=47739"},{"taxonomy":"product_cat","embeddable":true,"href":"https:\/\/www.claret.cat\/es\/wp-json\/wp\/v2\/product_cat?post=47739"},{"taxonomy":"product_tag","embeddable":true,"href":"https:\/\/www.claret.cat\/es\/wp-json\/wp\/v2\/product_tag?post=47739"}],"curies":[{"name":"wp","href":"https:\/\/api.w.org\/{rel}","templated":true}]}}