{"id":47763,"date":"2022-10-02T22:44:27","date_gmt":"2022-10-02T20:44:27","guid":{"rendered":"http:\/\/dev.claret.cat\/producte\/les-delicioses-aventures-dels-germans-roca\/"},"modified":"2025-10-20T21:51:19","modified_gmt":"2025-10-20T19:51:19","slug":"les-delicioses-aventures-dels-germans-roca-9788413890913","status":"publish","type":"product","link":"https:\/\/www.claret.cat\/es\/libro\/les-delicioses-aventures-dels-germans-roca-9788413890913\/","title":{"rendered":"LES DELICIOSES AVENTURES DELS GERMANS ROCA"},"content":{"rendered":"<p>Cuina \u00e9s sin\u00f2nim de casa,\u00a0records, escalfor i moments compartits.<br \/> Cuina \u00e9s \u00abllar\u00bb, per\u00f2 tamb\u00e9 \u00ablaboratori\u00bb, \u00e9s l&#8217;espai on des de petits som testimonis de la transformaci\u00f3 de la mat\u00e8ria. Un espai per a l&#8217;experimentaci\u00f3 en tota regla i, a la vegada, un lloc on bullen la tradici\u00f3, els records i les hist\u00f2ries.<br \/> De la m\u00e0 d&#8217;El Celler de Can Roca, referent de tradici\u00f3, innovaci\u00f3 i creativitat, ens endinsarem en un viatge personal a trav\u00e9s dels records d&#8217;infantesa dels tres germans. Cada record estar\u00e0 lligat a una recepta que l&#8217;acompanya i, alhora, en ella trobarem revelats els secrets de la ci\u00e8ncia de la cuina.<br \/> Tot el llibre \u00e9s una invitaci\u00f3 perqu\u00e8 lectors coneguin de prop El Celler de Can Roca i crein moments de diversi\u00f3 i record en la cuina.<\/p>\n","protected":false},"excerpt":{"rendered":"<p>ROCA, JOSEP \/ ROCA, JORDI \/ ROCA, JOAN<\/p>\n","protected":false},"featured_media":62474,"template":"","meta":{"_acf_changed":false,"om_disable_all_campaigns":false,"rs_blank_template":"","rs_page_bg_color":"","slide_template_v7":"","inline_featured_image":false,"_monsterinsights_skip_tracking":false,"_monsterinsights_sitenote_active":false,"_monsterinsights_sitenote_note":"","_monsterinsights_sitenote_category":0},"product_brand":[],"product_cat":[132,553,103,362],"product_tag":[],"class_list":{"0":"post-47763","1":"product","2":"type-product","3":"status-publish","4":"has-post-thumbnail","6":"product_cat-lectures-per-preadolescents-6-12-anys","7":"product_cat-cocina","8":"product_cat-cuina","9":"product_cat-libros-preadolescentes-6-12-anos","11":"first","12":"instock","13":"taxable","14":"shipping-taxable","15":"purchasable","16":"product-type-simple"},"acf":{"autor":"ROCA, JOSEP \/ ROCA, JORDI \/ ROCA, JOAN","codart":"841389091","libros-coleccion":"Grans llibres","ediciones":"1","encuadernacion":"Carton\u00e9","fecha_de_publicacion":"01\/11\/2021","novedad":"1","paginas":"156","subtitulo":"DESPERTA LA CURIOSITAT CIENT\u00cdFICA A TRAV\u00c9S DE LA CUINA","orden":"0","portada":"0","idioma":"cat","editorial":[{"ID":6249,"post_author":"3","post_date":"2022-07-28 17:48:09","post_date_gmt":"2022-07-28 15:48:09","post_content":"","post_title":"Estrella Polar","post_excerpt":"","post_status":"publish","comment_status":"closed","ping_status":"closed","post_password":"","post_name":"estrella-polar","to_ping":"","pinged":"","post_modified":"2022-07-28 17:48:09","post_modified_gmt":"2022-07-28 15:48:09","post_content_filtered":"","post_parent":0,"guid":"http:\/\/dev.claret.cat\/editorial\/estrella-polar\/","menu_order":0,"post_type":"editorial","post_mime_type":"","comment_count":"0","filter":"raw"}],"autores-libros":[{"ID":160820,"post_author":"3","post_date":"2022-10-14 15:56:09","post_date_gmt":"2022-10-14 13:56:09","post_content":"","post_title":"JOSEP ROCA","post_excerpt":"","post_status":"publish","comment_status":"closed","ping_status":"closed","post_password":"","post_name":"josep-roca","to_ping":"","pinged":"","post_modified":"2022-10-14 15:56:09","post_modified_gmt":"2022-10-14 13:56:09","post_content_filtered":"","post_parent":0,"guid":"http:\/\/dev.claret.cat\/autor\/josep-roca\/","menu_order":0,"post_type":"autor","post_mime_type":"","comment_count":"0","filter":"raw"},{"ID":159992,"post_author":"3","post_date":"2022-10-14 15:49:24","post_date_gmt":"2022-10-14 13:49:24","post_content":"","post_title":"JORDI ROCA","post_excerpt":"","post_status":"publish","comment_status":"closed","ping_status":"closed","post_password":"","post_name":"jordi-roca","to_ping":"","pinged":"","post_modified":"2022-10-14 15:49:24","post_modified_gmt":"2022-10-14 13:49:24","post_content_filtered":"","post_parent":0,"guid":"http:\/\/dev.claret.cat\/autor\/jordi-roca\/","menu_order":0,"post_type":"autor","post_mime_type":"","comment_count":"0","filter":"raw"},{"ID":159410,"post_author":"3","post_date":"2022-10-14 15:44:37","post_date_gmt":"2022-10-14 13:44:37","post_content":"","post_title":"JOAN ROCA","post_excerpt":"","post_status":"publish","comment_status":"closed","ping_status":"closed","post_password":"","post_name":"joan-roca","to_ping":"","pinged":"","post_modified":"2022-10-14 15:44:37","post_modified_gmt":"2022-10-14 13:44:37","post_content_filtered":"","post_parent":0,"guid":"http:\/\/dev.claret.cat\/autor\/joan-roca\/","menu_order":0,"post_type":"autor","post_mime_type":"","comment_count":"0","filter":"raw"}],"booktrailer":"","resenas":""},"aioseo_notices":[],"_links":{"self":[{"href":"https:\/\/www.claret.cat\/es\/wp-json\/wp\/v2\/product\/47763","targetHints":{"allow":["GET"]}}],"collection":[{"href":"https:\/\/www.claret.cat\/es\/wp-json\/wp\/v2\/product"}],"about":[{"href":"https:\/\/www.claret.cat\/es\/wp-json\/wp\/v2\/types\/product"}],"wp:featuredmedia":[{"embeddable":true,"href":"https:\/\/www.claret.cat\/es\/wp-json\/wp\/v2\/media\/62474"}],"wp:attachment":[{"href":"https:\/\/www.claret.cat\/es\/wp-json\/wp\/v2\/media?parent=47763"}],"wp:term":[{"taxonomy":"product_brand","embeddable":true,"href":"https:\/\/www.claret.cat\/es\/wp-json\/wp\/v2\/product_brand?post=47763"},{"taxonomy":"product_cat","embeddable":true,"href":"https:\/\/www.claret.cat\/es\/wp-json\/wp\/v2\/product_cat?post=47763"},{"taxonomy":"product_tag","embeddable":true,"href":"https:\/\/www.claret.cat\/es\/wp-json\/wp\/v2\/product_tag?post=47763"}],"curies":[{"name":"wp","href":"https:\/\/api.w.org\/{rel}","templated":true}]}}