{"id":47868,"date":"2022-10-02T22:46:06","date_gmt":"2022-10-02T20:46:06","guid":{"rendered":"http:\/\/dev.claret.cat\/producte\/el-evangelio-de-lucas-1-9\/"},"modified":"2026-02-13T19:10:17","modified_gmt":"2026-02-13T18:10:17","slug":"el-evangelio-de-lucas-19-9788430121076","status":"publish","type":"product","link":"https:\/\/www.claret.cat\/es\/libro\/el-evangelio-de-lucas-19-9788430121076\/","title":{"rendered":"EL EVANGELIO DE LUCAS (1-9)"},"content":{"rendered":"<p>Entre los muchos comentarios que existen al tercer evangelio, este que el lector tiene entre sus manos se caracteriza por su original modo de contextualizar la narraci\u00f3n de Lucas sobre Jes\u00fas en la cultura del mundo romano del siglo I.<\/p>\n<p>La intenci\u00f3n del autor consiste en ver c\u00f3mo funciona cada episodio del relato en el desarrollo del conjunto del evangelio. En este sentido, el extenso an\u00e1lisis de la forma literaria y de la teolog\u00eda narrativa lucanas hace posible que la obra resulte comprensible y actual tanto para sus destinatarios originales como para los lectores contempor\u00e1neos.<\/p>\n<p>Por otra parte, al considerar la unidad narrativa de Lucas y Hechos de los ap\u00f3stoles, Green destaca que el n\u00facleo del plan de Dios no es otro que la oferta de la salvaci\u00f3n a todas las gentes. Al mismo tiempo subraya, teniendo presente como tel\u00f3n de fondo el conflictivo mundo mediterr\u00e1neo de aquel tiempo, que el prop\u00f3sito de Lucas-Hechos es apoyar a los primeros cristianos frente a una sociedad compuesta por numerosos grupos que se resisten a acoger la Buena Noticia. Por esa raz\u00f3n, el evangelista insistir\u00e1 en que los oyentes han de responder con su testimonio y constancia al prop\u00f3sito redentor y a la fidelidad del Dios de Jesucristo.<\/p>\n<p>El amplio an\u00e1lisis y el sugerente comentario de cada per\u00edcopa se completan con numerosas notas y excursus que permiten a los lectores especializados abordar el texto original y las complejas cuestiones cr\u00edticas y literarias de este genial evangelio.<\/p>\n","protected":false},"excerpt":{"rendered":"<p>GREEN, JOEL B.<\/p>\n","protected":false},"featured_media":1067882,"template":"","meta":{"_acf_changed":false,"om_disable_all_campaigns":false,"rs_blank_template":"","rs_page_bg_color":"","slide_template_v7":"","inline_featured_image":false,"_monsterinsights_skip_tracking":false,"_monsterinsights_sitenote_active":false,"_monsterinsights_sitenote_note":"","_monsterinsights_sitenote_category":0},"product_brand":[],"product_cat":[202,463],"product_tag":[],"class_list":{"0":"post-47868","1":"product","2":"type-product","3":"status-publish","4":"has-post-thumbnail","6":"product_cat-introduccio-n-t","7":"product_cat-introduccion-n-t","9":"first","10":"instock","11":"taxable","12":"shipping-taxable","13":"purchasable","14":"product-type-simple"},"acf":{"autor":"GREEN, JOEL B.","codart":"843012107","libros-coleccion":"","ediciones":"1","encuadernacion":"Carton\u00e9","fecha_de_publicacion":"29\/11\/2021","novedad":"1","paginas":"514","subtitulo":"","orden":"0","portada":"0","idioma":"spa","editorial":[{"ID":148817,"post_author":"3","post_date":"2022-10-14 12:01:13","post_date_gmt":"2022-10-14 10:01:13","post_content":"","post_title":"SIGUEME, EDICIONES","post_excerpt":"","post_status":"publish","comment_status":"closed","ping_status":"closed","post_password":"","post_name":"sigueme-ediciones","to_ping":"","pinged":"","post_modified":"2022-10-14 12:01:13","post_modified_gmt":"2022-10-14 10:01:13","post_content_filtered":"","post_parent":0,"guid":"http:\/\/dev.claret.cat\/editorial\/sigueme-ediciones\/","menu_order":0,"post_type":"editorial","post_mime_type":"","comment_count":"0","filter":"raw"}],"autores-libros":[{"ID":159570,"post_author":"3","post_date":"2022-10-14 15:45:56","post_date_gmt":"2022-10-14 13:45:56","post_content":"","post_title":"JOEL B. GREEN","post_excerpt":"","post_status":"publish","comment_status":"closed","ping_status":"closed","post_password":"","post_name":"joel-b-green","to_ping":"","pinged":"","post_modified":"2022-10-14 15:45:56","post_modified_gmt":"2022-10-14 13:45:56","post_content_filtered":"","post_parent":0,"guid":"http:\/\/dev.claret.cat\/autor\/joel-b-green\/","menu_order":0,"post_type":"autor","post_mime_type":"","comment_count":"0","filter":"raw"}],"booktrailer":"","resenas":""},"aioseo_notices":[],"_links":{"self":[{"href":"https:\/\/www.claret.cat\/es\/wp-json\/wp\/v2\/product\/47868","targetHints":{"allow":["GET"]}}],"collection":[{"href":"https:\/\/www.claret.cat\/es\/wp-json\/wp\/v2\/product"}],"about":[{"href":"https:\/\/www.claret.cat\/es\/wp-json\/wp\/v2\/types\/product"}],"wp:featuredmedia":[{"embeddable":true,"href":"https:\/\/www.claret.cat\/es\/wp-json\/wp\/v2\/media\/1067882"}],"wp:attachment":[{"href":"https:\/\/www.claret.cat\/es\/wp-json\/wp\/v2\/media?parent=47868"}],"wp:term":[{"taxonomy":"product_brand","embeddable":true,"href":"https:\/\/www.claret.cat\/es\/wp-json\/wp\/v2\/product_brand?post=47868"},{"taxonomy":"product_cat","embeddable":true,"href":"https:\/\/www.claret.cat\/es\/wp-json\/wp\/v2\/product_cat?post=47868"},{"taxonomy":"product_tag","embeddable":true,"href":"https:\/\/www.claret.cat\/es\/wp-json\/wp\/v2\/product_tag?post=47868"}],"curies":[{"name":"wp","href":"https:\/\/api.w.org\/{rel}","templated":true}]}}