{"id":47892,"date":"2022-10-02T22:46:28","date_gmt":"2022-10-02T20:46:28","guid":{"rendered":"http:\/\/dev.claret.cat\/producte\/orientacio-en-el-medi-natural\/"},"modified":"2023-07-14T19:00:29","modified_gmt":"2023-07-14T17:00:29","slug":"orientacio-en-el-medi-natural-9788413560892","status":"publish","type":"product","link":"https:\/\/www.claret.cat\/es\/libro\/orientacio-en-el-medi-natural-9788413560892\/","title":{"rendered":"ORIENTACI\u00d3 EN EL MEDI NATURAL"},"content":{"rendered":"<p>AMB EXPLICACIONS IMPRESCINDIBLES, PER APENDRE, PER EXEMPLE, COM S&#8221;HAN DE LLEGIR ELS MAPES O COM FER SERVIR LA BR\u00daIXOLA  Els humans utilitzem l&#8221;orientaci\u00f3 constantment\u00a0i ens \u00e9s imprescindible per accedir\u00a0a la natura amb seguretat. Per tant, la seva\u00a0coneixen\u00e7a \u00e9s un pilar formatiu fonamental,\u00a0encara que moltes vegades sigui l&#8221;assignatura\u00a0pendent, ja que es dona per sabuda i no\u00a0es treballa amb deteniment. L&#8221;objectiu d&#8221;aquest manual \u00e9s proporcionar\u00a0les nocions b\u00e0siques sobre l&#8221;orientaci\u00f3\u00a0en el medi natural. S&#8221;hi exposen els\u00a0fonaments s\u00f2lids per navegar per la natura\u00a0amb seguretat i confian\u00e7a. Per tant, s&#8221;hi\u00a0expliquen conceptes i t\u00e8cniques i s&#8221;hi ofereixen\u00a0recursos que permetin practicar i\u00a0millorar la capacitat d&#8221;orientaci\u00f3. Cal que\u00a0aprenguem a percebre tota la informaci\u00f3 i\u00a0a decidir la millor jugada, com en una partida\u00a0d&#8221;escacs, ja que, a partir d&#8221;ara, el nostre\u00a0lema ser\u00e0: pensar i caminar en la bona direcci\u00f3 i,\u00a0i despr\u00e9s c\u00f3rrer, si ens ve de gust. Les t\u00e8cniques d&#8221;orientaci\u00f3 d&#8221;aquest manual\u00a0se centren en el mapa i la br\u00faixola, \u00e9s a dir,\u00a0en l&#8221;orientaci\u00f3 cl\u00e0ssica, tot i que tamb\u00e9 s&#8221;hi\u00a0esmenten altres instruments d&#8221;ajuda i s&#8221;hi fa\u00a0un breu rep\u00e0s de les noves tecnologies.   * Les t\u00e8cniques d&#8221;orientaci\u00f3 se centren en el mapa i la br\u00faixola, \u00e9s a dir, en l&#8221;orientaci\u00f3 cl\u00e0ssica, tot i que, tamb\u00e9 s&#8221;hi citen altres instruments d&#8221;ajuda i es fa un breu rep\u00e0s de les noves tecnologies.  * Toni Mun\u00e9 ha competit en la modalitat de peu per tot Catalunya, l&#8221;Estat espanyol i Europa.<\/p>\n","protected":false},"excerpt":{"rendered":"<p>MUN\u00c9 COBACHO, TONI<\/p>\n","protected":false},"featured_media":451968,"template":"","meta":{"_acf_changed":false,"om_disable_all_campaigns":false,"rs_blank_template":"","rs_page_bg_color":"","slide_template_v7":"","inline_featured_image":false,"_monsterinsights_skip_tracking":false,"_monsterinsights_sitenote_active":false,"_monsterinsights_sitenote_note":"","_monsterinsights_sitenote_category":0},"product_brand":[],"product_cat":[90,540],"product_tag":[],"class_list":{"0":"post-47892","1":"product","2":"type-product","3":"status-publish","4":"has-post-thumbnail","6":"product_cat-altres","7":"product_cat-otros","9":"first","10":"instock","11":"taxable","12":"shipping-taxable","13":"purchasable","14":"product-type-simple"},"acf":{"autor":"MUN\u00c9 COBACHO, TONI","codart":"841356089","libros-coleccion":"Manuals de muntanya","ediciones":"1","encuadernacion":"R\u00fastica","fecha_de_publicacion":"01\/11\/2021","novedad":"0","paginas":"0","subtitulo":"MANUAL PR\u00c0CTIC","orden":"0","portada":"0","idioma":"cat","editorial":[{"ID":6171,"post_author":"3","post_date":"2022-07-28 17:46:25","post_date_gmt":"2022-07-28 15:46:25","post_content":"","post_title":"COSSETANIA EDICIONS","post_excerpt":"","post_status":"publish","comment_status":"closed","ping_status":"closed","post_password":"","post_name":"cossetania-edicions","to_ping":"","pinged":"","post_modified":"2022-07-28 17:46:25","post_modified_gmt":"2022-07-28 15:46:25","post_content_filtered":"","post_parent":0,"guid":"http:\/\/dev.claret.cat\/editorial\/cossetania-edicions\/","menu_order":0,"post_type":"editorial","post_mime_type":"","comment_count":"0","filter":"raw"}],"autores-libros":[{"ID":170553,"post_author":"3","post_date":"2022-10-14 22:36:16","post_date_gmt":"2022-10-14 20:36:16","post_content":"","post_title":"TONI MUN\u00c9 COBACHO","post_excerpt":"","post_status":"publish","comment_status":"closed","ping_status":"closed","post_password":"","post_name":"toni-mune-cobacho","to_ping":"","pinged":"","post_modified":"2022-10-14 22:36:16","post_modified_gmt":"2022-10-14 20:36:16","post_content_filtered":"","post_parent":0,"guid":"http:\/\/dev.claret.cat\/autor\/toni-mune-cobacho\/","menu_order":0,"post_type":"autor","post_mime_type":"","comment_count":"0","filter":"raw"}]},"aioseo_notices":[],"_links":{"self":[{"href":"https:\/\/www.claret.cat\/es\/wp-json\/wp\/v2\/product\/47892","targetHints":{"allow":["GET"]}}],"collection":[{"href":"https:\/\/www.claret.cat\/es\/wp-json\/wp\/v2\/product"}],"about":[{"href":"https:\/\/www.claret.cat\/es\/wp-json\/wp\/v2\/types\/product"}],"wp:featuredmedia":[{"embeddable":true,"href":"https:\/\/www.claret.cat\/es\/wp-json\/wp\/v2\/media\/451968"}],"wp:attachment":[{"href":"https:\/\/www.claret.cat\/es\/wp-json\/wp\/v2\/media?parent=47892"}],"wp:term":[{"taxonomy":"product_brand","embeddable":true,"href":"https:\/\/www.claret.cat\/es\/wp-json\/wp\/v2\/product_brand?post=47892"},{"taxonomy":"product_cat","embeddable":true,"href":"https:\/\/www.claret.cat\/es\/wp-json\/wp\/v2\/product_cat?post=47892"},{"taxonomy":"product_tag","embeddable":true,"href":"https:\/\/www.claret.cat\/es\/wp-json\/wp\/v2\/product_tag?post=47892"}],"curies":[{"name":"wp","href":"https:\/\/api.w.org\/{rel}","templated":true}]}}