{"id":47995,"date":"2022-10-02T22:48:09","date_gmt":"2022-10-02T20:48:09","guid":{"rendered":"http:\/\/dev.claret.cat\/producte\/del-fac-a-la-reunio-de-perpinya\/"},"modified":"2023-01-28T15:01:54","modified_gmt":"2023-01-28T14:01:54","slug":"del-fac-a-la-reunio-de-perpinya-9788413033198","status":"publish","type":"product","link":"https:\/\/www.claret.cat\/es\/libro\/del-fac-a-la-reunio-de-perpinya-9788413033198\/","title":{"rendered":"DEL FAC A LA REUNI\u00d3 DE PERPINY\u00c0"},"content":{"rendered":"<p>La biografia de Carles Garcia Sol\u00e9 \u00e9s el testimoni de l&#8217;evoluci\u00f3<br \/> de mig segle de milit\u00e0ncia independentista, des de la lluita armada<br \/> del Front d&#8217;Alliberament de Catalunya a la lluita pol\u00edtica<br \/> al Bloc d&#8217;Esquerra d&#8217;Alliberament Nacional fins a l&#8217;Assemblea<br \/> Nacional Catalana passant per ERC. El seu relat aporta llum a<br \/> fets i plantejaments de les diverses organitzacions en les quals<br \/> ha participat i col\u00b7laborat, tamb\u00e9 sobre l&#8217;independentisme<br \/> basc, des de la fuga de la pres\u00f3 de Seg\u00f2via i illa de Yeu l&#8217;any<br \/> 1976 fins a la reuni\u00f3 \u201cde Perpiny\u00e0\u201d del 2004. Aqueix llibre \u00e9s<br \/> una combinaci\u00f3 de relat autobiogr\u00e0fic i assaig historiogr\u00e0fic<br \/> amb la pretensi\u00f3 de situar els fets als quals hom fa refer\u00e8ncia<br \/> en el context pol\u00edtic i social en el qual es desenvolupen i alhora<br \/> revaloritzar la seva contribuci\u00f3 i personalitat.<\/p>\n","protected":false},"excerpt":{"rendered":"<p>JUVILL\u00c0 BALLESTER, PAU \/ RENYER ALIMBAU, JAUME<\/p>\n","protected":false},"featured_media":62668,"template":"","meta":{"_acf_changed":false,"om_disable_all_campaigns":false,"rs_blank_template":"","rs_page_bg_color":"","slide_template_v7":"","inline_featured_image":false,"_monsterinsights_skip_tracking":false,"_monsterinsights_sitenote_active":false,"_monsterinsights_sitenote_note":"","_monsterinsights_sitenote_category":0},"product_brand":[],"product_cat":[153],"product_tag":[],"class_list":{"0":"post-47995","1":"product","2":"type-product","3":"status-publish","4":"has-post-thumbnail","6":"product_cat-catalunya","8":"first","9":"instock","10":"taxable","11":"shipping-taxable","12":"purchasable","13":"product-type-simple"},"acf":{"autor":"JUVILL\u00c0 BALLESTER, PAU \/ RENYER ALIMBAU, JAUME","codart":"841303319","libros-coleccion":"Guimet","ediciones":"1","encuadernacion":"R\u00fastica","fecha_de_publicacion":"01\/11\/2021","novedad":"1","paginas":"184","subtitulo":"LA VIDA DE CARLES GARCIA SOL\u00c9","orden":"0","portada":"0","idioma":"cat","editorial":[{"ID":6322,"post_author":"3","post_date":"2022-07-28 17:49:42","post_date_gmt":"2022-07-28 15:49:42","post_content":"","post_title":"PAG\u00c8S EDITORS","post_excerpt":"","post_status":"publish","comment_status":"closed","ping_status":"closed","post_password":"","post_name":"pages-editors","to_ping":"","pinged":"","post_modified":"2022-07-28 17:49:42","post_modified_gmt":"2022-07-28 15:49:42","post_content_filtered":"","post_parent":0,"guid":"http:\/\/dev.claret.cat\/editorial\/pages-editors\/","menu_order":0,"post_type":"editorial","post_mime_type":"","comment_count":"0","filter":"raw"}],"autores-libros":[{"ID":166696,"post_author":"3","post_date":"2022-10-14 18:05:19","post_date_gmt":"2022-10-14 16:05:19","post_content":"","post_title":"PAU JUVILL\u00c0 BALLESTER","post_excerpt":"","post_status":"publish","comment_status":"closed","ping_status":"closed","post_password":"","post_name":"pau-juvilla-ballester","to_ping":"","pinged":"","post_modified":"2022-10-14 18:05:19","post_modified_gmt":"2022-10-14 16:05:19","post_content_filtered":"","post_parent":0,"guid":"http:\/\/dev.claret.cat\/autor\/pau-juvilla-ballester\/","menu_order":0,"post_type":"autor","post_mime_type":"","comment_count":"0","filter":"raw"},{"ID":158621,"post_author":"3","post_date":"2022-10-14 15:38:18","post_date_gmt":"2022-10-14 13:38:18","post_content":"","post_title":"JAUME RENYER ALIMBAU","post_excerpt":"","post_status":"publish","comment_status":"closed","ping_status":"closed","post_password":"","post_name":"jaume-renyer-alimbau","to_ping":"","pinged":"","post_modified":"2022-10-14 15:38:18","post_modified_gmt":"2022-10-14 13:38:18","post_content_filtered":"","post_parent":0,"guid":"http:\/\/dev.claret.cat\/autor\/jaume-renyer-alimbau\/","menu_order":0,"post_type":"autor","post_mime_type":"","comment_count":"0","filter":"raw"}]},"aioseo_notices":[],"_links":{"self":[{"href":"https:\/\/www.claret.cat\/es\/wp-json\/wp\/v2\/product\/47995","targetHints":{"allow":["GET"]}}],"collection":[{"href":"https:\/\/www.claret.cat\/es\/wp-json\/wp\/v2\/product"}],"about":[{"href":"https:\/\/www.claret.cat\/es\/wp-json\/wp\/v2\/types\/product"}],"wp:featuredmedia":[{"embeddable":true,"href":"https:\/\/www.claret.cat\/es\/wp-json\/wp\/v2\/media\/62668"}],"wp:attachment":[{"href":"https:\/\/www.claret.cat\/es\/wp-json\/wp\/v2\/media?parent=47995"}],"wp:term":[{"taxonomy":"product_brand","embeddable":true,"href":"https:\/\/www.claret.cat\/es\/wp-json\/wp\/v2\/product_brand?post=47995"},{"taxonomy":"product_cat","embeddable":true,"href":"https:\/\/www.claret.cat\/es\/wp-json\/wp\/v2\/product_cat?post=47995"},{"taxonomy":"product_tag","embeddable":true,"href":"https:\/\/www.claret.cat\/es\/wp-json\/wp\/v2\/product_tag?post=47995"}],"curies":[{"name":"wp","href":"https:\/\/api.w.org\/{rel}","templated":true}]}}