{"id":48013,"date":"2022-10-02T22:48:26","date_gmt":"2022-10-02T20:48:26","guid":{"rendered":"http:\/\/dev.claret.cat\/producte\/una-enmienda-a-la-totalidad-el-pensamiento-tradicional-cont\/"},"modified":"2025-06-03T16:36:02","modified_gmt":"2025-06-03T14:36:02","slug":"una-enmienda-a-la-totalidad-9788418162909","status":"publish","type":"product","link":"https:\/\/www.claret.cat\/es\/libro\/una-enmienda-a-la-totalidad-9788418162909\/","title":{"rendered":"UNA ENMIENDA A LA TOTALIDAD"},"content":{"rendered":"<p>En nuestra sociedad ha cundido un hondo malestar que adquiere manifestaciones en apariencia contrarias: hay quienes se revuelven contra los ataques a la instituci\u00f3n familiar, contra la corrosiva \u201ccultura de la muerte\u201d o contra la ingenier\u00eda social que reconfigura la propia naturaleza humana; hay quienes claman contra la depravaci\u00f3n del capitalismo global, que condena a la miseria y el desarraigo a las nuevas generaciones y desmantela las econom\u00edas nacionales; hay quienes, en fin, se rebelan contra la desmembraci\u00f3n de la patria o la inmigraci\u00f3n descontrolada. Y, para combatir este malestar hondo que se manifiesta de diferentes formas, la gente se adhiere a tal o cual ideolog\u00eda, pensando que en los demagogos que las defienden encontrar\u00e1 la soluci\u00f3n a sus cuitas. Pero tales soluciones ser\u00e1n parciales, fragmentarias, insatisfactorias\u2026 y, con frecuencia, s\u00f3lo contribuir\u00e1n a enconar m\u00e1s a\u00fan la calamidad que pretenden combatir. Pues para combatir las causas de este malestar hondo se requiere, frente a las visiones ideol\u00f3gicas sesgadas, una visi\u00f3n arm\u00f3nica que permita unificar en su significaci\u00f3n profunda el conjunto de males de apariencia dis\u00edmil que nos perturban. Y esa visi\u00f3n arm\u00f3nica s\u00f3lo puede brindarla el pensamiento tradicional. Para desprestigiar la tradici\u00f3n, la modernidad tiende a identificarla con formas de vida periclitadas. Pero el pensamiento tradicional no quiere revivir el pasado (tampoco, desde luego, anticipar un futuro ut\u00f3pico), sino revitalizar el presente, infundi\u00e9ndole una savia que ya ha probado sus cualidades reconstituyentes. En esta \u201cenmienda a la totalidad\u201d proponemos a nuestros lectores un pu\u00f1ado de reflexiones pol\u00edticas a la luz del pensamiento tradicional, \u00fanica alternativa verdadera al zurriburri ideol\u00f3gico imperante.<\/p>\n","protected":false},"excerpt":{"rendered":"<p>JUAN MANUEL DE PRADA<\/p>\n","protected":false},"featured_media":1021384,"template":"","meta":{"_acf_changed":false,"om_disable_all_campaigns":false,"rs_blank_template":"","rs_page_bg_color":"","slide_template_v7":"","inline_featured_image":false,"_monsterinsights_skip_tracking":false,"_monsterinsights_sitenote_active":false,"_monsterinsights_sitenote_note":"","_monsterinsights_sitenote_category":0},"product_brand":[],"product_cat":[120,569],"product_tag":[],"class_list":{"0":"post-48013","1":"product","2":"type-product","3":"status-publish","4":"has-post-thumbnail","6":"product_cat-politica","7":"product_cat-politica-2_humanidades-spa","9":"first","10":"instock","11":"taxable","12":"shipping-taxable","13":"purchasable","14":"product-type-simple"},"acf":{"editorial":[{"ID":6144,"post_author":"3","post_date":"2022-07-28 17:45:50","post_date_gmt":"2022-07-28 15:45:50","post_content":"","post_title":"BIBLIOTHECA HOMO LEGENS","post_excerpt":"","post_status":"publish","comment_status":"closed","ping_status":"closed","post_password":"","post_name":"bibliotheca-homo-legens","to_ping":"","pinged":"","post_modified":"2022-07-28 17:45:50","post_modified_gmt":"2022-07-28 15:45:50","post_content_filtered":"","post_parent":0,"guid":"http:\/\/dev.claret.cat\/editorial\/bibliotheca-homo-legens\/","menu_order":0,"post_type":"editorial","post_mime_type":"","comment_count":"0","filter":"raw"}],"autores-libros":[{"ID":5198,"post_author":"3","post_date":"2022-07-28 17:16:52","post_date_gmt":"2022-07-28 15:16:52","post_content":"","post_title":"AA.VV","post_excerpt":"","post_status":"publish","comment_status":"closed","ping_status":"closed","post_password":"","post_name":"aa-vv-2","to_ping":"","pinged":"","post_modified":"2022-07-28 17:16:52","post_modified_gmt":"2022-07-28 15:16:52","post_content_filtered":"","post_parent":0,"guid":"http:\/\/dev.claret.cat\/autor\/aa-vv-2\/","menu_order":0,"post_type":"autor","post_mime_type":"","comment_count":"0","filter":"raw"}],"autor":"JUAN MANUEL DE PRADA","codart":"841816290","libros-coleccion":"FORA DE COL.LECCI\u00d3","ediciones":"1","encuadernacion":"R\u00fastica","fecha_de_publicacion":"25\/11\/2021","novedad":"1","paginas":"436","subtitulo":"","orden":"0","portada":"0","idioma":"spa","booktrailer":"","resenas":""},"aioseo_notices":[],"_links":{"self":[{"href":"https:\/\/www.claret.cat\/es\/wp-json\/wp\/v2\/product\/48013","targetHints":{"allow":["GET"]}}],"collection":[{"href":"https:\/\/www.claret.cat\/es\/wp-json\/wp\/v2\/product"}],"about":[{"href":"https:\/\/www.claret.cat\/es\/wp-json\/wp\/v2\/types\/product"}],"wp:featuredmedia":[{"embeddable":true,"href":"https:\/\/www.claret.cat\/es\/wp-json\/wp\/v2\/media\/1021384"}],"wp:attachment":[{"href":"https:\/\/www.claret.cat\/es\/wp-json\/wp\/v2\/media?parent=48013"}],"wp:term":[{"taxonomy":"product_brand","embeddable":true,"href":"https:\/\/www.claret.cat\/es\/wp-json\/wp\/v2\/product_brand?post=48013"},{"taxonomy":"product_cat","embeddable":true,"href":"https:\/\/www.claret.cat\/es\/wp-json\/wp\/v2\/product_cat?post=48013"},{"taxonomy":"product_tag","embeddable":true,"href":"https:\/\/www.claret.cat\/es\/wp-json\/wp\/v2\/product_tag?post=48013"}],"curies":[{"name":"wp","href":"https:\/\/api.w.org\/{rel}","templated":true}]}}