{"id":48031,"date":"2022-10-02T22:48:41","date_gmt":"2022-10-02T20:48:41","guid":{"rendered":"http:\/\/dev.claret.cat\/producte\/poemario-estrafalario-de-palabras-olvidadas\/"},"modified":"2023-01-28T20:46:54","modified_gmt":"2023-01-28T19:46:54","slug":"poemario-estrafalario-de-palabras-olvidadas-9788418488108","status":"publish","type":"product","link":"https:\/\/www.claret.cat\/es\/libro\/poemario-estrafalario-de-palabras-olvidadas-9788418488108\/","title":{"rendered":"POEMARIO ESTRAFALARIO DE PALABRAS OLVIDADAS"},"content":{"rendered":"<p>Un divertido poemario que rescata palabras olvidadas mediante poemas divertidos acompa\u00f1ados por las mejores ilustraciones. 28 palabras que debes conocer.<\/p>\n","protected":false},"excerpt":{"rendered":"<p>CLEMENTE G\u00d3MEZ, JUAN \/ D\u00cdEZ NAVARRO, MIGUEL \u00c1NGEL<\/p>\n","protected":false},"featured_media":62694,"template":"","meta":{"_acf_changed":false,"om_disable_all_campaigns":false,"rs_blank_template":"","rs_page_bg_color":"","slide_template_v7":"","inline_featured_image":false,"_monsterinsights_skip_tracking":false,"_monsterinsights_sitenote_active":false,"_monsterinsights_sitenote_note":"","_monsterinsights_sitenote_category":0},"product_brand":[],"product_cat":[131],"product_tag":[],"class_list":{"0":"post-48031","1":"product","2":"type-product","3":"status-publish","4":"has-post-thumbnail","6":"product_cat-contes-per-infants-0-6-anys","8":"first","9":"instock","10":"taxable","11":"shipping-taxable","12":"purchasable","13":"product-type-simple"},"acf":{"autor":"CLEMENTE G\u00d3MEZ, JUAN \/ D\u00cdEZ NAVARRO, MIGUEL \u00c1NGEL","codart":"841848810","libros-coleccion":"FORA DE COL.LECCI\u00d3","ediciones":"1","encuadernacion":"Carton\u00e9","fecha_de_publicacion":"01\/07\/2021","novedad":"1","paginas":"45","subtitulo":"","orden":"0","portada":"0","idioma":"spa","editorial":[{"ID":147991,"post_author":"3","post_date":"2022-10-14 11:54:47","post_date_gmt":"2022-10-14 09:54:47","post_content":"","post_title":"Editorial Igl\u00fa","post_excerpt":"","post_status":"publish","comment_status":"closed","ping_status":"closed","post_password":"","post_name":"editorial-iglu","to_ping":"","pinged":"","post_modified":"2022-10-14 11:54:47","post_modified_gmt":"2022-10-14 09:54:47","post_content_filtered":"","post_parent":0,"guid":"http:\/\/dev.claret.cat\/editorial\/editorial-iglu\/","menu_order":0,"post_type":"editorial","post_mime_type":"","comment_count":"0","filter":"raw"}],"autores-libros":[{"ID":164919,"post_author":"3","post_date":"2022-10-14 17:50:56","post_date_gmt":"2022-10-14 15:50:56","post_content":"","post_title":"MIGUEL \u00c1NGEL D\u00cdEZ NAVARRO","post_excerpt":"","post_status":"publish","comment_status":"closed","ping_status":"closed","post_password":"","post_name":"miguel-angel-diez-navarro","to_ping":"","pinged":"","post_modified":"2022-10-14 17:50:56","post_modified_gmt":"2022-10-14 15:50:56","post_content_filtered":"","post_parent":0,"guid":"http:\/\/dev.claret.cat\/autor\/miguel-angel-diez-navarro\/","menu_order":0,"post_type":"autor","post_mime_type":"","comment_count":"0","filter":"raw"},{"ID":161012,"post_author":"3","post_date":"2022-10-14 15:57:41","post_date_gmt":"2022-10-14 13:57:41","post_content":"","post_title":"JUAN CLEMENTE GOMEZ","post_excerpt":"","post_status":"publish","comment_status":"closed","ping_status":"closed","post_password":"","post_name":"juan-clemente-gomez","to_ping":"","pinged":"","post_modified":"2022-10-14 15:57:41","post_modified_gmt":"2022-10-14 13:57:41","post_content_filtered":"","post_parent":0,"guid":"http:\/\/dev.claret.cat\/autor\/juan-clemente-gomez\/","menu_order":0,"post_type":"autor","post_mime_type":"","comment_count":"0","filter":"raw"}]},"aioseo_notices":[],"_links":{"self":[{"href":"https:\/\/www.claret.cat\/es\/wp-json\/wp\/v2\/product\/48031","targetHints":{"allow":["GET"]}}],"collection":[{"href":"https:\/\/www.claret.cat\/es\/wp-json\/wp\/v2\/product"}],"about":[{"href":"https:\/\/www.claret.cat\/es\/wp-json\/wp\/v2\/types\/product"}],"wp:featuredmedia":[{"embeddable":true,"href":"https:\/\/www.claret.cat\/es\/wp-json\/wp\/v2\/media\/62694"}],"wp:attachment":[{"href":"https:\/\/www.claret.cat\/es\/wp-json\/wp\/v2\/media?parent=48031"}],"wp:term":[{"taxonomy":"product_brand","embeddable":true,"href":"https:\/\/www.claret.cat\/es\/wp-json\/wp\/v2\/product_brand?post=48031"},{"taxonomy":"product_cat","embeddable":true,"href":"https:\/\/www.claret.cat\/es\/wp-json\/wp\/v2\/product_cat?post=48031"},{"taxonomy":"product_tag","embeddable":true,"href":"https:\/\/www.claret.cat\/es\/wp-json\/wp\/v2\/product_tag?post=48031"}],"curies":[{"name":"wp","href":"https:\/\/api.w.org\/{rel}","templated":true}]}}