{"id":48234,"date":"2022-10-02T22:52:07","date_gmt":"2022-10-02T20:52:07","guid":{"rendered":"http:\/\/dev.claret.cat\/producte\/medicina-de-la-felicidad\/"},"modified":"2023-01-28T13:48:56","modified_gmt":"2023-01-28T12:48:56","slug":"medicina-de-la-felicidad-9788418965128","status":"publish","type":"product","link":"https:\/\/www.claret.cat\/es\/libro\/medicina-de-la-felicidad-9788418965128\/","title":{"rendered":"MEDICINA DE LA FELICIDAD"},"content":{"rendered":"<p>La Medicina de la Felicidad es la receta que prescribe la doctora Paloma Fuentes para optimizar tu calidad de vida. No contiene f\u00f3rmulas m\u00e1gicas ni p\u00f3cimas milagrosas. Solamente veinte ingredientes sencillos para fortalecer tu salud mediante el cuidado de tu cerebro y tu mente.<\/p>\n<p> En estas p\u00e1ginas encontrar\u00e1s claves para ir m\u00e1s all\u00e1 de los automatismos y h\u00e1bitos que te aprisionan a diario y superar con \u00e9xito esos \u00abesguinces emocionales\u00bb que ensombrecen y complican la vida actual. La Medicina de la Felicidad te ofrece las herramientas eficaces para crear una conexi\u00f3n eficaz y duradera con tu entorno y con la persona m\u00e1s importante de tu vida: T\u00da. <\/p>\n<p> Si te sientes comprometido con tu salud y tu crecimiento vital y aspiras a ser esa nueva persona que lidere tu vida, este libro te aproxima a una nueva forma de entender y construir Salud y Felicidad, un binomio inseparable y ampliamente avalado por la ciencia y la experiencia. <\/p>\n<p> A trav\u00e9s del cuidado de tu mente y tu cerebro, emb\u00e1rcate con la autora en un apasionante viaje personal y conoce las veinte vitaminas extraordinarias que te permitir\u00e1n pasar de superviviente a \u00a1S\u00faper Viviente!<\/p>\n","protected":false},"excerpt":{"rendered":"<p>DRA. PALOMA FUENTES<\/p>\n","protected":false},"featured_media":62848,"template":"","meta":{"_acf_changed":false,"om_disable_all_campaigns":false,"rs_blank_template":"","rs_page_bg_color":"","slide_template_v7":"","inline_featured_image":false,"_monsterinsights_skip_tracking":false,"_monsterinsights_sitenote_active":false,"_monsterinsights_sitenote_note":"","_monsterinsights_sitenote_category":0},"product_brand":[],"product_cat":[179],"product_tag":[],"class_list":{"0":"post-48234","1":"product","2":"type-product","3":"status-publish","4":"has-post-thumbnail","6":"product_cat-autoajuda-i-salut-mental","8":"first","9":"instock","10":"taxable","11":"shipping-taxable","12":"purchasable","13":"product-type-simple"},"acf":{"autor":"DRA. PALOMA FUENTES","codart":"841896512","libros-coleccion":"FORA DE COL.LECCI\u00d3","ediciones":"1","encuadernacion":"R\u00fastica","fecha_de_publicacion":"01\/11\/2021","novedad":"1","paginas":"286","subtitulo":"LAS VEINTE VITAMINAS MENTALES PARA PASAR DE SUPERVIVIENTES A S\u00daPER VIVIENTES","orden":"0","portada":"0","idioma":"spa","editorial":[{"ID":148021,"post_author":"3","post_date":"2022-10-14 11:55:01","post_date_gmt":"2022-10-14 09:55:01","post_content":"","post_title":"Editorial Pinolia, S.l.","post_excerpt":"","post_status":"publish","comment_status":"closed","ping_status":"closed","post_password":"","post_name":"editorial-pinolia-s-l","to_ping":"","pinged":"","post_modified":"2022-10-14 11:55:01","post_modified_gmt":"2022-10-14 09:55:01","post_content_filtered":"","post_parent":0,"guid":"http:\/\/dev.claret.cat\/editorial\/editorial-pinolia-s-l\/","menu_order":0,"post_type":"editorial","post_mime_type":"","comment_count":"0","filter":"raw"}],"autores-libros":[{"ID":154394,"post_author":"3","post_date":"2022-10-14 15:04:28","post_date_gmt":"2022-10-14 13:04:28","post_content":"","post_title":"DRA. PALOMA FUENTES","post_excerpt":"","post_status":"publish","comment_status":"closed","ping_status":"closed","post_password":"","post_name":"dra-paloma-fuentes","to_ping":"","pinged":"","post_modified":"2022-10-14 15:04:28","post_modified_gmt":"2022-10-14 13:04:28","post_content_filtered":"","post_parent":0,"guid":"http:\/\/dev.claret.cat\/autor\/dra-paloma-fuentes\/","menu_order":0,"post_type":"autor","post_mime_type":"","comment_count":"0","filter":"raw"}]},"aioseo_notices":[],"_links":{"self":[{"href":"https:\/\/www.claret.cat\/es\/wp-json\/wp\/v2\/product\/48234","targetHints":{"allow":["GET"]}}],"collection":[{"href":"https:\/\/www.claret.cat\/es\/wp-json\/wp\/v2\/product"}],"about":[{"href":"https:\/\/www.claret.cat\/es\/wp-json\/wp\/v2\/types\/product"}],"wp:featuredmedia":[{"embeddable":true,"href":"https:\/\/www.claret.cat\/es\/wp-json\/wp\/v2\/media\/62848"}],"wp:attachment":[{"href":"https:\/\/www.claret.cat\/es\/wp-json\/wp\/v2\/media?parent=48234"}],"wp:term":[{"taxonomy":"product_brand","embeddable":true,"href":"https:\/\/www.claret.cat\/es\/wp-json\/wp\/v2\/product_brand?post=48234"},{"taxonomy":"product_cat","embeddable":true,"href":"https:\/\/www.claret.cat\/es\/wp-json\/wp\/v2\/product_cat?post=48234"},{"taxonomy":"product_tag","embeddable":true,"href":"https:\/\/www.claret.cat\/es\/wp-json\/wp\/v2\/product_tag?post=48234"}],"curies":[{"name":"wp","href":"https:\/\/api.w.org\/{rel}","templated":true}]}}