{"id":48273,"date":"2022-10-02T22:52:51","date_gmt":"2022-10-02T20:52:51","guid":{"rendered":"http:\/\/dev.claret.cat\/producte\/apologetico\/"},"modified":"2024-05-22T22:55:04","modified_gmt":"2024-05-22T20:55:04","slug":"apologetico-9788497155090","status":"publish","type":"product","link":"https:\/\/www.claret.cat\/es\/libro\/apologetico-9788497155090\/","title":{"rendered":"APOLOG\u00c9TICO"},"content":{"rendered":"<p>El texto del Apolog\u00e9tico que presentamos se conserva, de hecho, en las actas del XV concilio de Toledo, celebrado en el a\u00f1o 688. Se trata de parte del escrito que Juli\u00e1n, en nombre del episcopado hispano, envi\u00f3 a la sede apost\u00f3lica para defenderse de unas acusaciones de las que poco sabemos, relacionadas con la recepci\u00f3n en Hispania de las actas latinas del III concilio de Constantinopla. La respuesta a las perplejidades romanas se sit\u00faa en la l\u00ednea de la literatura teol\u00f3gica ib\u00e9rica del s. VIII caracterizada por la labor de s\u00edntesis y transmisi\u00f3n del magisterio y de la doctrina ortodoxa de los siglos anteriores.<\/p>\n<p> En esta breve obra Juli\u00e1n muestra no solamente su dominio de las t\u00e9cnicas ret\u00f3ricas sino tambi\u00e9n la calidad de su pensamiento teol\u00f3gico, en este caso prevalentemente cristol\u00f3gico, heredero de una serie de escuelas constituidas por autores como Leandro e Isidoro de Sevilla, Braulio de Zaragoza y Eugenio e Ildefonso de Toledo, entre otros, que contribuyeron a configurar lo que se ha venido a denominar siglo de oro de la Iglesia visigoda.<\/p>\n","protected":false},"excerpt":{"rendered":"<p>JULI\u00c1N DE TOLEDO<\/p>\n","protected":false},"featured_media":387817,"template":"","meta":{"_acf_changed":false,"om_disable_all_campaigns":false,"rs_blank_template":"","rs_page_bg_color":"","slide_template_v7":"","inline_featured_image":false,"_monsterinsights_skip_tracking":false,"_monsterinsights_sitenote_active":false,"_monsterinsights_sitenote_note":"","_monsterinsights_sitenote_category":0},"product_brand":[],"product_cat":[288,514],"product_tag":[],"class_list":{"0":"post-48273","1":"product","2":"type-product","3":"status-publish","4":"has-post-thumbnail","6":"product_cat-moral-fonamental","7":"product_cat-moral-fundamental","9":"first","10":"instock","11":"taxable","12":"shipping-taxable","13":"purchasable","14":"product-type-simple"},"acf":{"autor":"JULI\u00c1N DE TOLEDO","codart":"849715509","libros-coleccion":"Fuentes Patr\u00edsticas","ediciones":"1","encuadernacion":"Carton\u00e9","fecha_de_publicacion":"22\/11\/2021","novedad":"1","paginas":"234","subtitulo":"FUENTES PATR\u00cdSTICAS - 35","orden":"0","portada":"0","idioma":"spa","editorial":[{"ID":6157,"post_author":"3","post_date":"2022-07-28 17:46:07","post_date_gmt":"2022-07-28 15:46:07","post_content":"","post_title":"Ciudad Nueva","post_excerpt":"","post_status":"publish","comment_status":"closed","ping_status":"closed","post_password":"","post_name":"ciudad-nueva","to_ping":"","pinged":"","post_modified":"2022-07-28 17:46:07","post_modified_gmt":"2022-07-28 15:46:07","post_content_filtered":"","post_parent":0,"guid":"http:\/\/dev.claret.cat\/editorial\/ciudad-nueva\/","menu_order":0,"post_type":"editorial","post_mime_type":"","comment_count":"0","filter":"raw"}],"autores-libros":[{"ID":161281,"post_author":"3","post_date":"2022-10-14 17:16:56","post_date_gmt":"2022-10-14 15:16:56","post_content":"","post_title":"JULI\u00c1N DE TOLEDO","post_excerpt":"","post_status":"publish","comment_status":"closed","ping_status":"closed","post_password":"","post_name":"julian-de-toledo","to_ping":"","pinged":"","post_modified":"2022-10-14 17:16:56","post_modified_gmt":"2022-10-14 15:16:56","post_content_filtered":"","post_parent":0,"guid":"http:\/\/dev.claret.cat\/autor\/julian-de-toledo\/","menu_order":0,"post_type":"autor","post_mime_type":"","comment_count":"0","filter":"raw"}]},"aioseo_notices":[],"_links":{"self":[{"href":"https:\/\/www.claret.cat\/es\/wp-json\/wp\/v2\/product\/48273","targetHints":{"allow":["GET"]}}],"collection":[{"href":"https:\/\/www.claret.cat\/es\/wp-json\/wp\/v2\/product"}],"about":[{"href":"https:\/\/www.claret.cat\/es\/wp-json\/wp\/v2\/types\/product"}],"wp:featuredmedia":[{"embeddable":true,"href":"https:\/\/www.claret.cat\/es\/wp-json\/wp\/v2\/media\/387817"}],"wp:attachment":[{"href":"https:\/\/www.claret.cat\/es\/wp-json\/wp\/v2\/media?parent=48273"}],"wp:term":[{"taxonomy":"product_brand","embeddable":true,"href":"https:\/\/www.claret.cat\/es\/wp-json\/wp\/v2\/product_brand?post=48273"},{"taxonomy":"product_cat","embeddable":true,"href":"https:\/\/www.claret.cat\/es\/wp-json\/wp\/v2\/product_cat?post=48273"},{"taxonomy":"product_tag","embeddable":true,"href":"https:\/\/www.claret.cat\/es\/wp-json\/wp\/v2\/product_tag?post=48273"}],"curies":[{"name":"wp","href":"https:\/\/api.w.org\/{rel}","templated":true}]}}