{"id":48321,"date":"2022-10-02T22:53:33","date_gmt":"2022-10-02T20:53:33","guid":{"rendered":"http:\/\/dev.claret.cat\/producte\/por-si-las-voces-vuelven\/"},"modified":"2024-04-26T15:44:40","modified_gmt":"2024-04-26T13:44:40","slug":"por-si-las-voces-vuelven-9788408249214","status":"publish","type":"product","link":"https:\/\/www.claret.cat\/es\/libro\/por-si-las-voces-vuelven-9788408249214\/","title":{"rendered":"POR SI LAS VOCES VUELVEN"},"content":{"rendered":"<p>Hace unos a\u00f1os me romp\u00ed por completo. Tanto como para que tuvieran que atarme a la cama de un hospital psiqui\u00e1trico para evitar que pudiera hacerme da\u00f1o.<br \/>\nNo tengo ni idea de cu\u00e1ndo empez\u00f3 a formarse mi locura.<br \/>\nA lo mejor nac\u00ed gen\u00e9ticamente predispuesto.<br \/>\nA lo mejor fui macerando una depresi\u00f3n al callarme ciertas cosas por no preocupar a los dem\u00e1s.<br \/>\nO a lo mejor simplemente hay cerebros que de la noche a la ma\u00f1ana hacen crec y se acab\u00f3.<br \/>\nSi algo he descubierto en todo este tiempo es que cuando cuentas abiertamente que se te ha pirado la cabeza la gente enseguida le pone el sello de tab\u00fa. Aunque este libro lo he escrito para m\u00ed, por si las voces vuelven, es para cualquiera que haya pasado o est\u00e9 pasando por algo parecido, y as\u00ed romper de una vez por todas el estigma de las enfermedades mentales. Pero si simplemente te apetece jugar a ver el mundo como yo lo vi mientras perd\u00ed el contacto con la realidad, este libro tambi\u00e9n es para ti. Si escuchas bien las voces, descubrir\u00e1s cosas fascinantes como esta:<br \/>\nNO NECESITAS LLEGAR A TOCAR FONDO PARA RECONSTRUIRTE DESDE CERO<br \/>\n\u00bfEmpezamos?<br \/>\nUn sorprendente testimonio sobre la locura. Un relato en primera persona sobre lo que supone perderse y tener que reconstruirse desde cero.\u00a0Una historia vitalista que te agarra desde la primera l\u00ednea.<\/p>\n","protected":false},"excerpt":{"rendered":"<p>MART\u00cdN, \u00c1NGEL<\/p>\n","protected":false},"featured_media":294665,"template":"","meta":{"_acf_changed":false,"om_disable_all_campaigns":false,"rs_blank_template":"","rs_page_bg_color":"","slide_template_v7":"","inline_featured_image":false,"_monsterinsights_skip_tracking":false,"_monsterinsights_sitenote_active":false,"_monsterinsights_sitenote_note":"","_monsterinsights_sitenote_category":0},"product_brand":[],"product_cat":[376,178],"product_tag":[],"class_list":{"0":"post-48321","1":"product","2":"type-product","3":"status-publish","4":"has-post-thumbnail","6":"product_cat-autores-psicologia-2_humanidades","7":"product_cat-autors-psicologia","9":"first","10":"instock","11":"taxable","12":"shipping-taxable","13":"purchasable","14":"product-type-simple"},"acf":{"autor":"MART\u00cdN, \u00c1NGEL","codart":"840824921","libros-coleccion":"NO FICCION","ediciones":"1","encuadernacion":"R\u00fastica","fecha_de_publicacion":"01\/11\/2021","novedad":"1","paginas":"256","subtitulo":"","orden":"1","portada":"0","idioma":"spa","editorial":[{"ID":6233,"post_author":"3","post_date":"2022-07-28 17:47:48","post_date_gmt":"2022-07-28 15:47:48","post_content":"","post_title":"EDITORIAL PLANETA","post_excerpt":"","post_status":"publish","comment_status":"closed","ping_status":"closed","post_password":"","post_name":"editorial-planeta","to_ping":"","pinged":"","post_modified":"2022-07-28 17:47:48","post_modified_gmt":"2022-07-28 15:47:48","post_content_filtered":"","post_parent":0,"guid":"http:\/\/dev.claret.cat\/editorial\/editorial-planeta\/","menu_order":0,"post_type":"editorial","post_mime_type":"","comment_count":"0","filter":"raw"}],"autores-libros":[{"ID":150400,"post_author":"3","post_date":"2022-10-14 14:32:40","post_date_gmt":"2022-10-14 12:32:40","post_content":"","post_title":"ANGEL MARTIN","post_excerpt":"","post_status":"publish","comment_status":"closed","ping_status":"closed","post_password":"","post_name":"angel-martin","to_ping":"","pinged":"","post_modified":"2022-10-14 14:32:40","post_modified_gmt":"2022-10-14 12:32:40","post_content_filtered":"","post_parent":0,"guid":"http:\/\/dev.claret.cat\/autor\/angel-martin\/","menu_order":0,"post_type":"autor","post_mime_type":"","comment_count":"0","filter":"raw"}],"traductores-libros":"","ilustradores-libros":"","formato":"","linkebook":"","precioebook":"","ebookportada":false,"ficha":"","muestra":"","presentacion":"","booktrailer":"","resenas":"","recomendamos":"","mas_vendido":""},"aioseo_notices":[],"_links":{"self":[{"href":"https:\/\/www.claret.cat\/es\/wp-json\/wp\/v2\/product\/48321","targetHints":{"allow":["GET"]}}],"collection":[{"href":"https:\/\/www.claret.cat\/es\/wp-json\/wp\/v2\/product"}],"about":[{"href":"https:\/\/www.claret.cat\/es\/wp-json\/wp\/v2\/types\/product"}],"wp:featuredmedia":[{"embeddable":true,"href":"https:\/\/www.claret.cat\/es\/wp-json\/wp\/v2\/media\/294665"}],"wp:attachment":[{"href":"https:\/\/www.claret.cat\/es\/wp-json\/wp\/v2\/media?parent=48321"}],"wp:term":[{"taxonomy":"product_brand","embeddable":true,"href":"https:\/\/www.claret.cat\/es\/wp-json\/wp\/v2\/product_brand?post=48321"},{"taxonomy":"product_cat","embeddable":true,"href":"https:\/\/www.claret.cat\/es\/wp-json\/wp\/v2\/product_cat?post=48321"},{"taxonomy":"product_tag","embeddable":true,"href":"https:\/\/www.claret.cat\/es\/wp-json\/wp\/v2\/product_tag?post=48321"}],"curies":[{"name":"wp","href":"https:\/\/api.w.org\/{rel}","templated":true}]}}