{"id":48444,"date":"2022-10-02T22:55:46","date_gmt":"2022-10-02T20:55:46","guid":{"rendered":"http:\/\/dev.claret.cat\/producte\/pirates-rodamons\/"},"modified":"2026-04-07T12:30:42","modified_gmt":"2026-04-07T10:30:42","slug":"pirates-rodamons-9788418318337","status":"publish","type":"product","link":"https:\/\/www.claret.cat\/es\/libro\/pirates-rodamons-9788418318337\/","title":{"rendered":"PIRATES RODAMONS"},"content":{"rendered":"<p>El Pot Petit presenta els Pirates Rodamons en un \u00e0lbum il\u00b7lustrat per  a tota la fam\u00edlia! Un llibre que et recordar\u00e0 que l&#8221;amistat \u00e9s el m\u00e9s gran tresor! Diverteix-te amb les incre\u00efbles aventures dels Pirates Rodamons i descobreix el tresor m\u00e9s gran de tots: l&#8221;amistat! Est\u00e0s preparat per pujar al vaixell i jugar, cantar i ballar amb EL POT PETIT?<\/p>\n","protected":false},"excerpt":{"rendered":"<p>EL POT PETIT, \/ MONSUROS,<\/p>\n","protected":false},"featured_media":311397,"template":"","meta":{"_acf_changed":false,"om_disable_all_campaigns":false,"rs_blank_template":"","rs_page_bg_color":"","slide_template_v7":"","inline_featured_image":false,"_monsterinsights_skip_tracking":false,"_monsterinsights_sitenote_active":false,"_monsterinsights_sitenote_note":"","_monsterinsights_sitenote_category":0},"product_brand":[],"product_cat":[90,540],"product_tag":[],"class_list":{"0":"post-48444","1":"product","2":"type-product","3":"status-publish","4":"has-post-thumbnail","6":"product_cat-altres","7":"product_cat-otros","9":"first","10":"instock","11":"taxable","12":"shipping-taxable","13":"purchasable","14":"product-type-simple"},"acf":{"autor":"EL POT PETIT, \/ MONSUROS,","codart":"841831833","libros-coleccion":"","ediciones":"1","encuadernacion":"Carton\u00e9","fecha_de_publicacion":"01\/05\/2021","novedad":"1","paginas":"45","subtitulo":"","orden":"0","portada":"0","idioma":"cat","editorial":[{"ID":6310,"post_author":"3","post_date":"2022-07-28 17:49:26","post_date_gmt":"2022-07-28 15:49:26","post_content":"","post_title":"MONTENA","post_excerpt":"","post_status":"publish","comment_status":"closed","ping_status":"closed","post_password":"","post_name":"montena","to_ping":"","pinged":"","post_modified":"2022-07-28 17:49:26","post_modified_gmt":"2022-07-28 15:49:26","post_content_filtered":"","post_parent":0,"guid":"http:\/\/dev.claret.cat\/editorial\/montena\/","menu_order":0,"post_type":"editorial","post_mime_type":"","comment_count":"0","filter":"raw"}],"autores-libros":[{"ID":154687,"post_author":"3","post_date":"2022-10-14 15:06:48","post_date_gmt":"2022-10-14 13:06:48","post_content":"","post_title":"EL POT PETIT","post_excerpt":"","post_status":"publish","comment_status":"closed","ping_status":"closed","post_password":"","post_name":"el-pot-petit-2","to_ping":"","pinged":"","post_modified":"2022-10-14 15:06:48","post_modified_gmt":"2022-10-14 13:06:48","post_content_filtered":"","post_parent":0,"guid":"http:\/\/dev.claret.cat\/autor\/el-pot-petit-2\/","menu_order":0,"post_type":"autor","post_mime_type":"","comment_count":"0","filter":"raw"},{"ID":165363,"post_author":"3","post_date":"2022-10-14 17:54:35","post_date_gmt":"2022-10-14 15:54:35","post_content":"","post_title":"MONSUROS","post_excerpt":"","post_status":"publish","comment_status":"closed","ping_status":"closed","post_password":"","post_name":"monsuros","to_ping":"","pinged":"","post_modified":"2022-10-14 17:54:35","post_modified_gmt":"2022-10-14 15:54:35","post_content_filtered":"","post_parent":0,"guid":"http:\/\/dev.claret.cat\/autor\/monsuros\/","menu_order":0,"post_type":"autor","post_mime_type":"","comment_count":"0","filter":"raw"}],"booktrailer":"","resenas":""},"aioseo_notices":[],"_links":{"self":[{"href":"https:\/\/www.claret.cat\/es\/wp-json\/wp\/v2\/product\/48444","targetHints":{"allow":["GET"]}}],"collection":[{"href":"https:\/\/www.claret.cat\/es\/wp-json\/wp\/v2\/product"}],"about":[{"href":"https:\/\/www.claret.cat\/es\/wp-json\/wp\/v2\/types\/product"}],"wp:featuredmedia":[{"embeddable":true,"href":"https:\/\/www.claret.cat\/es\/wp-json\/wp\/v2\/media\/311397"}],"wp:attachment":[{"href":"https:\/\/www.claret.cat\/es\/wp-json\/wp\/v2\/media?parent=48444"}],"wp:term":[{"taxonomy":"product_brand","embeddable":true,"href":"https:\/\/www.claret.cat\/es\/wp-json\/wp\/v2\/product_brand?post=48444"},{"taxonomy":"product_cat","embeddable":true,"href":"https:\/\/www.claret.cat\/es\/wp-json\/wp\/v2\/product_cat?post=48444"},{"taxonomy":"product_tag","embeddable":true,"href":"https:\/\/www.claret.cat\/es\/wp-json\/wp\/v2\/product_tag?post=48444"}],"curies":[{"name":"wp","href":"https:\/\/api.w.org\/{rel}","templated":true}]}}