{"id":48450,"date":"2022-10-02T22:55:53","date_gmt":"2022-10-02T20:55:53","guid":{"rendered":"http:\/\/dev.claret.cat\/producte\/cuentos-para-criar-con-amor-y-respeto\/"},"modified":"2023-01-28T12:26:25","modified_gmt":"2023-01-28T11:26:25","slug":"cuentos-para-criar-con-amor-y-respeto-9788417605865","status":"publish","type":"product","link":"https:\/\/www.claret.cat\/es\/libro\/cuentos-para-criar-con-amor-y-respeto-9788417605865\/","title":{"rendered":"CUENTOS PARA CRIAR CON AMOR Y RESPETO"},"content":{"rendered":"<p>El famoso enfermero de pediatr\u00eda, Armando Bastida, presenta su  segundo libro ilustrado de cuentos para criar con sentido com\u00fan. Un fant\u00e1stico libro que incluye cuatro cuentos ilustrados escritos por  Armando Bastida, responsable del proyecto Criar con sentido com\u00fan, con  el que pretende ofrecer apoyo profesional a todo tipo de familias. Este libro ilustrado presenta los retos del crecimiento a los que se  enfrentan todas las familias con cuentos dirigidos a los ni\u00f1os y  explicaciones para que los padres puedan aplicar sus ense\u00f1anzas. De esta  manera, podemos basarnos de manera muy amena en las teor\u00edas esenciales  de Armando Bastida para criar a nuestros hijos con sentido com\u00fan.<\/p>\n","protected":false},"excerpt":{"rendered":"<p>BASTIDA, ARMANDO<\/p>\n","protected":false},"featured_media":63008,"template":"","meta":{"_acf_changed":false,"om_disable_all_campaigns":false,"rs_blank_template":"","rs_page_bg_color":"","slide_template_v7":"","inline_featured_image":false,"_monsterinsights_skip_tracking":false,"_monsterinsights_sitenote_active":false,"_monsterinsights_sitenote_note":"","_monsterinsights_sitenote_category":0},"product_brand":[],"product_cat":[131],"product_tag":[],"class_list":{"0":"post-48450","1":"product","2":"type-product","3":"status-publish","4":"has-post-thumbnail","6":"product_cat-contes-per-infants-0-6-anys","8":"first","9":"instock","10":"taxable","11":"shipping-taxable","12":"purchasable","13":"product-type-simple"},"acf":{"autor":"BASTIDA, ARMANDO","codart":"841760586","libros-coleccion":"NUBE DE TINTA","ediciones":"1","encuadernacion":"Carton\u00e9","fecha_de_publicacion":"01\/11\/2021","novedad":"1","paginas":"93","subtitulo":"","orden":"0","portada":"0","idioma":"spa","editorial":[{"ID":148591,"post_author":"3","post_date":"2022-10-14 11:59:26","post_date_gmt":"2022-10-14 09:59:26","post_content":"","post_title":"NUBE DE TINTA","post_excerpt":"","post_status":"publish","comment_status":"closed","ping_status":"closed","post_password":"","post_name":"nube-de-tinta","to_ping":"","pinged":"","post_modified":"2022-10-14 11:59:26","post_modified_gmt":"2022-10-14 09:59:26","post_content_filtered":"","post_parent":0,"guid":"http:\/\/dev.claret.cat\/editorial\/nube-de-tinta\/","menu_order":0,"post_type":"editorial","post_mime_type":"","comment_count":"0","filter":"raw"}],"autores-libros":[{"ID":151096,"post_author":"3","post_date":"2022-10-14 14:38:10","post_date_gmt":"2022-10-14 12:38:10","post_content":"","post_title":"ARMANDO BASTIDA","post_excerpt":"","post_status":"publish","comment_status":"closed","ping_status":"closed","post_password":"","post_name":"armando-bastida","to_ping":"","pinged":"","post_modified":"2022-10-14 14:38:10","post_modified_gmt":"2022-10-14 12:38:10","post_content_filtered":"","post_parent":0,"guid":"http:\/\/dev.claret.cat\/autor\/armando-bastida\/","menu_order":0,"post_type":"autor","post_mime_type":"","comment_count":"0","filter":"raw"}]},"aioseo_notices":[],"_links":{"self":[{"href":"https:\/\/www.claret.cat\/es\/wp-json\/wp\/v2\/product\/48450","targetHints":{"allow":["GET"]}}],"collection":[{"href":"https:\/\/www.claret.cat\/es\/wp-json\/wp\/v2\/product"}],"about":[{"href":"https:\/\/www.claret.cat\/es\/wp-json\/wp\/v2\/types\/product"}],"wp:featuredmedia":[{"embeddable":true,"href":"https:\/\/www.claret.cat\/es\/wp-json\/wp\/v2\/media\/63008"}],"wp:attachment":[{"href":"https:\/\/www.claret.cat\/es\/wp-json\/wp\/v2\/media?parent=48450"}],"wp:term":[{"taxonomy":"product_brand","embeddable":true,"href":"https:\/\/www.claret.cat\/es\/wp-json\/wp\/v2\/product_brand?post=48450"},{"taxonomy":"product_cat","embeddable":true,"href":"https:\/\/www.claret.cat\/es\/wp-json\/wp\/v2\/product_cat?post=48450"},{"taxonomy":"product_tag","embeddable":true,"href":"https:\/\/www.claret.cat\/es\/wp-json\/wp\/v2\/product_tag?post=48450"}],"curies":[{"name":"wp","href":"https:\/\/api.w.org\/{rel}","templated":true}]}}