{"id":48496,"date":"2022-10-02T22:56:47","date_gmt":"2022-10-02T20:56:47","guid":{"rendered":"http:\/\/dev.claret.cat\/producte\/darian-rojas-de-la-fantasia-a-la-realidad\/"},"modified":"2023-10-06T11:44:19","modified_gmt":"2023-10-06T09:44:19","slug":"darian-rojas-de-la-fantasia-a-la-realidad-9788420456645","status":"publish","type":"product","link":"https:\/\/www.claret.cat\/es\/libro\/darian-rojas-de-la-fantasia-a-la-realidad-9788420456645\/","title":{"rendered":"DARIAN ROJAS, DE LA FANTAS\u00cdA A LA REALIDAD"},"content":{"rendered":"<p>Llega el esperado libro de Darian Rojas, la estrella de redes sociales. En el 2020 una chica caus\u00f3 un boom en redes sociales. Gracias a su  carisma, simpat\u00eda y buena vibra, sum\u00f3 millones de seguidores en pocos  meses, convirti\u00e9ndose en un referente del \u00e9xito para creadores de contenido. Ella es Darian Rojas, quien con un grupo de conocidos influencers form\u00f3 el Priv\u00e9 Crew. Pero su  historia de \u00e9xito va m\u00e1s all\u00e1 de los seguidores y publicaciones virales. Con el estilo ameno que la caracteriza, en este primer libro Darian  cuenta c\u00f3mo fue dejar el hogar familiar para cumplir un sue\u00f1o:  incursionar en plataformas digitales y el cambio radical que dio su vida gracias a sus divertidos videos.<\/p>\n","protected":false},"excerpt":{"rendered":"<p>ROJAS, DARIAN<\/p>\n","protected":false},"featured_media":63040,"template":"","meta":{"_acf_changed":false,"om_disable_all_campaigns":false,"rs_blank_template":"","rs_page_bg_color":"","slide_template_v7":"","inline_featured_image":false,"_monsterinsights_skip_tracking":false,"_monsterinsights_sitenote_active":false,"_monsterinsights_sitenote_note":"","_monsterinsights_sitenote_category":0},"product_brand":[],"product_cat":[565,363],"product_tag":[],"class_list":{"0":"post-48496","1":"product","2":"type-product","3":"status-publish","4":"has-post-thumbnail","6":"product_cat-influencers-3_infantil-juvenil-spa-spa","7":"product_cat-lecturas-por-adolescentes-12-18-anos","9":"first","10":"instock","11":"taxable","12":"shipping-taxable","13":"purchasable","14":"product-type-simple"},"acf":{"autor":"ROJAS, DARIAN","codart":"8420456645","libros-coleccion":"SIN LIMITES","ediciones":"1","encuadernacion":"R\u00fastica","fecha_de_publicacion":"01\/11\/2021","novedad":"1","paginas":"164","subtitulo":"","orden":"0","portada":"0","idioma":"spa","editorial":[{"ID":6118,"post_author":"3","post_date":"2022-07-28 17:45:17","post_date_gmt":"2022-07-28 15:45:17","post_content":"","post_title":"ALFAGUARA","post_excerpt":"","post_status":"publish","comment_status":"closed","ping_status":"closed","post_password":"","post_name":"alfaguara","to_ping":"","pinged":"","post_modified":"2022-07-28 17:45:17","post_modified_gmt":"2022-07-28 15:45:17","post_content_filtered":"","post_parent":0,"guid":"http:\/\/dev.claret.cat\/editorial\/alfaguara\/","menu_order":0,"post_type":"editorial","post_mime_type":"","comment_count":"0","filter":"raw"}],"autores-libros":[{"ID":153692,"post_author":"3","post_date":"2022-10-14 14:58:46","post_date_gmt":"2022-10-14 12:58:46","post_content":"","post_title":"DARIAN ROJAS","post_excerpt":"","post_status":"publish","comment_status":"closed","ping_status":"closed","post_password":"","post_name":"darian-rojas","to_ping":"","pinged":"","post_modified":"2022-10-14 14:58:46","post_modified_gmt":"2022-10-14 12:58:46","post_content_filtered":"","post_parent":0,"guid":"http:\/\/dev.claret.cat\/autor\/darian-rojas\/","menu_order":0,"post_type":"autor","post_mime_type":"","comment_count":"0","filter":"raw"}]},"aioseo_notices":[],"_links":{"self":[{"href":"https:\/\/www.claret.cat\/es\/wp-json\/wp\/v2\/product\/48496","targetHints":{"allow":["GET"]}}],"collection":[{"href":"https:\/\/www.claret.cat\/es\/wp-json\/wp\/v2\/product"}],"about":[{"href":"https:\/\/www.claret.cat\/es\/wp-json\/wp\/v2\/types\/product"}],"wp:featuredmedia":[{"embeddable":true,"href":"https:\/\/www.claret.cat\/es\/wp-json\/wp\/v2\/media\/63040"}],"wp:attachment":[{"href":"https:\/\/www.claret.cat\/es\/wp-json\/wp\/v2\/media?parent=48496"}],"wp:term":[{"taxonomy":"product_brand","embeddable":true,"href":"https:\/\/www.claret.cat\/es\/wp-json\/wp\/v2\/product_brand?post=48496"},{"taxonomy":"product_cat","embeddable":true,"href":"https:\/\/www.claret.cat\/es\/wp-json\/wp\/v2\/product_cat?post=48496"},{"taxonomy":"product_tag","embeddable":true,"href":"https:\/\/www.claret.cat\/es\/wp-json\/wp\/v2\/product_tag?post=48496"}],"curies":[{"name":"wp","href":"https:\/\/api.w.org\/{rel}","templated":true}]}}