{"id":48523,"date":"2022-10-02T22:57:16","date_gmt":"2022-10-02T20:57:16","guid":{"rendered":"http:\/\/dev.claret.cat\/producte\/contes-de-sempre\/"},"modified":"2023-07-21T17:01:24","modified_gmt":"2023-07-21T15:01:24","slug":"contes-de-sempre-9788491017905","status":"publish","type":"product","link":"https:\/\/www.claret.cat\/es\/libro\/contes-de-sempre-9788491017905\/","title":{"rendered":"CONTES DE SEMPRE"},"content":{"rendered":"<p>Un nou t\u00edtol de la col\u00b7lecci\u00f3 dedicat a cinc contes cl\u00e0ssics: La Ventafocs, La Caputxeta Vermella, Hansel i Gretel, La Sireneta i La Blancaneu. A cada doble p\u00e0gina es presenta un conte, amb els seus protagonistes i el seu vocabulari b\u00e0sic. Amb textures per tocar, sentir i explorar, el llibre tamb\u00e9 inclou un mirall al final.<\/p>\n","protected":false},"excerpt":{"rendered":"<p>LEMON RIBBON STUDIO<\/p>\n","protected":false},"featured_media":453041,"template":"","meta":{"_acf_changed":false,"om_disable_all_campaigns":false,"rs_blank_template":"","rs_page_bg_color":"","slide_template_v7":"","inline_featured_image":false,"_monsterinsights_skip_tracking":false,"_monsterinsights_sitenote_active":false,"_monsterinsights_sitenote_note":"","_monsterinsights_sitenote_category":0},"product_brand":[],"product_cat":[131,361,137,425],"product_tag":[],"class_list":{"0":"post-48523","1":"product","2":"type-product","3":"status-publish","4":"has-post-thumbnail","6":"product_cat-contes-per-infants-0-6-anys","7":"product_cat-cuentos-para-ninos-0-6-anos","8":"product_cat-escola-de-pares-infantil","9":"product_cat-escuela-de-padres","11":"first","12":"instock","13":"taxable","14":"shipping-taxable","15":"purchasable","16":"product-type-simple"},"acf":{"autor":"LEMON RIBBON STUDIO","codart":"849101790","libros-coleccion":"Toca, toca","ediciones":"1","encuadernacion":"Carpeta","fecha_de_publicacion":"01\/07\/2021","novedad":"1","paginas":"12","subtitulo":"","orden":"0","portada":"0","idioma":"cat","editorial":[{"ID":147650,"post_author":"3","post_date":"2022-10-14 11:52:12","post_date_gmt":"2022-10-14 09:52:12","post_content":"","post_title":"COMBEL EDITORIL","post_excerpt":"","post_status":"publish","comment_status":"closed","ping_status":"closed","post_password":"","post_name":"combel-editoril","to_ping":"","pinged":"","post_modified":"2022-10-14 11:52:12","post_modified_gmt":"2022-10-14 09:52:12","post_content_filtered":"","post_parent":0,"guid":"http:\/\/dev.claret.cat\/editorial\/combel-editoril\/","menu_order":0,"post_type":"editorial","post_mime_type":"","comment_count":"0","filter":"raw"}],"autores-libros":[{"ID":162097,"post_author":"3","post_date":"2022-10-14 17:28:20","post_date_gmt":"2022-10-14 15:28:20","post_content":"","post_title":"LEMON RIBBON STUDIO","post_excerpt":"","post_status":"publish","comment_status":"closed","ping_status":"closed","post_password":"","post_name":"lemon-ribbon-studio-2","to_ping":"","pinged":"","post_modified":"2022-10-14 17:28:20","post_modified_gmt":"2022-10-14 15:28:20","post_content_filtered":"","post_parent":0,"guid":"http:\/\/dev.claret.cat\/autor\/lemon-ribbon-studio-2\/","menu_order":0,"post_type":"autor","post_mime_type":"","comment_count":"0","filter":"raw"}]},"aioseo_notices":[],"_links":{"self":[{"href":"https:\/\/www.claret.cat\/es\/wp-json\/wp\/v2\/product\/48523","targetHints":{"allow":["GET"]}}],"collection":[{"href":"https:\/\/www.claret.cat\/es\/wp-json\/wp\/v2\/product"}],"about":[{"href":"https:\/\/www.claret.cat\/es\/wp-json\/wp\/v2\/types\/product"}],"wp:featuredmedia":[{"embeddable":true,"href":"https:\/\/www.claret.cat\/es\/wp-json\/wp\/v2\/media\/453041"}],"wp:attachment":[{"href":"https:\/\/www.claret.cat\/es\/wp-json\/wp\/v2\/media?parent=48523"}],"wp:term":[{"taxonomy":"product_brand","embeddable":true,"href":"https:\/\/www.claret.cat\/es\/wp-json\/wp\/v2\/product_brand?post=48523"},{"taxonomy":"product_cat","embeddable":true,"href":"https:\/\/www.claret.cat\/es\/wp-json\/wp\/v2\/product_cat?post=48523"},{"taxonomy":"product_tag","embeddable":true,"href":"https:\/\/www.claret.cat\/es\/wp-json\/wp\/v2\/product_tag?post=48523"}],"curies":[{"name":"wp","href":"https:\/\/api.w.org\/{rel}","templated":true}]}}