{"id":48559,"date":"2022-10-02T22:57:53","date_gmt":"2022-10-02T20:57:53","guid":{"rendered":"http:\/\/dev.claret.cat\/producte\/libros-infinitos-el-sistema-solar\/"},"modified":"2023-01-28T09:57:27","modified_gmt":"2023-01-28T08:57:27","slug":"libros-infinitos-el-sistema-solar-9788418473937","status":"publish","type":"product","link":"https:\/\/www.claret.cat\/es\/libro\/libros-infinitos-el-sistema-solar-9788418473937\/","title":{"rendered":"LIBROS INFINITOS. EL SISTEMA SOLAR"},"content":{"rendered":"<p>El sorprendente e ingenioso sistema de movimiento y plegado de las p\u00e1ginas de este libro permite ir descubriendo ilustraciones y textos que lo convierten en un &#8216;libro infinito&#8217;. Este dise\u00f1o de Juan Azpilicueta permite ver y leer las p\u00e1ginas de muchas maneras diferentes, en una lectura sin fin que es todo un juego.Con una l\u00ednea gr\u00e1fica pensada para las edades de iniciaci\u00f3n a la lectura, Libros infinitos. El Sistema solar es mucho m\u00e1s que un libro: por su sentido manipulativo, ayuda a afianzar la motricidad fina y desarrollar la comprensi\u00f3n visual y capacidad lectora, al tiempo que estimula la imaginaci\u00f3n y amplia los conocimientos sobre el Sistema solar, los planetas, la Tierra, la Luna y las constelaciones.<\/p>\n","protected":false},"excerpt":{"rendered":"<p>AZPILICUETA P\u00c9REZ, JUAN<\/p>\n","protected":false},"featured_media":63084,"template":"","meta":{"_acf_changed":false,"om_disable_all_campaigns":false,"rs_blank_template":"","rs_page_bg_color":"","slide_template_v7":"","inline_featured_image":false,"_monsterinsights_skip_tracking":false,"_monsterinsights_sitenote_active":false,"_monsterinsights_sitenote_note":"","_monsterinsights_sitenote_category":0},"product_brand":[],"product_cat":[131],"product_tag":[],"class_list":{"0":"post-48559","1":"product","2":"type-product","3":"status-publish","4":"has-post-thumbnail","6":"product_cat-contes-per-infants-0-6-anys","8":"first","9":"instock","10":"taxable","11":"shipping-taxable","12":"purchasable","13":"product-type-simple"},"acf":{"autor":"AZPILICUETA P\u00c9REZ, JUAN","codart":"841847393","libros-coleccion":"FORA DE COL.LECCI\u00d3","ediciones":"1","encuadernacion":"Carton\u00e9","fecha_de_publicacion":"01\/11\/2021","novedad":"1","paginas":"45","subtitulo":"","orden":"0","portada":"0","idioma":"spa","editorial":[{"ID":148398,"post_author":"3","post_date":"2022-10-14 11:57:56","post_date_gmt":"2022-10-14 09:57:56","post_content":"","post_title":"Larousse","post_excerpt":"","post_status":"publish","comment_status":"closed","ping_status":"closed","post_password":"","post_name":"larousse","to_ping":"","pinged":"","post_modified":"2022-10-14 11:57:56","post_modified_gmt":"2022-10-14 09:57:56","post_content_filtered":"","post_parent":0,"guid":"http:\/\/dev.claret.cat\/editorial\/larousse\/","menu_order":0,"post_type":"editorial","post_mime_type":"","comment_count":"0","filter":"raw"}],"autores-libros":[{"ID":160962,"post_author":"3","post_date":"2022-10-14 15:57:17","post_date_gmt":"2022-10-14 13:57:17","post_content":"","post_title":"JUAN AZPILICUETA P\u00c9REZ","post_excerpt":"","post_status":"publish","comment_status":"closed","ping_status":"closed","post_password":"","post_name":"juan-azpilicueta-perez","to_ping":"","pinged":"","post_modified":"2022-10-14 15:57:17","post_modified_gmt":"2022-10-14 13:57:17","post_content_filtered":"","post_parent":0,"guid":"http:\/\/dev.claret.cat\/autor\/juan-azpilicueta-perez\/","menu_order":0,"post_type":"autor","post_mime_type":"","comment_count":"0","filter":"raw"}]},"aioseo_notices":[],"_links":{"self":[{"href":"https:\/\/www.claret.cat\/es\/wp-json\/wp\/v2\/product\/48559","targetHints":{"allow":["GET"]}}],"collection":[{"href":"https:\/\/www.claret.cat\/es\/wp-json\/wp\/v2\/product"}],"about":[{"href":"https:\/\/www.claret.cat\/es\/wp-json\/wp\/v2\/types\/product"}],"wp:featuredmedia":[{"embeddable":true,"href":"https:\/\/www.claret.cat\/es\/wp-json\/wp\/v2\/media\/63084"}],"wp:attachment":[{"href":"https:\/\/www.claret.cat\/es\/wp-json\/wp\/v2\/media?parent=48559"}],"wp:term":[{"taxonomy":"product_brand","embeddable":true,"href":"https:\/\/www.claret.cat\/es\/wp-json\/wp\/v2\/product_brand?post=48559"},{"taxonomy":"product_cat","embeddable":true,"href":"https:\/\/www.claret.cat\/es\/wp-json\/wp\/v2\/product_cat?post=48559"},{"taxonomy":"product_tag","embeddable":true,"href":"https:\/\/www.claret.cat\/es\/wp-json\/wp\/v2\/product_tag?post=48559"}],"curies":[{"name":"wp","href":"https:\/\/api.w.org\/{rel}","templated":true}]}}