{"id":48643,"date":"2022-10-02T22:59:18","date_gmt":"2022-10-02T20:59:18","guid":{"rendered":"http:\/\/dev.claret.cat\/producte\/a-favor-de-lenemic\/"},"modified":"2025-02-01T01:56:18","modified_gmt":"2025-02-01T00:56:18","slug":"a-favor-de-lenemic-9788418908224","status":"publish","type":"product","link":"https:\/\/www.claret.cat\/es\/libro\/a-favor-de-lenemic-9788418908224\/","title":{"rendered":"A FAVOR DE L&#8221;ENEMIC"},"content":{"rendered":"<p>A favor de l&#8221;enemic \u00e9s un llibre on apareixen diversos personat-ges que s&#8221;adonen, quan ja \u00e9s massa tard, de la inconsist\u00e8ncia de les seves vides, envoltades d&#8221;una in\u00e8rcia que ha substitu\u00eft sense mostrar cap oposici\u00f3 la fermesa vital, la dignitat de la naturalesa humana, per la norma i la passivitat de sobreviure en una societat consumista que els empara: \u00abHi ha massa vida que no ho \u00e9s,\/ massa gent com les ciutats mirades des d&#8221;un avi\u00f3\/ mentre voles d&#8221;una a l&#8221;altra\u00bb.<\/p>\n","protected":false},"excerpt":{"rendered":"<p>VIRALLONGA I EGUREN, JORDI<\/p>\n","protected":false},"featured_media":63142,"template":"","meta":{"_acf_changed":false,"om_disable_all_campaigns":false,"rs_blank_template":"","rs_page_bg_color":"","slide_template_v7":"","inline_featured_image":false,"_monsterinsights_skip_tracking":false,"_monsterinsights_sitenote_active":false,"_monsterinsights_sitenote_note":"","_monsterinsights_sitenote_category":0},"product_brand":[],"product_cat":[121,340],"product_tag":[],"class_list":{"0":"post-48643","1":"product","2":"type-product","3":"status-publish","4":"has-post-thumbnail","6":"product_cat-poesia","7":"product_cat-poesia-5_otras","9":"first","10":"instock","11":"taxable","12":"shipping-taxable","13":"purchasable","14":"product-type-simple"},"acf":{"autor":"VIRALLONGA I EGUREN, JORDI","codart":"841890822","libros-coleccion":"Poesia","ediciones":"1","encuadernacion":"R\u00fastica","fecha_de_publicacion":"01\/11\/2021","novedad":"1","paginas":"59","subtitulo":"","orden":"0","portada":"0","idioma":"cat","editorial":[{"ID":6392,"post_author":"3","post_date":"2022-07-28 17:51:10","post_date_gmt":"2022-07-28 15:51:10","post_content":"","post_title":"Viena","post_excerpt":"","post_status":"publish","comment_status":"closed","ping_status":"closed","post_password":"","post_name":"viena","to_ping":"","pinged":"","post_modified":"2022-07-28 17:51:10","post_modified_gmt":"2022-07-28 15:51:10","post_content_filtered":"","post_parent":0,"guid":"http:\/\/dev.claret.cat\/editorial\/viena\/","menu_order":0,"post_type":"editorial","post_mime_type":"","comment_count":"0","filter":"raw"}],"autores-libros":[{"ID":160036,"post_author":"3","post_date":"2022-10-14 15:49:46","post_date_gmt":"2022-10-14 13:49:46","post_content":"","post_title":"JORDI VIRALLONGA I EGUREN","post_excerpt":"","post_status":"publish","comment_status":"closed","ping_status":"closed","post_password":"","post_name":"jordi-virallonga-i-eguren","to_ping":"","pinged":"","post_modified":"2022-10-14 15:49:46","post_modified_gmt":"2022-10-14 13:49:46","post_content_filtered":"","post_parent":0,"guid":"http:\/\/dev.claret.cat\/autor\/jordi-virallonga-i-eguren\/","menu_order":0,"post_type":"autor","post_mime_type":"","comment_count":"0","filter":"raw"}]},"aioseo_notices":[],"_links":{"self":[{"href":"https:\/\/www.claret.cat\/es\/wp-json\/wp\/v2\/product\/48643","targetHints":{"allow":["GET"]}}],"collection":[{"href":"https:\/\/www.claret.cat\/es\/wp-json\/wp\/v2\/product"}],"about":[{"href":"https:\/\/www.claret.cat\/es\/wp-json\/wp\/v2\/types\/product"}],"wp:featuredmedia":[{"embeddable":true,"href":"https:\/\/www.claret.cat\/es\/wp-json\/wp\/v2\/media\/63142"}],"wp:attachment":[{"href":"https:\/\/www.claret.cat\/es\/wp-json\/wp\/v2\/media?parent=48643"}],"wp:term":[{"taxonomy":"product_brand","embeddable":true,"href":"https:\/\/www.claret.cat\/es\/wp-json\/wp\/v2\/product_brand?post=48643"},{"taxonomy":"product_cat","embeddable":true,"href":"https:\/\/www.claret.cat\/es\/wp-json\/wp\/v2\/product_cat?post=48643"},{"taxonomy":"product_tag","embeddable":true,"href":"https:\/\/www.claret.cat\/es\/wp-json\/wp\/v2\/product_tag?post=48643"}],"curies":[{"name":"wp","href":"https:\/\/api.w.org\/{rel}","templated":true}]}}