{"id":48782,"date":"2022-10-02T23:01:18","date_gmt":"2022-10-02T21:01:18","guid":{"rendered":"http:\/\/dev.claret.cat\/producte\/enganos\/"},"modified":"2025-02-04T17:48:12","modified_gmt":"2025-02-04T16:48:12","slug":"enganos-9788491875635","status":"publish","type":"product","link":"https:\/\/www.claret.cat\/es\/libro\/enganos-9788491875635\/","title":{"rendered":"ENGA\u00d1OS"},"content":{"rendered":"<p>En la c\u00e1mara que acaba de instalar en su casa para vigilar a su hija de dos a\u00f1os, Maya Burkett ve algo que no se puede creer: es su marido, Joe, jugando con la hija de ambos. No hay ninguna duda, es \u00e9l. Es la misma persona que enterr\u00f3 hace muy poco, el mismo hombre al que amaba y a quien dos desconocidos asesinaron delante sus ojos. Es imposible que est\u00e9 all\u00ed, ante el objetivo. El mundo de Maya vuelve a ponerse patas arriba por segunda vez en muy poco tiempo. Pero ahora el dolor es sustituido por las preguntas. Alguien ha urdido un monumental enga\u00f1o. \u00bfPor qu\u00e9?  \u00bfPUEDES CONFIAR EN QUIEN M\u00c1S QUIERES?<\/p>\n","protected":false},"excerpt":{"rendered":"<p>COBEN HARLAN<\/p>\n","protected":false},"featured_media":63234,"template":"","meta":{"_acf_changed":false,"om_disable_all_campaigns":false,"rs_blank_template":"","rs_page_bg_color":"","slide_template_v7":"","inline_featured_image":false,"_monsterinsights_skip_tracking":false,"_monsterinsights_sitenote_active":false,"_monsterinsights_sitenote_note":"","_monsterinsights_sitenote_category":0},"product_brand":[],"product_cat":[127,357],"product_tag":[],"class_list":{"0":"post-48782","1":"product","2":"type-product","3":"status-publish","4":"has-post-thumbnail","6":"product_cat-novella-contemporania","7":"product_cat-novela-contemporanea","9":"first","10":"instock","11":"taxable","12":"shipping-taxable","13":"purchasable","14":"product-type-simple"},"acf":{"autor":"COBEN HARLAN","codart":"849187563","libros-coleccion":"NOVELA POLIC\u00cdACA","ediciones":"1","encuadernacion":"Carton\u00e9","fecha_de_publicacion":"01\/11\/2021","novedad":"1","paginas":"416","subtitulo":"","orden":"0","portada":"0","idioma":"spa","editorial":[{"ID":148737,"post_author":"3","post_date":"2022-10-14 12:00:35","post_date_gmt":"2022-10-14 10:00:35","post_content":"","post_title":"RBA Libros","post_excerpt":"","post_status":"publish","comment_status":"closed","ping_status":"closed","post_password":"","post_name":"rba-libros","to_ping":"","pinged":"","post_modified":"2022-10-14 12:00:35","post_modified_gmt":"2022-10-14 10:00:35","post_content_filtered":"","post_parent":0,"guid":"http:\/\/dev.claret.cat\/editorial\/rba-libros\/","menu_order":0,"post_type":"editorial","post_mime_type":"","comment_count":"0","filter":"raw"}],"autores-libros":[{"ID":153143,"post_author":"3","post_date":"2022-10-14 14:54:25","post_date_gmt":"2022-10-14 12:54:25","post_content":"","post_title":"COBEN HARLAN","post_excerpt":"","post_status":"publish","comment_status":"closed","ping_status":"closed","post_password":"","post_name":"coben-harlan","to_ping":"","pinged":"","post_modified":"2022-10-14 14:54:25","post_modified_gmt":"2022-10-14 12:54:25","post_content_filtered":"","post_parent":0,"guid":"http:\/\/dev.claret.cat\/autor\/coben-harlan\/","menu_order":0,"post_type":"autor","post_mime_type":"","comment_count":"0","filter":"raw"}]},"aioseo_notices":[],"_links":{"self":[{"href":"https:\/\/www.claret.cat\/es\/wp-json\/wp\/v2\/product\/48782","targetHints":{"allow":["GET"]}}],"collection":[{"href":"https:\/\/www.claret.cat\/es\/wp-json\/wp\/v2\/product"}],"about":[{"href":"https:\/\/www.claret.cat\/es\/wp-json\/wp\/v2\/types\/product"}],"wp:featuredmedia":[{"embeddable":true,"href":"https:\/\/www.claret.cat\/es\/wp-json\/wp\/v2\/media\/63234"}],"wp:attachment":[{"href":"https:\/\/www.claret.cat\/es\/wp-json\/wp\/v2\/media?parent=48782"}],"wp:term":[{"taxonomy":"product_brand","embeddable":true,"href":"https:\/\/www.claret.cat\/es\/wp-json\/wp\/v2\/product_brand?post=48782"},{"taxonomy":"product_cat","embeddable":true,"href":"https:\/\/www.claret.cat\/es\/wp-json\/wp\/v2\/product_cat?post=48782"},{"taxonomy":"product_tag","embeddable":true,"href":"https:\/\/www.claret.cat\/es\/wp-json\/wp\/v2\/product_tag?post=48782"}],"curies":[{"name":"wp","href":"https:\/\/api.w.org\/{rel}","templated":true}]}}