{"id":48836,"date":"2022-10-02T23:02:10","date_gmt":"2022-10-02T21:02:10","guid":{"rendered":"http:\/\/dev.claret.cat\/producte\/el-discreto-encanto-de-la-vida-conyugal\/"},"modified":"2023-10-06T11:43:57","modified_gmt":"2023-10-06T09:43:57","slug":"el-discreto-encanto-de-la-vida-conyugal-9788418741210","status":"publish","type":"product","link":"https:\/\/www.claret.cat\/es\/libro\/el-discreto-encanto-de-la-vida-conyugal-9788418741210\/","title":{"rendered":"EL DISCRETO ENCANTO DE LA VIDA CONYUGAL"},"content":{"rendered":"<p>Una novela electrizante, con el trasfondo de dos \u00e9pocas diferentes que esconden sorprendentes similitudes.<br \/>Estados Unidos, a\u00f1os 60. Son tiempos de movimientos sociales, protestas por los derechos civiles y marchas contra la guerra; de liberaci\u00f3n sexual, rock y drogas alucin\u00f3genas. Parece un sue\u00f1o para cualquier joven criado en un entorno familiar bohemio y progresista. Sin embargo, Hannah ans\u00eda otro tipo de vida: casarse con su novio m\u00e9dico y criar a sus hijos en una ciudad peque\u00f1a y tranquila.<br \/>Cuando encuentra la felicidad que anhelaba, se ve envuelta en un matrimonio aparentemente perfecto, pero con pocas emociones. La frustraci\u00f3n de una vida previsible y aburrida la lleva a cometer un acto de rebeld\u00eda que la obligar\u00e1 a incumplir la ley. Una transgresi\u00f3n inesperada que ocultar\u00e1 durante d\u00e9cadas. Pero un d\u00eda, en el cargado ambiente de un pa\u00eds conservador que intenta recuperarse de los atentados del 11 de septiembre, su m\u00e1s \u00edntimo secreto sale a la luz.<br \/>De la noche a la ma\u00f1ana, Hannah se ver\u00e1 cuestionada y bajo sospecha. Su peque\u00f1o mundo, cuidadosamente protegido a lo largo de los a\u00f1os, comenzar\u00e1 a desmoronarse por completo y tendr\u00e1 que luchar contra la fuerza del pasado para salir de la oscuridad.<\/p>\n","protected":false},"excerpt":{"rendered":"<p>KENNEDY, DOUGLAS<\/p>\n","protected":false},"featured_media":63280,"template":"","meta":{"_acf_changed":false,"om_disable_all_campaigns":false,"rs_blank_template":"","rs_page_bg_color":"","slide_template_v7":"","inline_featured_image":false,"_monsterinsights_skip_tracking":false,"_monsterinsights_sitenote_active":false,"_monsterinsights_sitenote_note":"","_monsterinsights_sitenote_category":0},"product_brand":[],"product_cat":[357],"product_tag":[],"class_list":{"0":"post-48836","1":"product","2":"type-product","3":"status-publish","4":"has-post-thumbnail","6":"product_cat-novela-contemporanea","8":"first","9":"instock","10":"taxable","11":"shipping-taxable","12":"purchasable","13":"product-type-simple"},"acf":{"autor":"KENNEDY, DOUGLAS","codart":"841874121","libros-coleccion":"Narrativa","ediciones":"1","encuadernacion":"R\u00fastica","fecha_de_publicacion":"01\/11\/2021","novedad":"1","paginas":"512","subtitulo":"","orden":"0","portada":"0","idioma":"spa","editorial":[{"ID":6127,"post_author":"3","post_date":"2022-07-28 17:45:28","post_date_gmt":"2022-07-28 15:45:28","post_content":"","post_title":"ARPA EDITORES","post_excerpt":"","post_status":"publish","comment_status":"closed","ping_status":"closed","post_password":"","post_name":"arpa-editores","to_ping":"","pinged":"","post_modified":"2022-07-28 17:45:28","post_modified_gmt":"2022-07-28 15:45:28","post_content_filtered":"","post_parent":0,"guid":"http:\/\/dev.claret.cat\/editorial\/arpa-editores\/","menu_order":0,"post_type":"editorial","post_mime_type":"","comment_count":"0","filter":"raw"}],"autores-libros":[{"ID":154339,"post_author":"3","post_date":"2022-10-14 15:04:02","post_date_gmt":"2022-10-14 13:04:02","post_content":"","post_title":"DOUGLAS KENNEDY","post_excerpt":"","post_status":"publish","comment_status":"closed","ping_status":"closed","post_password":"","post_name":"douglas-kennedy","to_ping":"","pinged":"","post_modified":"2022-10-14 15:04:02","post_modified_gmt":"2022-10-14 13:04:02","post_content_filtered":"","post_parent":0,"guid":"http:\/\/dev.claret.cat\/autor\/douglas-kennedy\/","menu_order":0,"post_type":"autor","post_mime_type":"","comment_count":"0","filter":"raw"}]},"aioseo_notices":[],"_links":{"self":[{"href":"https:\/\/www.claret.cat\/es\/wp-json\/wp\/v2\/product\/48836","targetHints":{"allow":["GET"]}}],"collection":[{"href":"https:\/\/www.claret.cat\/es\/wp-json\/wp\/v2\/product"}],"about":[{"href":"https:\/\/www.claret.cat\/es\/wp-json\/wp\/v2\/types\/product"}],"wp:featuredmedia":[{"embeddable":true,"href":"https:\/\/www.claret.cat\/es\/wp-json\/wp\/v2\/media\/63280"}],"wp:attachment":[{"href":"https:\/\/www.claret.cat\/es\/wp-json\/wp\/v2\/media?parent=48836"}],"wp:term":[{"taxonomy":"product_brand","embeddable":true,"href":"https:\/\/www.claret.cat\/es\/wp-json\/wp\/v2\/product_brand?post=48836"},{"taxonomy":"product_cat","embeddable":true,"href":"https:\/\/www.claret.cat\/es\/wp-json\/wp\/v2\/product_cat?post=48836"},{"taxonomy":"product_tag","embeddable":true,"href":"https:\/\/www.claret.cat\/es\/wp-json\/wp\/v2\/product_tag?post=48836"}],"curies":[{"name":"wp","href":"https:\/\/api.w.org\/{rel}","templated":true}]}}