{"id":48839,"date":"2022-10-02T23:02:15","date_gmt":"2022-10-02T21:02:15","guid":{"rendered":"http:\/\/dev.claret.cat\/producte\/destructora-de-reinos\/"},"modified":"2023-01-28T17:30:51","modified_gmt":"2023-01-28T16:30:51","slug":"destructora-de-reinos-9788412294040","status":"publish","type":"product","link":"https:\/\/www.claret.cat\/es\/libro\/destructora-de-reinos-9788412294040\/","title":{"rendered":"DESTRUCTORA DE REINOS"},"content":{"rendered":"<p>UNA EXTRA\u00d1A OSCURIDAD crece en Allward. Incluso Corayne an-Amarat puede sentirlo, confinada en su pueblo al borde del mar. Para confirmarlo, un m\u00edtico inmortal y una implacable asesina aparecen inesperadamente y revelan a Corayne que es la \u00faltima descendiente de un antiguo linaje con el poder de salvar el mundo de la destrucci\u00f3n. Con el coraz\u00f3n envenenado y armado con una espada que no es suya, un hombre de ambici\u00f3n y locura desmedidas est\u00e1 formando un ej\u00e9rcito como nunca antes se hab\u00eda visto. Y destruir\u00e1 el reino con el fin de reclamarlo. Poseedora de una magia desconocida por ella misma y con el destino del mundo sobre sus hombros,<br \/> Corayne, junto con un grupo de reticentes aliados se embarcar\u00e1n en un desesperado viaje para consumar una misi\u00f3n imposible.<\/p>\n","protected":false},"excerpt":{"rendered":"<p>AVEYARD, VICTORIA<\/p>\n","protected":false},"featured_media":63282,"template":"","meta":{"_acf_changed":false,"om_disable_all_campaigns":false,"rs_blank_template":"","rs_page_bg_color":"","slide_template_v7":"","inline_featured_image":false,"_monsterinsights_skip_tracking":false,"_monsterinsights_sitenote_active":false,"_monsterinsights_sitenote_note":"","_monsterinsights_sitenote_category":0},"product_brand":[],"product_cat":[133,117],"product_tag":[],"class_list":{"0":"post-48839","1":"product","2":"type-product","3":"status-publish","4":"has-post-thumbnail","6":"product_cat-lectures-per-adolescents-12-18-anys","7":"product_cat-juvenil","9":"first","10":"instock","11":"taxable","12":"shipping-taxable","13":"purchasable","14":"product-type-simple"},"acf":{"autor":"AVEYARD, VICTORIA","codart":"841229404","libros-coleccion":"FICCI\u00d3N JUVENIL","ediciones":"1","encuadernacion":"R\u00fastica","fecha_de_publicacion":"01\/11\/2021","novedad":"1","paginas":"624","subtitulo":"","orden":"0","portada":"0","idioma":"spa","editorial":[{"ID":148219,"post_author":"3","post_date":"2022-10-14 11:56:33","post_date_gmt":"2022-10-14 09:56:33","post_content":"","post_title":"GRAN TRAVESIA","post_excerpt":"","post_status":"publish","comment_status":"closed","ping_status":"closed","post_password":"","post_name":"gran-travesia","to_ping":"","pinged":"","post_modified":"2022-10-14 11:56:33","post_modified_gmt":"2022-10-14 09:56:33","post_content_filtered":"","post_parent":0,"guid":"http:\/\/dev.claret.cat\/editorial\/gran-travesia\/","menu_order":0,"post_type":"editorial","post_mime_type":"","comment_count":"0","filter":"raw"}],"autores-libros":[{"ID":171069,"post_author":"3","post_date":"2022-10-14 22:40:26","post_date_gmt":"2022-10-14 20:40:26","post_content":"","post_title":"VICTORIA AVEYARD","post_excerpt":"","post_status":"publish","comment_status":"closed","ping_status":"closed","post_password":"","post_name":"victoria-aveyard","to_ping":"","pinged":"","post_modified":"2022-10-14 22:40:26","post_modified_gmt":"2022-10-14 20:40:26","post_content_filtered":"","post_parent":0,"guid":"http:\/\/dev.claret.cat\/autor\/victoria-aveyard\/","menu_order":0,"post_type":"autor","post_mime_type":"","comment_count":"0","filter":"raw"}]},"aioseo_notices":[],"_links":{"self":[{"href":"https:\/\/www.claret.cat\/es\/wp-json\/wp\/v2\/product\/48839","targetHints":{"allow":["GET"]}}],"collection":[{"href":"https:\/\/www.claret.cat\/es\/wp-json\/wp\/v2\/product"}],"about":[{"href":"https:\/\/www.claret.cat\/es\/wp-json\/wp\/v2\/types\/product"}],"wp:featuredmedia":[{"embeddable":true,"href":"https:\/\/www.claret.cat\/es\/wp-json\/wp\/v2\/media\/63282"}],"wp:attachment":[{"href":"https:\/\/www.claret.cat\/es\/wp-json\/wp\/v2\/media?parent=48839"}],"wp:term":[{"taxonomy":"product_brand","embeddable":true,"href":"https:\/\/www.claret.cat\/es\/wp-json\/wp\/v2\/product_brand?post=48839"},{"taxonomy":"product_cat","embeddable":true,"href":"https:\/\/www.claret.cat\/es\/wp-json\/wp\/v2\/product_cat?post=48839"},{"taxonomy":"product_tag","embeddable":true,"href":"https:\/\/www.claret.cat\/es\/wp-json\/wp\/v2\/product_tag?post=48839"}],"curies":[{"name":"wp","href":"https:\/\/api.w.org\/{rel}","templated":true}]}}