{"id":48863,"date":"2022-10-02T23:02:39","date_gmt":"2022-10-02T21:02:39","guid":{"rendered":"http:\/\/dev.claret.cat\/producte\/filosofia-per-a-exploradors-polars\/"},"modified":"2023-01-28T02:50:53","modified_gmt":"2023-01-28T01:50:53","slug":"filosofia-per-a-exploradors-polars-9788418857416","status":"publish","type":"product","link":"https:\/\/www.claret.cat\/es\/libro\/filosofia-per-a-exploradors-polars-9788418857416\/","title":{"rendered":"FILOSOFIA PER A EXPLORADORS POLARS"},"content":{"rendered":"<p>Erling Kagge ens pot semblar l&#8217;encarnaci\u00f3 del superhome: va ser la primera persona a culminar \u00abels tres pols\u00bb (el Sud, el Nord i l&#8217;Everest) i el primer que va arribar caminant en solitari al pol Sud; col\u00b7leccionista d&#8217;art, editor d&#8217;\u00e8xit, autor supervendes i pare de fam\u00edlia. Amb aquesta motxilla, Kagge ha escrit aqu\u00ed els principis que l&#8217;han fet ser qui \u00e9s, i que ens poden ajudar a conquerir les nostres pr\u00f2pies fites<br \/> quotidianes; les petites grans exploracions de cada dia.<\/p>\n<p> Despr\u00e9s del r\u00e8cord dels tres pols i haver estat portada internacional de la revista Time, Kagge es va graduar en Filosofia a Cambridge i va fundar la seva pr\u00f2pia editorial. Ha escrit una dotzena de llibres, entre els quals El silenci en temps de soroll.<\/p>\n<p> \u00abDe vegades somio en la vida all\u00e0 al gel, per\u00f2 no com una idea rom\u00e0ntica o ing\u00e8nua, sin\u00f3 perqu\u00e8 estic conven\u00e7ut que l&#8217;exist\u00e8ncia all\u00ed, en la seva simplicitat, tenia la m\u00e0xima De vegades somio en la vida all\u00e0 al gel, per\u00f2 no com una idea rom\u00e0ntica o ing\u00e8nua, sin\u00f3 perqu\u00e8 estic conven\u00e7ut que l&#8217;exist\u00e8ncia all\u00ed, en la seva simplicitat, tenia la m\u00e0xima plenitud\u00bb<\/p>\n","protected":false},"excerpt":{"rendered":"<p>KAGGE, ERLING<\/p>\n","protected":false},"featured_media":63298,"template":"","meta":{"_acf_changed":false,"om_disable_all_campaigns":false,"rs_blank_template":"","rs_page_bg_color":"","slide_template_v7":"","inline_featured_image":false,"_monsterinsights_skip_tracking":false,"_monsterinsights_sitenote_active":false,"_monsterinsights_sitenote_note":"","_monsterinsights_sitenote_category":0},"product_brand":[],"product_cat":[166],"product_tag":[],"class_list":{"0":"post-48863","1":"product","2":"type-product","3":"status-publish","4":"has-post-thumbnail","6":"product_cat-autors-filosofia","8":"first","9":"instock","10":"taxable","11":"shipping-taxable","12":"purchasable","13":"product-type-simple"},"acf":{"autor":"KAGGE, ERLING","codart":"841885741","libros-coleccion":"","ediciones":"1","encuadernacion":"R\u00fastica","fecha_de_publicacion":"01\/11\/2021","novedad":"1","paginas":"168","subtitulo":"","orden":"0","portada":"0","idioma":"cat","editorial":[{"ID":6222,"post_author":"3","post_date":"2022-07-28 17:47:31","post_date_gmt":"2022-07-28 15:47:31","post_content":"","post_title":"Editorial Comanegra","post_excerpt":"","post_status":"publish","comment_status":"closed","ping_status":"closed","post_password":"","post_name":"editorial-comanegra","to_ping":"","pinged":"","post_modified":"2022-07-28 17:47:31","post_modified_gmt":"2022-07-28 15:47:31","post_content_filtered":"","post_parent":0,"guid":"http:\/\/dev.claret.cat\/editorial\/editorial-comanegra\/","menu_order":0,"post_type":"editorial","post_mime_type":"","comment_count":"0","filter":"raw"}],"autores-libros":[{"ID":155300,"post_author":"3","post_date":"2022-10-14 15:11:44","post_date_gmt":"2022-10-14 13:11:44","post_content":"","post_title":"ERLING KAGGE","post_excerpt":"","post_status":"publish","comment_status":"closed","ping_status":"closed","post_password":"","post_name":"erling-kagge","to_ping":"","pinged":"","post_modified":"2022-10-14 15:11:44","post_modified_gmt":"2022-10-14 13:11:44","post_content_filtered":"","post_parent":0,"guid":"http:\/\/dev.claret.cat\/autor\/erling-kagge\/","menu_order":0,"post_type":"autor","post_mime_type":"","comment_count":"0","filter":"raw"}]},"aioseo_notices":[],"_links":{"self":[{"href":"https:\/\/www.claret.cat\/es\/wp-json\/wp\/v2\/product\/48863","targetHints":{"allow":["GET"]}}],"collection":[{"href":"https:\/\/www.claret.cat\/es\/wp-json\/wp\/v2\/product"}],"about":[{"href":"https:\/\/www.claret.cat\/es\/wp-json\/wp\/v2\/types\/product"}],"wp:featuredmedia":[{"embeddable":true,"href":"https:\/\/www.claret.cat\/es\/wp-json\/wp\/v2\/media\/63298"}],"wp:attachment":[{"href":"https:\/\/www.claret.cat\/es\/wp-json\/wp\/v2\/media?parent=48863"}],"wp:term":[{"taxonomy":"product_brand","embeddable":true,"href":"https:\/\/www.claret.cat\/es\/wp-json\/wp\/v2\/product_brand?post=48863"},{"taxonomy":"product_cat","embeddable":true,"href":"https:\/\/www.claret.cat\/es\/wp-json\/wp\/v2\/product_cat?post=48863"},{"taxonomy":"product_tag","embeddable":true,"href":"https:\/\/www.claret.cat\/es\/wp-json\/wp\/v2\/product_tag?post=48863"}],"curies":[{"name":"wp","href":"https:\/\/api.w.org\/{rel}","templated":true}]}}