{"id":48893,"date":"2022-10-02T23:03:07","date_gmt":"2022-10-02T21:03:07","guid":{"rendered":"http:\/\/dev.claret.cat\/producte\/enid-blyton-la-nena-mes-rebel-9-la-nena-mes-rebel-vol-guanyar\/"},"modified":"2023-01-28T12:45:30","modified_gmt":"2023-01-28T11:45:30","slug":"enid-blyton-la-nena-mes-rebel-9-la-nena-mes-rebel-vol-guanyar-9788499063492","status":"publish","type":"product","link":"https:\/\/www.claret.cat\/es\/libro\/enid-blyton-la-nena-mes-rebel-9-la-nena-mes-rebel-vol-guanyar-9788499063492\/","title":{"rendered":"ENID BLYTON. LA NENA M\u00c9S REBEL, 9. LA NENA M\u00c9S REBEL VOL GUANYAR"},"content":{"rendered":"<p>L&#8221;Elizabeth s&#8221;empipa molt quan una nena nova \u00e9s elegida noia cap, en comptes de la seva amiga Emma. L&#8221;Elizabeth sap que la nova \u00e9s una mala pe\u00e7a, per\u00f2 com pot demostrar-ho? Aquesta noia \u00e9s m\u00e9s llesta del que l&#8221;Elizabeth es pensa i se les empesca perqu\u00e8 la nena m\u00e9s rebel sembli una busca-raons.<\/p>\n","protected":false},"excerpt":{"rendered":"<p>BLYTON, ENID \/ DIGBY, ANNE<\/p>\n","protected":false},"featured_media":63324,"template":"","meta":{"_acf_changed":false,"om_disable_all_campaigns":false,"rs_blank_template":"","rs_page_bg_color":"","slide_template_v7":"","inline_featured_image":false,"_monsterinsights_skip_tracking":false,"_monsterinsights_sitenote_active":false,"_monsterinsights_sitenote_note":"","_monsterinsights_sitenote_category":0},"product_brand":[],"product_cat":[131],"product_tag":[],"class_list":{"0":"post-48893","1":"product","2":"type-product","3":"status-publish","4":"has-post-thumbnail","6":"product_cat-contes-per-infants-0-6-anys","8":"first","9":"instock","10":"taxable","11":"shipping-taxable","12":"purchasable","13":"product-type-simple"},"acf":{"autor":"BLYTON, ENID \/ DIGBY, ANNE","codart":"849906349","libros-coleccion":"FORA DE COL.LECCI\u00d3","ediciones":"1","encuadernacion":"Carpeta","fecha_de_publicacion":"01\/11\/2021","novedad":"1","paginas":"120","subtitulo":"","orden":"0","portada":"0","idioma":"cat","editorial":[{"ID":6221,"post_author":"3","post_date":"2022-07-28 17:47:29","post_date_gmt":"2022-07-28 15:47:29","post_content":"","post_title":"Editorial Br\u00faixola","post_excerpt":"","post_status":"publish","comment_status":"closed","ping_status":"closed","post_password":"","post_name":"editorial-bruixola","to_ping":"","pinged":"","post_modified":"2022-07-28 17:47:29","post_modified_gmt":"2022-07-28 15:47:29","post_content_filtered":"","post_parent":0,"guid":"http:\/\/dev.claret.cat\/editorial\/editorial-bruixola\/","menu_order":0,"post_type":"editorial","post_mime_type":"","comment_count":"0","filter":"raw"}],"autores-libros":[{"ID":150692,"post_author":"3","post_date":"2022-10-14 14:34:59","post_date_gmt":"2022-10-14 12:34:59","post_content":"","post_title":"ANNE DIGBY","post_excerpt":"","post_status":"publish","comment_status":"closed","ping_status":"closed","post_password":"","post_name":"anne-digby","to_ping":"","pinged":"","post_modified":"2022-10-14 14:34:59","post_modified_gmt":"2022-10-14 12:34:59","post_content_filtered":"","post_parent":0,"guid":"http:\/\/dev.claret.cat\/autor\/anne-digby\/","menu_order":0,"post_type":"autor","post_mime_type":"","comment_count":"0","filter":"raw"},{"ID":155082,"post_author":"3","post_date":"2022-10-14 15:10:01","post_date_gmt":"2022-10-14 13:10:01","post_content":"","post_title":"ENID BLYTON","post_excerpt":"","post_status":"publish","comment_status":"closed","ping_status":"closed","post_password":"","post_name":"enid-blyton","to_ping":"","pinged":"","post_modified":"2022-10-14 15:10:01","post_modified_gmt":"2022-10-14 13:10:01","post_content_filtered":"","post_parent":0,"guid":"http:\/\/dev.claret.cat\/autor\/enid-blyton\/","menu_order":0,"post_type":"autor","post_mime_type":"","comment_count":"0","filter":"raw"}]},"aioseo_notices":[],"_links":{"self":[{"href":"https:\/\/www.claret.cat\/es\/wp-json\/wp\/v2\/product\/48893","targetHints":{"allow":["GET"]}}],"collection":[{"href":"https:\/\/www.claret.cat\/es\/wp-json\/wp\/v2\/product"}],"about":[{"href":"https:\/\/www.claret.cat\/es\/wp-json\/wp\/v2\/types\/product"}],"wp:featuredmedia":[{"embeddable":true,"href":"https:\/\/www.claret.cat\/es\/wp-json\/wp\/v2\/media\/63324"}],"wp:attachment":[{"href":"https:\/\/www.claret.cat\/es\/wp-json\/wp\/v2\/media?parent=48893"}],"wp:term":[{"taxonomy":"product_brand","embeddable":true,"href":"https:\/\/www.claret.cat\/es\/wp-json\/wp\/v2\/product_brand?post=48893"},{"taxonomy":"product_cat","embeddable":true,"href":"https:\/\/www.claret.cat\/es\/wp-json\/wp\/v2\/product_cat?post=48893"},{"taxonomy":"product_tag","embeddable":true,"href":"https:\/\/www.claret.cat\/es\/wp-json\/wp\/v2\/product_tag?post=48893"}],"curies":[{"name":"wp","href":"https:\/\/api.w.org\/{rel}","templated":true}]}}