{"id":48926,"date":"2022-10-02T23:03:42","date_gmt":"2022-10-02T21:03:42","guid":{"rendered":"http:\/\/dev.claret.cat\/producte\/cualquier-tiempo-pasado-fue-anterior\/"},"modified":"2023-01-28T23:34:54","modified_gmt":"2023-01-28T22:34:54","slug":"cualquier-tiempo-pasado-fue-anterior-9788413842349","status":"publish","type":"product","link":"https:\/\/www.claret.cat\/es\/libro\/cualquier-tiempo-pasado-fue-anterior-9788413842349\/","title":{"rendered":"CUALQUIER TIEMPO PASADO FUE ANTERIOR"},"content":{"rendered":"<p>No tengas duda: cualquier tiempo pasado fue anterior. Y Nieves Concostrina vuelve para cont\u00e1rnoslo, siempre desde una perspectiva ir\u00f3nica, muy personal y muy \u00fanica.<\/p>\n<p> Tras el impresionante \u00e9xito de Pret\u00e9rito imperfecto -50.000 ejemplares vendidos-, nos regala ahora una aguda narraci\u00f3n que da otra vuelta de tuerca a la Historia, mostr\u00e1ndonos la cara y cruz de los acontecimientos por los que han transitado emperatrices, generales, pol\u00edticos, estrategas, papas, mujeres y hombres de toda condici\u00f3n.<\/p>\n<p> Un libro para conocer desde por qu\u00e9 los campechanos salen rana hasta qu\u00e9 pinta dios en un BOE del siglo XXI.<\/p>\n<p> Borbones en el exilio: juego de trileros<br \/> El le\u00f3n del Congreso no tiene huevos<br \/> El  lumpemproletariado contra Sissi emperatriz<br \/> La agitada muerte del presidente Aza\u00f1a<br \/> Hitler, Franco y P\u00e9tain, un tr\u00edo amoroso<\/p>\n","protected":false},"excerpt":{"rendered":"<p>CONCOSTRINA, NIEVES<\/p>\n","protected":false},"featured_media":63348,"template":"","meta":{"_acf_changed":false,"om_disable_all_campaigns":false,"rs_blank_template":"","rs_page_bg_color":"","slide_template_v7":"","inline_featured_image":false,"_monsterinsights_skip_tracking":false,"_monsterinsights_sitenote_active":false,"_monsterinsights_sitenote_note":"","_monsterinsights_sitenote_category":0},"product_brand":[],"product_cat":[154],"product_tag":[],"class_list":{"0":"post-48926","1":"product","2":"type-product","3":"status-publish","4":"has-post-thumbnail","6":"product_cat-espanaya","8":"first","9":"instock","10":"taxable","11":"shipping-taxable","12":"purchasable","13":"product-type-simple"},"acf":{"autor":"CONCOSTRINA, NIEVES","codart":"841384234","libros-coleccion":"","ediciones":"1","encuadernacion":"R\u00fastica","fecha_de_publicacion":"01\/11\/2021","novedad":"1","paginas":"398","subtitulo":"","orden":"0","portada":"0","idioma":"spa","editorial":[{"ID":6277,"post_author":"3","post_date":"2022-07-28 17:48:44","post_date_gmt":"2022-07-28 15:48:44","post_content":"","post_title":"LA ESFERA DE LOS LIBROS","post_excerpt":"","post_status":"publish","comment_status":"closed","ping_status":"closed","post_password":"","post_name":"la-esfera-de-los-libros","to_ping":"","pinged":"","post_modified":"2022-07-28 17:48:44","post_modified_gmt":"2022-07-28 15:48:44","post_content_filtered":"","post_parent":0,"guid":"http:\/\/dev.claret.cat\/editorial\/la-esfera-de-los-libros\/","menu_order":0,"post_type":"editorial","post_mime_type":"","comment_count":"0","filter":"raw"}],"autores-libros":[{"ID":165859,"post_author":"3","post_date":"2022-10-14 17:58:30","post_date_gmt":"2022-10-14 15:58:30","post_content":"","post_title":"NIEVES CONCOSTRINA","post_excerpt":"","post_status":"publish","comment_status":"closed","ping_status":"closed","post_password":"","post_name":"nieves-concostrina","to_ping":"","pinged":"","post_modified":"2022-10-14 17:58:30","post_modified_gmt":"2022-10-14 15:58:30","post_content_filtered":"","post_parent":0,"guid":"http:\/\/dev.claret.cat\/autor\/nieves-concostrina\/","menu_order":0,"post_type":"autor","post_mime_type":"","comment_count":"0","filter":"raw"}]},"aioseo_notices":[],"_links":{"self":[{"href":"https:\/\/www.claret.cat\/es\/wp-json\/wp\/v2\/product\/48926","targetHints":{"allow":["GET"]}}],"collection":[{"href":"https:\/\/www.claret.cat\/es\/wp-json\/wp\/v2\/product"}],"about":[{"href":"https:\/\/www.claret.cat\/es\/wp-json\/wp\/v2\/types\/product"}],"wp:featuredmedia":[{"embeddable":true,"href":"https:\/\/www.claret.cat\/es\/wp-json\/wp\/v2\/media\/63348"}],"wp:attachment":[{"href":"https:\/\/www.claret.cat\/es\/wp-json\/wp\/v2\/media?parent=48926"}],"wp:term":[{"taxonomy":"product_brand","embeddable":true,"href":"https:\/\/www.claret.cat\/es\/wp-json\/wp\/v2\/product_brand?post=48926"},{"taxonomy":"product_cat","embeddable":true,"href":"https:\/\/www.claret.cat\/es\/wp-json\/wp\/v2\/product_cat?post=48926"},{"taxonomy":"product_tag","embeddable":true,"href":"https:\/\/www.claret.cat\/es\/wp-json\/wp\/v2\/product_tag?post=48926"}],"curies":[{"name":"wp","href":"https:\/\/api.w.org\/{rel}","templated":true}]}}