{"id":49022,"date":"2022-10-02T23:05:16","date_gmt":"2022-10-02T21:05:16","guid":{"rendered":"http:\/\/dev.claret.cat\/producte\/la-mujer-que-toco-a-jesus\/"},"modified":"2026-01-30T12:38:11","modified_gmt":"2026-01-30T11:38:11","slug":"la-mujer-que-toco-a-jesus-9788428564786","status":"publish","type":"product","link":"https:\/\/www.claret.cat\/es\/libro\/la-mujer-que-toco-a-jesus-9788428564786\/","title":{"rendered":"LA MUJER QUE TOC\u00d3 A JES\u00daS"},"content":{"rendered":"<p>La mujer que toc\u00f3 a Jes\u00fas es un personaje que en el evangelio de Marcos destaca por su lealtad, su autenticidad y su resiliencia, su iniciativa y su capacidad reflexiva, su diacon\u00eda en el nuevo grupo y su poder relacional. Una mujer creyente, sanada y sanadora, que simboliza la reconfiguraci\u00f3n del espacio de la casa, m\u00e1s all\u00e1 de los c\u00e1nones de la familia patriarcal.<\/p>\n","protected":false},"excerpt":{"rendered":"<p>EST\u00c9VEZ L\u00d3PEZ, ELISA<\/p>\n","protected":false},"featured_media":1079886,"template":"","meta":{"_acf_changed":false,"om_disable_all_campaigns":false,"rs_blank_template":"","rs_page_bg_color":"","slide_template_v7":"","inline_featured_image":false,"_monsterinsights_skip_tracking":false,"_monsterinsights_sitenote_active":false,"_monsterinsights_sitenote_note":"","_monsterinsights_sitenote_category":0},"product_brand":[],"product_cat":[92,542],"product_tag":[],"class_list":{"0":"post-49022","1":"product","2":"type-product","3":"status-publish","4":"has-post-thumbnail","6":"product_cat-vida-religiosa","7":"product_cat-vida-religiosa-1_espiritualidad-spa","9":"first","10":"instock","11":"taxable","12":"shipping-taxable","13":"purchasable","14":"product-type-simple"},"acf":{"autor":"EST\u00c9VEZ L\u00d3PEZ, ELISA","codart":"842856478","libros-coleccion":"FORA DE COL.LECCI\u00d3","ediciones":"1","encuadernacion":"R\u00fastica","fecha_de_publicacion":"17\/11\/2021","novedad":"1","paginas":"72","subtitulo":"UNA HIJA DIFERENTE EN UNA FAMILIA ALTERNATIVA - (Mc 5,24b-34)","orden":"0","portada":"0","idioma":"spa","editorial":[{"ID":6356,"post_author":"3","post_date":"2022-07-28 17:50:26","post_date_gmt":"2022-07-28 15:50:26","post_content":"","post_title":"SAN PABLO COMUNICACI\u00d3N","post_excerpt":"","post_status":"publish","comment_status":"closed","ping_status":"closed","post_password":"","post_name":"san-pablo-comunicacion","to_ping":"","pinged":"","post_modified":"2022-07-28 17:50:26","post_modified_gmt":"2022-07-28 15:50:26","post_content_filtered":"","post_parent":0,"guid":"http:\/\/dev.claret.cat\/editorial\/san-pablo-comunicacion\/","menu_order":0,"post_type":"editorial","post_mime_type":"","comment_count":"0","filter":"raw"}],"autores-libros":[{"ID":154793,"post_author":"3","post_date":"2022-10-14 15:07:41","post_date_gmt":"2022-10-14 13:07:41","post_content":"","post_title":"ELISA EST\u00c9VEZ L\u00d3PEZ","post_excerpt":"","post_status":"publish","comment_status":"closed","ping_status":"closed","post_password":"","post_name":"elisa-estevez-lopez","to_ping":"","pinged":"","post_modified":"2022-10-14 15:07:41","post_modified_gmt":"2022-10-14 13:07:41","post_content_filtered":"","post_parent":0,"guid":"http:\/\/dev.claret.cat\/autor\/elisa-estevez-lopez\/","menu_order":0,"post_type":"autor","post_mime_type":"","comment_count":"0","filter":"raw"}],"booktrailer":"","resenas":""},"aioseo_notices":[],"_links":{"self":[{"href":"https:\/\/www.claret.cat\/es\/wp-json\/wp\/v2\/product\/49022","targetHints":{"allow":["GET"]}}],"collection":[{"href":"https:\/\/www.claret.cat\/es\/wp-json\/wp\/v2\/product"}],"about":[{"href":"https:\/\/www.claret.cat\/es\/wp-json\/wp\/v2\/types\/product"}],"wp:featuredmedia":[{"embeddable":true,"href":"https:\/\/www.claret.cat\/es\/wp-json\/wp\/v2\/media\/1079886"}],"wp:attachment":[{"href":"https:\/\/www.claret.cat\/es\/wp-json\/wp\/v2\/media?parent=49022"}],"wp:term":[{"taxonomy":"product_brand","embeddable":true,"href":"https:\/\/www.claret.cat\/es\/wp-json\/wp\/v2\/product_brand?post=49022"},{"taxonomy":"product_cat","embeddable":true,"href":"https:\/\/www.claret.cat\/es\/wp-json\/wp\/v2\/product_cat?post=49022"},{"taxonomy":"product_tag","embeddable":true,"href":"https:\/\/www.claret.cat\/es\/wp-json\/wp\/v2\/product_tag?post=49022"}],"curies":[{"name":"wp","href":"https:\/\/api.w.org\/{rel}","templated":true}]}}