{"id":49031,"date":"2022-10-02T23:05:23","date_gmt":"2022-10-02T21:05:23","guid":{"rendered":"http:\/\/dev.claret.cat\/producte\/cuentos-de-belen\/"},"modified":"2025-12-29T12:30:17","modified_gmt":"2025-12-29T11:30:17","slug":"cuentos-de-belen-9788428564748","status":"publish","type":"product","link":"https:\/\/www.claret.cat\/es\/libro\/cuentos-de-belen-9788428564748\/","title":{"rendered":"CUENTOS DE BEL\u00c9N"},"content":{"rendered":"<p>Un burro holgaz\u00e1n, unos \u00e1ngeles traviesos, los vecinos de Bel\u00e9n o un zagal desfigurado son protagonistas en este libro en el que hasta la paja del pesebre tiene una historia que contar. La te\u00f3loga y escritora Isabel G\u00f3mez-Acebo se asoma al relato del nacimiento de Jes\u00fas a trav\u00e9s de entra\u00f1ables cuentos, bellamente ilustrados, cargados de ternura, deseos de concordia y amor por las celebraciones familiares y la tradici\u00f3n. Dulces historias en torno a la Navidad de ayer y hoy y su capacidad de hacernos mejores. Las ilustraciones, de Isabel Fern\u00e1ndez de Araoz, son en su mayor parte recreaciones en acuarela de conocidas obras pict\u00f3ricas.<\/p>\n","protected":false},"excerpt":{"rendered":"<p>G\u00d3MEZ-ACEBO, ISABEL<\/p>\n","protected":false},"featured_media":336599,"template":"","meta":{"_acf_changed":false,"om_disable_all_campaigns":false,"rs_blank_template":"","rs_page_bg_color":"","slide_template_v7":"","inline_featured_image":false,"_monsterinsights_skip_tracking":false,"_monsterinsights_sitenote_active":false,"_monsterinsights_sitenote_note":"","_monsterinsights_sitenote_category":0},"product_brand":[],"product_cat":[92,542],"product_tag":[],"class_list":{"0":"post-49031","1":"product","2":"type-product","3":"status-publish","4":"has-post-thumbnail","6":"product_cat-vida-religiosa","7":"product_cat-vida-religiosa-1_espiritualidad-spa","9":"first","10":"instock","11":"taxable","12":"shipping-taxable","13":"purchasable","14":"product-type-simple"},"acf":{"autor":"G\u00d3MEZ-ACEBO, ISABEL","codart":"842856474","libros-coleccion":"Teselas","ediciones":"1","encuadernacion":"R\u00fastica","fecha_de_publicacion":"17\/11\/2021","novedad":"1","paginas":"72","subtitulo":"","orden":"0","portada":"0","idioma":"spa","editorial":[{"ID":6356,"post_author":"3","post_date":"2022-07-28 17:50:26","post_date_gmt":"2022-07-28 15:50:26","post_content":"","post_title":"SAN PABLO COMUNICACI\u00d3N","post_excerpt":"","post_status":"publish","comment_status":"closed","ping_status":"closed","post_password":"","post_name":"san-pablo-comunicacion","to_ping":"","pinged":"","post_modified":"2022-07-28 17:50:26","post_modified_gmt":"2022-07-28 15:50:26","post_content_filtered":"","post_parent":0,"guid":"http:\/\/dev.claret.cat\/editorial\/san-pablo-comunicacion\/","menu_order":0,"post_type":"editorial","post_mime_type":"","comment_count":"0","filter":"raw"}],"autores-libros":[{"ID":158062,"post_author":"3","post_date":"2022-10-14 15:33:51","post_date_gmt":"2022-10-14 13:33:51","post_content":"","post_title":"ISABEL G\u00d3MEZ-ACEBO","post_excerpt":"","post_status":"publish","comment_status":"closed","ping_status":"closed","post_password":"","post_name":"isabel-gomez-acebo-2","to_ping":"","pinged":"","post_modified":"2022-10-14 15:33:51","post_modified_gmt":"2022-10-14 13:33:51","post_content_filtered":"","post_parent":0,"guid":"http:\/\/dev.claret.cat\/autor\/isabel-gomez-acebo-2\/","menu_order":0,"post_type":"autor","post_mime_type":"","comment_count":"0","filter":"raw"}],"booktrailer":"","resenas":""},"aioseo_notices":[],"_links":{"self":[{"href":"https:\/\/www.claret.cat\/es\/wp-json\/wp\/v2\/product\/49031","targetHints":{"allow":["GET"]}}],"collection":[{"href":"https:\/\/www.claret.cat\/es\/wp-json\/wp\/v2\/product"}],"about":[{"href":"https:\/\/www.claret.cat\/es\/wp-json\/wp\/v2\/types\/product"}],"wp:featuredmedia":[{"embeddable":true,"href":"https:\/\/www.claret.cat\/es\/wp-json\/wp\/v2\/media\/336599"}],"wp:attachment":[{"href":"https:\/\/www.claret.cat\/es\/wp-json\/wp\/v2\/media?parent=49031"}],"wp:term":[{"taxonomy":"product_brand","embeddable":true,"href":"https:\/\/www.claret.cat\/es\/wp-json\/wp\/v2\/product_brand?post=49031"},{"taxonomy":"product_cat","embeddable":true,"href":"https:\/\/www.claret.cat\/es\/wp-json\/wp\/v2\/product_cat?post=49031"},{"taxonomy":"product_tag","embeddable":true,"href":"https:\/\/www.claret.cat\/es\/wp-json\/wp\/v2\/product_tag?post=49031"}],"curies":[{"name":"wp","href":"https:\/\/api.w.org\/{rel}","templated":true}]}}