{"id":49070,"date":"2022-10-02T23:06:03","date_gmt":"2022-10-02T21:06:03","guid":{"rendered":"http:\/\/dev.claret.cat\/producte\/cataluna-tierra-de-vino\/"},"modified":"2023-01-28T10:17:37","modified_gmt":"2023-01-28T09:17:37","slug":"cataluna-tierra-de-vino-9788416445622","status":"publish","type":"product","link":"https:\/\/www.claret.cat\/es\/libro\/cataluna-tierra-de-vino-9788416445622\/","title":{"rendered":"CATALU\u00d1A, TIERRA DE VINO"},"content":{"rendered":"<p>\u00abEl vino catal\u00e1n de hoy es m\u00e1s bueno que nunca. No es una exageraci\u00f3n apasionada, es una verdad tangible.<br \/> El paisaje vit\u00edcola catal\u00e1n est\u00e1 impregnado de valores sociales, culturales, hist\u00f3ricos, est\u00e9ticos e incluso espirituales.<br \/> Los vinos de Catalu\u00f1a son hoy un reclamo para el que quiera beberse el paisaje y ayudar a fortalecer los lazos, a menudo menospreciados, del trabajo en el terru\u00f1o, de los verdaderos h\u00e9roes de la vida real, los payeses de tierras pobres, aut\u00e9nticos creadores de paisajes, seg\u00fan Josep Pla.<br \/> Este libro planta una semilla comunicativa valiosa, necesaria, engalanada. Al pasar cada p\u00e1gina, se entrev\u00e9n pliegos de cultura ancestral, honesta, esforzada.<br \/> Un mar de vi\u00f1as que luce destacado. Un libro que bebe p\u00edldoras deliciosas de personas ilustres de la cultura gastron\u00f3mica de nuestro pa\u00eds, haciendo una glosa de tierra y de gente del vino.<br \/> Un brindis por los sentidos, compartiendo pasi\u00f3n, sabidur\u00eda y buen gusto sobre los vinos de Catalu\u00f1a, a lo largo de las denominaciones de origen. Es un cultivo<br \/> de cultura agraria, vitalidad econ\u00f3mica y vidas embotelladas.<\/p>\n","protected":false},"excerpt":{"rendered":"<p>TOLOSA PLANET, LLU\u00cdS \/ FRANC\u00c0S MARTORELL, RAMON \/ SUCARRATS MIR\u00d3, JOSEP \/ SANS<\/p>\n","protected":false},"featured_media":63452,"template":"","meta":{"_acf_changed":false,"om_disable_all_campaigns":false,"rs_blank_template":"","rs_page_bg_color":"","slide_template_v7":"","inline_featured_image":false,"_monsterinsights_skip_tracking":false,"_monsterinsights_sitenote_active":false,"_monsterinsights_sitenote_note":"","_monsterinsights_sitenote_category":0},"product_brand":[],"product_cat":[103,105],"product_tag":[],"class_list":{"0":"post-49070","1":"product","2":"type-product","3":"status-publish","4":"has-post-thumbnail","6":"product_cat-cuina","7":"product_cat-regal","9":"first","10":"instock","11":"taxable","12":"shipping-taxable","13":"purchasable","14":"product-type-simple"},"acf":{"autor":"TOLOSA PLANET, LLU\u00cdS \/ FRANC\u00c0S MARTORELL, RAMON \/ SUCARRATS MIR\u00d3, JOSEP \/ SANS","codart":"841644562","libros-coleccion":"Colecci\u00f3n: -----","ediciones":"1","encuadernacion":"Carton\u00e9","fecha_de_publicacion":"01\/10\/2021","novedad":"1","paginas":"303","subtitulo":"LAS DENOMINACIONES DE ORIGEN","orden":"0","portada":"0","idioma":"spa","editorial":[{"ID":147885,"post_author":"3","post_date":"2022-10-14 11:53:57","post_date_gmt":"2022-10-14 09:53:57","post_content":"","post_title":"Edicions i Propostes Culturals Andana","post_excerpt":"","post_status":"publish","comment_status":"closed","ping_status":"closed","post_password":"","post_name":"edicions-i-propostes-culturals-andana","to_ping":"","pinged":"","post_modified":"2022-10-14 11:53:57","post_modified_gmt":"2022-10-14 09:53:57","post_content_filtered":"","post_parent":0,"guid":"http:\/\/dev.claret.cat\/editorial\/edicions-i-propostes-culturals-andana\/","menu_order":0,"post_type":"editorial","post_mime_type":"","comment_count":"0","filter":"raw"}],"autores-libros":[{"ID":167717,"post_author":"3","post_date":"2022-10-14 18:13:27","post_date_gmt":"2022-10-14 16:13:27","post_content":"","post_title":"RAMON FRANC\u00c0S MARTORELL","post_excerpt":"","post_status":"publish","comment_status":"closed","ping_status":"closed","post_password":"","post_name":"ramon-francas-martorell","to_ping":"","pinged":"","post_modified":"2022-10-14 18:13:27","post_modified_gmt":"2022-10-14 16:13:27","post_content_filtered":"","post_parent":0,"guid":"http:\/\/dev.claret.cat\/autor\/ramon-francas-martorell\/","menu_order":0,"post_type":"autor","post_mime_type":"","comment_count":"0","filter":"raw"},{"ID":162387,"post_author":"3","post_date":"2022-10-14 17:30:36","post_date_gmt":"2022-10-14 15:30:36","post_content":"","post_title":"LLU\u00cdS TOLOSA PLANET","post_excerpt":"","post_status":"publish","comment_status":"closed","ping_status":"closed","post_password":"","post_name":"lluis-tolosa-planet","to_ping":"","pinged":"","post_modified":"2022-10-14 17:30:36","post_modified_gmt":"2022-10-14 15:30:36","post_content_filtered":"","post_parent":0,"guid":"http:\/\/dev.claret.cat\/autor\/lluis-tolosa-planet\/","menu_order":0,"post_type":"autor","post_mime_type":"","comment_count":"0","filter":"raw"},{"ID":160830,"post_author":"3","post_date":"2022-10-14 15:56:13","post_date_gmt":"2022-10-14 13:56:13","post_content":"","post_title":"JOSEP SUCARRATS MIR\u00d3","post_excerpt":"","post_status":"publish","comment_status":"closed","ping_status":"closed","post_password":"","post_name":"josep-sucarrats-miro","to_ping":"","pinged":"","post_modified":"2022-10-14 15:56:13","post_modified_gmt":"2022-10-14 13:56:13","post_content_filtered":"","post_parent":0,"guid":"http:\/\/dev.claret.cat\/autor\/josep-sucarrats-miro\/","menu_order":0,"post_type":"autor","post_mime_type":"","comment_count":"0","filter":"raw"},{"ID":168986,"post_author":"3","post_date":"2022-10-14 22:23:33","post_date_gmt":"2022-10-14 20:23:33","post_content":"","post_title":"SANS","post_excerpt":"","post_status":"publish","comment_status":"closed","ping_status":"closed","post_password":"","post_name":"sans","to_ping":"","pinged":"","post_modified":"2022-10-14 22:23:33","post_modified_gmt":"2022-10-14 20:23:33","post_content_filtered":"","post_parent":0,"guid":"http:\/\/dev.claret.cat\/autor\/sans\/","menu_order":0,"post_type":"autor","post_mime_type":"","comment_count":"0","filter":"raw"}]},"aioseo_notices":[],"_links":{"self":[{"href":"https:\/\/www.claret.cat\/es\/wp-json\/wp\/v2\/product\/49070","targetHints":{"allow":["GET"]}}],"collection":[{"href":"https:\/\/www.claret.cat\/es\/wp-json\/wp\/v2\/product"}],"about":[{"href":"https:\/\/www.claret.cat\/es\/wp-json\/wp\/v2\/types\/product"}],"wp:featuredmedia":[{"embeddable":true,"href":"https:\/\/www.claret.cat\/es\/wp-json\/wp\/v2\/media\/63452"}],"wp:attachment":[{"href":"https:\/\/www.claret.cat\/es\/wp-json\/wp\/v2\/media?parent=49070"}],"wp:term":[{"taxonomy":"product_brand","embeddable":true,"href":"https:\/\/www.claret.cat\/es\/wp-json\/wp\/v2\/product_brand?post=49070"},{"taxonomy":"product_cat","embeddable":true,"href":"https:\/\/www.claret.cat\/es\/wp-json\/wp\/v2\/product_cat?post=49070"},{"taxonomy":"product_tag","embeddable":true,"href":"https:\/\/www.claret.cat\/es\/wp-json\/wp\/v2\/product_tag?post=49070"}],"curies":[{"name":"wp","href":"https:\/\/api.w.org\/{rel}","templated":true}]}}