{"id":49073,"date":"2022-10-02T23:06:06","date_gmt":"2022-10-02T21:06:06","guid":{"rendered":"http:\/\/dev.claret.cat\/producte\/catalunya-terra-de-vi\/"},"modified":"2023-01-28T14:26:21","modified_gmt":"2023-01-28T13:26:21","slug":"catalunya-terra-de-vi-9788416445615","status":"publish","type":"product","link":"https:\/\/www.claret.cat\/es\/libro\/catalunya-terra-de-vi-9788416445615\/","title":{"rendered":"CATALUNYA, TERRA DE VI"},"content":{"rendered":"<p>El vi catal\u00e0 d&#8217;avui \u00e9s m\u00e9s bo que mai. No \u00e9s una exageraci\u00f3 apassionada, \u00e9s una veritat tangible.<br \/> El paisatge vit\u00edcola catal\u00e0 est\u00e0 impregnat de valors socials, culturals, hist\u00f2rics, est\u00e8tics i fins i tot espirituals. Els vins de Catalunya s\u00f3n avui un reclam per a qui vulgui beure&#8217;s el paisatge i ajudar a enfortir els lla\u00e7os sovint menyspreats del treball al tros, dels verdaders herois de la vida real, els pagesos de terres pobres, aut\u00e8ntics creadors de paisatges segons Pla.<br \/> Aquest llibre planta una llavor comunicativa valuosa, necess\u00e0ria, engalanada. A cada volta de full s&#8217;hi entreveuen plecs de cultura ancestral, honesta, esfor\u00e7ada. Un mar de vinyes que llueix destacat Un llibre que beu p\u00edndoles delicioses de persones il\u00b7lustres de la cultura gastron\u00f2mica del nostre pa\u00eds fent una glosa de terra i de gent de vi.<br \/> Un brindis per als sentits, compartint passi\u00f3, saviesa i bon gust sobre els vins de Catalunya, al llarg de les denominacions d&#8217;origen. \u00c9s un conreu de cultura agr\u00e0ria, vitalitat econ\u00f2mica i vides embotellades.<\/p>\n","protected":false},"excerpt":{"rendered":"<p>TOLOSA PLANET, LLU\u00cdS \/ SUCARRATS MIR\u00d3, JOSEP \/ FRANC\u00c0S MARTORELL, RAMON \/ SANS<\/p>\n","protected":false},"featured_media":63454,"template":"","meta":{"_acf_changed":false,"om_disable_all_campaigns":false,"rs_blank_template":"","rs_page_bg_color":"","slide_template_v7":"","inline_featured_image":false,"_monsterinsights_skip_tracking":false,"_monsterinsights_sitenote_active":false,"_monsterinsights_sitenote_note":"","_monsterinsights_sitenote_category":0},"product_brand":[],"product_cat":[103,105],"product_tag":[],"class_list":{"0":"post-49073","1":"product","2":"type-product","3":"status-publish","4":"has-post-thumbnail","6":"product_cat-cuina","7":"product_cat-regal","9":"first","10":"instock","11":"taxable","12":"shipping-taxable","13":"purchasable","14":"product-type-simple"},"acf":{"autor":"TOLOSA PLANET, LLU\u00cdS \/ SUCARRATS MIR\u00d3, JOSEP \/ FRANC\u00c0S MARTORELL, RAMON \/ SANS","codart":"841644561","libros-coleccion":"Col\u00b7lecci\u00f3: -----","ediciones":"1","encuadernacion":"Carton\u00e9","fecha_de_publicacion":"01\/10\/2021","novedad":"1","paginas":"303","subtitulo":"LES DENOMINACIONS D'ORIGEN","orden":"0","portada":"0","idioma":"cat","editorial":[{"ID":147885,"post_author":"3","post_date":"2022-10-14 11:53:57","post_date_gmt":"2022-10-14 09:53:57","post_content":"","post_title":"Edicions i Propostes Culturals Andana","post_excerpt":"","post_status":"publish","comment_status":"closed","ping_status":"closed","post_password":"","post_name":"edicions-i-propostes-culturals-andana","to_ping":"","pinged":"","post_modified":"2022-10-14 11:53:57","post_modified_gmt":"2022-10-14 09:53:57","post_content_filtered":"","post_parent":0,"guid":"http:\/\/dev.claret.cat\/editorial\/edicions-i-propostes-culturals-andana\/","menu_order":0,"post_type":"editorial","post_mime_type":"","comment_count":"0","filter":"raw"}],"autores-libros":[{"ID":167717,"post_author":"3","post_date":"2022-10-14 18:13:27","post_date_gmt":"2022-10-14 16:13:27","post_content":"","post_title":"RAMON FRANC\u00c0S MARTORELL","post_excerpt":"","post_status":"publish","comment_status":"closed","ping_status":"closed","post_password":"","post_name":"ramon-francas-martorell","to_ping":"","pinged":"","post_modified":"2022-10-14 18:13:27","post_modified_gmt":"2022-10-14 16:13:27","post_content_filtered":"","post_parent":0,"guid":"http:\/\/dev.claret.cat\/autor\/ramon-francas-martorell\/","menu_order":0,"post_type":"autor","post_mime_type":"","comment_count":"0","filter":"raw"},{"ID":162387,"post_author":"3","post_date":"2022-10-14 17:30:36","post_date_gmt":"2022-10-14 15:30:36","post_content":"","post_title":"LLU\u00cdS TOLOSA PLANET","post_excerpt":"","post_status":"publish","comment_status":"closed","ping_status":"closed","post_password":"","post_name":"lluis-tolosa-planet","to_ping":"","pinged":"","post_modified":"2022-10-14 17:30:36","post_modified_gmt":"2022-10-14 15:30:36","post_content_filtered":"","post_parent":0,"guid":"http:\/\/dev.claret.cat\/autor\/lluis-tolosa-planet\/","menu_order":0,"post_type":"autor","post_mime_type":"","comment_count":"0","filter":"raw"},{"ID":160830,"post_author":"3","post_date":"2022-10-14 15:56:13","post_date_gmt":"2022-10-14 13:56:13","post_content":"","post_title":"JOSEP SUCARRATS MIR\u00d3","post_excerpt":"","post_status":"publish","comment_status":"closed","ping_status":"closed","post_password":"","post_name":"josep-sucarrats-miro","to_ping":"","pinged":"","post_modified":"2022-10-14 15:56:13","post_modified_gmt":"2022-10-14 13:56:13","post_content_filtered":"","post_parent":0,"guid":"http:\/\/dev.claret.cat\/autor\/josep-sucarrats-miro\/","menu_order":0,"post_type":"autor","post_mime_type":"","comment_count":"0","filter":"raw"},{"ID":168986,"post_author":"3","post_date":"2022-10-14 22:23:33","post_date_gmt":"2022-10-14 20:23:33","post_content":"","post_title":"SANS","post_excerpt":"","post_status":"publish","comment_status":"closed","ping_status":"closed","post_password":"","post_name":"sans","to_ping":"","pinged":"","post_modified":"2022-10-14 22:23:33","post_modified_gmt":"2022-10-14 20:23:33","post_content_filtered":"","post_parent":0,"guid":"http:\/\/dev.claret.cat\/autor\/sans\/","menu_order":0,"post_type":"autor","post_mime_type":"","comment_count":"0","filter":"raw"}]},"aioseo_notices":[],"_links":{"self":[{"href":"https:\/\/www.claret.cat\/es\/wp-json\/wp\/v2\/product\/49073","targetHints":{"allow":["GET"]}}],"collection":[{"href":"https:\/\/www.claret.cat\/es\/wp-json\/wp\/v2\/product"}],"about":[{"href":"https:\/\/www.claret.cat\/es\/wp-json\/wp\/v2\/types\/product"}],"wp:featuredmedia":[{"embeddable":true,"href":"https:\/\/www.claret.cat\/es\/wp-json\/wp\/v2\/media\/63454"}],"wp:attachment":[{"href":"https:\/\/www.claret.cat\/es\/wp-json\/wp\/v2\/media?parent=49073"}],"wp:term":[{"taxonomy":"product_brand","embeddable":true,"href":"https:\/\/www.claret.cat\/es\/wp-json\/wp\/v2\/product_brand?post=49073"},{"taxonomy":"product_cat","embeddable":true,"href":"https:\/\/www.claret.cat\/es\/wp-json\/wp\/v2\/product_cat?post=49073"},{"taxonomy":"product_tag","embeddable":true,"href":"https:\/\/www.claret.cat\/es\/wp-json\/wp\/v2\/product_tag?post=49073"}],"curies":[{"name":"wp","href":"https:\/\/api.w.org\/{rel}","templated":true}]}}