{"id":49148,"date":"2022-10-02T23:07:39","date_gmt":"2022-10-02T21:07:39","guid":{"rendered":"http:\/\/dev.claret.cat\/producte\/a-les-teves-sabates\/"},"modified":"2025-01-31T16:11:08","modified_gmt":"2025-01-31T15:11:08","slug":"a-les-teves-sabates-9788424670702","status":"publish","type":"product","link":"https:\/\/www.claret.cat\/es\/libro\/a-les-teves-sabates-9788424670702\/","title":{"rendered":"A LES TEVES SABATES"},"content":{"rendered":"<p>Un conte sobre la m\u00e0gia de connectar amb els altres.<\/p>\n<p>Els mitjons de la Mim\u00ed s&#8221;han foradat i la seva mare l&#8221;acompanya a comprar-se&#8221;n uns de nous. En tria uns amb un dibuix d&#8221;un centpeus&#8230;per\u00f2 el que ella no sap \u00e9s que es tracta d&#8221;uns mitjons m\u00e0gics que li permetran posar-se a la pell dels seus \u00e9ssers estimats gr\u00e0cies al joc infantil de jugar a posar-se sabates d&#8221;altres persones. Qu\u00e8 descobrir\u00e0 la Mim\u00ed sobre els sentiments dels altres i, fins i tot, sobre els seus, gr\u00e0cies a aquests mitjons m\u00e0gics? <\/p>\n<p>\u00abL&#8221;empatia \u00e9s el fil invisible que ens connecta com a persones. L&#8221;empatia \u00e9s veure el m\u00f3n des dels ulls d&#8221;una altra persona, no sent tu, sin\u00f3 sent l&#8221;altre. L&#8221;empatia \u00e9s un mirall.\u00bb Meritxell Garcia<\/p>\n<p>Meritxell Garcia, coach experta en empatia, explora diferents moments del dia a dia d&#8221;una nena que li permeten posar-se a la pell d&#8221;altres persones i percebre els seus sentiments.<\/p>\n<p>Inclou una p\u00e0gina final de senzills exercicis i reflexions per treballar l&#8221;empatia en fam\u00edlia.<\/p>\n","protected":false},"excerpt":{"rendered":"<p>GARCIA, MERITXELL<\/p>\n","protected":false},"featured_media":63508,"template":"","meta":{"_acf_changed":false,"om_disable_all_campaigns":false,"rs_blank_template":"","rs_page_bg_color":"","slide_template_v7":"","inline_featured_image":false,"_monsterinsights_skip_tracking":false,"_monsterinsights_sitenote_active":false,"_monsterinsights_sitenote_note":"","_monsterinsights_sitenote_category":0},"product_brand":[],"product_cat":[131,361],"product_tag":[],"class_list":{"0":"post-49148","1":"product","2":"type-product","3":"status-publish","4":"has-post-thumbnail","6":"product_cat-contes-per-infants-0-6-anys","7":"product_cat-cuentos-para-ninos-0-6-anos","9":"first","10":"instock","11":"taxable","12":"shipping-taxable","13":"purchasable","14":"product-type-simple"},"acf":{"autor":"GARCIA, MERITXELL","codart":"842467070","libros-coleccion":"\u00c0lbums Il\u00b7lustrats","ediciones":"1","encuadernacion":"Carton\u00e9","fecha_de_publicacion":"01\/10\/2021","novedad":"1","paginas":"45","subtitulo":"","orden":"0","portada":"0","idioma":"cat","editorial":[{"ID":148189,"post_author":"3","post_date":"2022-10-14 11:56:19","post_date_gmt":"2022-10-14 09:56:19","post_content":"","post_title":"GALERA, EDITORIAL","post_excerpt":"","post_status":"publish","comment_status":"closed","ping_status":"closed","post_password":"","post_name":"galera-editorial","to_ping":"","pinged":"","post_modified":"2022-10-14 11:56:19","post_modified_gmt":"2022-10-14 09:56:19","post_content_filtered":"","post_parent":0,"guid":"http:\/\/dev.claret.cat\/editorial\/galera-editorial\/","menu_order":0,"post_type":"editorial","post_mime_type":"","comment_count":"0","filter":"raw"}],"autores-libros":[{"ID":164750,"post_author":"3","post_date":"2022-10-14 17:49:35","post_date_gmt":"2022-10-14 15:49:35","post_content":"","post_title":"MERITXELL GARCIA","post_excerpt":"","post_status":"publish","comment_status":"closed","ping_status":"closed","post_password":"","post_name":"meritxell-garcia","to_ping":"","pinged":"","post_modified":"2022-10-14 17:49:35","post_modified_gmt":"2022-10-14 15:49:35","post_content_filtered":"","post_parent":0,"guid":"http:\/\/dev.claret.cat\/autor\/meritxell-garcia\/","menu_order":0,"post_type":"autor","post_mime_type":"","comment_count":"0","filter":"raw"}]},"aioseo_notices":[],"_links":{"self":[{"href":"https:\/\/www.claret.cat\/es\/wp-json\/wp\/v2\/product\/49148","targetHints":{"allow":["GET"]}}],"collection":[{"href":"https:\/\/www.claret.cat\/es\/wp-json\/wp\/v2\/product"}],"about":[{"href":"https:\/\/www.claret.cat\/es\/wp-json\/wp\/v2\/types\/product"}],"wp:featuredmedia":[{"embeddable":true,"href":"https:\/\/www.claret.cat\/es\/wp-json\/wp\/v2\/media\/63508"}],"wp:attachment":[{"href":"https:\/\/www.claret.cat\/es\/wp-json\/wp\/v2\/media?parent=49148"}],"wp:term":[{"taxonomy":"product_brand","embeddable":true,"href":"https:\/\/www.claret.cat\/es\/wp-json\/wp\/v2\/product_brand?post=49148"},{"taxonomy":"product_cat","embeddable":true,"href":"https:\/\/www.claret.cat\/es\/wp-json\/wp\/v2\/product_cat?post=49148"},{"taxonomy":"product_tag","embeddable":true,"href":"https:\/\/www.claret.cat\/es\/wp-json\/wp\/v2\/product_tag?post=49148"}],"curies":[{"name":"wp","href":"https:\/\/api.w.org\/{rel}","templated":true}]}}