{"id":49181,"date":"2022-10-02T23:08:09","date_gmt":"2022-10-02T21:08:09","guid":{"rendered":"http:\/\/dev.claret.cat\/producte\/mirar-el-renaixement\/"},"modified":"2025-02-01T02:02:05","modified_gmt":"2025-02-01T01:02:05","slug":"mirar-el-renaixement-9788418908057","status":"publish","type":"product","link":"https:\/\/www.claret.cat\/es\/libro\/mirar-el-renaixement-9788418908057\/","title":{"rendered":"MIRAR EL RENAIXEMENT"},"content":{"rendered":"<p>Aquest llibre analitza la idea de Renaixement: qu\u00e8 significa, quins impulsos va rebre i quin individu i quina societat s&#8221;hi van desenvolupar. Alhora, defineix qu\u00e8 implica el concepte d&#8221;humanisme renaixentista, que va ser la pedra angular d&#8221;aquest proc\u00e9s i la base de tots els canvis. Tamb\u00e9 delimita els l\u00edmits temporals i territorials d&#8221;aquesta \u00e8poca, tenint ben present la idea de moviment.<br \/> Establert el marc general, amb Antoni Gelonch coneixerem el que va significar el Renaixement en els m\u00faltiples camps on la seva llavor va germinar. Amb ell ens endinsarem en el Renaixement art\u00edstic, l&#8221;arquitect\u00f2nic, el literari, el musical, el cient\u00edfic i el religi\u00f3s. El moviment renaixentista va ser global i va afectar tots els camps del saber.<br \/> Tamb\u00e9 sabrem quins canvis va comportar en els \u00e0mbits de l&#8221;organitzaci\u00f3 social i pol\u00edtica, i qu\u00e8 va implicar que l&#8221;home se situ\u00e9s al centre de la Creaci\u00f3. D&#8221;aquesta centralitat va sorgir el concepte d&#8221;home universal.<br \/> Moviment, continu\u00eftat i globalitat, vet aqu\u00ed els conceptes clau.<\/p>\n","protected":false},"excerpt":{"rendered":"<p>GELONCH VILADEGUT, ANTONI<\/p>\n","protected":false},"featured_media":385715,"template":"","meta":{"_acf_changed":false,"om_disable_all_campaigns":false,"rs_blank_template":"","rs_page_bg_color":"","slide_template_v7":"","inline_featured_image":false,"_monsterinsights_skip_tracking":false,"_monsterinsights_sitenote_active":false,"_monsterinsights_sitenote_note":"","_monsterinsights_sitenote_category":0},"product_brand":[],"product_cat":[368,151],"product_tag":[],"class_list":{"0":"post-49181","1":"product","2":"type-product","3":"status-publish","4":"has-post-thumbnail","6":"product_cat-contemporanea","7":"product_cat-contemporania","9":"first","10":"instock","11":"taxable","12":"shipping-taxable","13":"purchasable","14":"product-type-simple"},"acf":{"autor":"GELONCH VILADEGUT, ANTONI","codart":"841890805","libros-coleccion":"Assaig","ediciones":"1","encuadernacion":"R\u00fastica","fecha_de_publicacion":"01\/10\/2021","novedad":"1","paginas":"189","subtitulo":"TEMPS DE CANVIS, NOVES ESPERANCES","orden":"0","portada":"0","idioma":"cat","editorial":[{"ID":6392,"post_author":"3","post_date":"2022-07-28 17:51:10","post_date_gmt":"2022-07-28 15:51:10","post_content":"","post_title":"Viena","post_excerpt":"","post_status":"publish","comment_status":"closed","ping_status":"closed","post_password":"","post_name":"viena","to_ping":"","pinged":"","post_modified":"2022-07-28 17:51:10","post_modified_gmt":"2022-07-28 15:51:10","post_content_filtered":"","post_parent":0,"guid":"http:\/\/dev.claret.cat\/editorial\/viena\/","menu_order":0,"post_type":"editorial","post_mime_type":"","comment_count":"0","filter":"raw"}],"autores-libros":[{"ID":150820,"post_author":"3","post_date":"2022-10-14 14:36:00","post_date_gmt":"2022-10-14 12:36:00","post_content":"","post_title":"ANTONI GELONCH VILADEGUT","post_excerpt":"","post_status":"publish","comment_status":"closed","ping_status":"closed","post_password":"","post_name":"antoni-gelonch-viladegut","to_ping":"","pinged":"","post_modified":"2022-10-14 14:36:00","post_modified_gmt":"2022-10-14 12:36:00","post_content_filtered":"","post_parent":0,"guid":"http:\/\/dev.claret.cat\/autor\/antoni-gelonch-viladegut\/","menu_order":0,"post_type":"autor","post_mime_type":"","comment_count":"0","filter":"raw"}]},"aioseo_notices":[],"_links":{"self":[{"href":"https:\/\/www.claret.cat\/es\/wp-json\/wp\/v2\/product\/49181","targetHints":{"allow":["GET"]}}],"collection":[{"href":"https:\/\/www.claret.cat\/es\/wp-json\/wp\/v2\/product"}],"about":[{"href":"https:\/\/www.claret.cat\/es\/wp-json\/wp\/v2\/types\/product"}],"wp:featuredmedia":[{"embeddable":true,"href":"https:\/\/www.claret.cat\/es\/wp-json\/wp\/v2\/media\/385715"}],"wp:attachment":[{"href":"https:\/\/www.claret.cat\/es\/wp-json\/wp\/v2\/media?parent=49181"}],"wp:term":[{"taxonomy":"product_brand","embeddable":true,"href":"https:\/\/www.claret.cat\/es\/wp-json\/wp\/v2\/product_brand?post=49181"},{"taxonomy":"product_cat","embeddable":true,"href":"https:\/\/www.claret.cat\/es\/wp-json\/wp\/v2\/product_cat?post=49181"},{"taxonomy":"product_tag","embeddable":true,"href":"https:\/\/www.claret.cat\/es\/wp-json\/wp\/v2\/product_tag?post=49181"}],"curies":[{"name":"wp","href":"https:\/\/api.w.org\/{rel}","templated":true}]}}