{"id":49184,"date":"2022-10-02T23:08:12","date_gmt":"2022-10-02T21:08:12","guid":{"rendered":"http:\/\/dev.claret.cat\/producte\/carlota-pastanaga-2-el-mastegaplastics\/"},"modified":"2025-01-31T16:10:06","modified_gmt":"2025-01-31T15:10:06","slug":"carlota-pastanaga-2-el-mastegaplastics-9788424670801","status":"publish","type":"product","link":"https:\/\/www.claret.cat\/es\/libro\/carlota-pastanaga-2-el-mastegaplastics-9788424670801\/","title":{"rendered":"CARLOTA PASTANAGA 2. EL MASTEGAPL\u00c0STICS"},"content":{"rendered":"<p>Una petita hero\u00efna. Una gran causa: CANVIAR EL M\u00d3N.<\/p>\n<p>Els turistes que passen les vacances a Vilabufa estan ben espantats. Un animal enorme i desconegut s&#8221;empassa les pirag\u00fces, les motos aqu\u00e0tiques i fins i tot, les barques! La Carlota sap que es tracta d&#8221;un animal inofensiu. Per\u00f2 les autoritats no en fan cas, de les advert\u00e8ncies d&#8221;una nena. Haur\u00e0 de ser la doctora Jing, la m\u00e0xima experta mundial en rareses zool\u00f2giques, qui els avisi que es tracta d&#8221;un Mastegapl\u00e0stics, un gran animal mar\u00ed que s&#8221;alimenta de tot el pl\u00e0stic que troba, barques incloses. <\/p>\n<p>-Netejar\u00e0 el mar de la contaminaci\u00f3 per pl\u00e0stics! &#8211; els diu la doctora. <\/p>\n<p>-Es menja les barques i espanta el turisme! L&#8221;hem de ca\u00e7ar i eliminar-lo immediatament! -respon l&#8221;alcalde. <\/p>\n<p>El Mastegapl\u00e0stics est\u00e0 en perill, la Carlota i la doctora Jing hauran de trobar-lo urgentment!<\/p>\n<p>Aventures i ecologia de la m\u00e0 d&#8221;una protagonista amb molt de car\u00e0cter i un sentit de la just\u00edcia descomunal.<\/p>\n","protected":false},"excerpt":{"rendered":"<p>FENOSA, JORDI<\/p>\n","protected":false},"featured_media":63530,"template":"","meta":{"_acf_changed":false,"om_disable_all_campaigns":false,"rs_blank_template":"","rs_page_bg_color":"","slide_template_v7":"","inline_featured_image":false,"_monsterinsights_skip_tracking":false,"_monsterinsights_sitenote_active":false,"_monsterinsights_sitenote_note":"","_monsterinsights_sitenote_category":0},"product_brand":[],"product_cat":[90,540],"product_tag":[],"class_list":{"0":"post-49184","1":"product","2":"type-product","3":"status-publish","4":"has-post-thumbnail","6":"product_cat-altres","7":"product_cat-otros","9":"first","10":"instock","11":"taxable","12":"shipping-taxable","13":"purchasable","14":"product-type-simple"},"acf":{"autor":"FENOSA, JORDI","codart":"842467080","libros-coleccion":"FORA DE COL.LECCI\u00d3","ediciones":"1","encuadernacion":"Carton\u00e9","fecha_de_publicacion":"01\/10\/2021","novedad":"1","paginas":"120","subtitulo":"","orden":"0","portada":"0","idioma":"cat","editorial":[{"ID":148189,"post_author":"3","post_date":"2022-10-14 11:56:19","post_date_gmt":"2022-10-14 09:56:19","post_content":"","post_title":"GALERA, EDITORIAL","post_excerpt":"","post_status":"publish","comment_status":"closed","ping_status":"closed","post_password":"","post_name":"galera-editorial","to_ping":"","pinged":"","post_modified":"2022-10-14 11:56:19","post_modified_gmt":"2022-10-14 09:56:19","post_content_filtered":"","post_parent":0,"guid":"http:\/\/dev.claret.cat\/editorial\/galera-editorial\/","menu_order":0,"post_type":"editorial","post_mime_type":"","comment_count":"0","filter":"raw"}],"autores-libros":[{"ID":159895,"post_author":"3","post_date":"2022-10-14 15:48:36","post_date_gmt":"2022-10-14 13:48:36","post_content":"","post_title":"JORDI FENOSA","post_excerpt":"","post_status":"publish","comment_status":"closed","ping_status":"closed","post_password":"","post_name":"jordi-fenosa","to_ping":"","pinged":"","post_modified":"2022-10-14 15:48:36","post_modified_gmt":"2022-10-14 13:48:36","post_content_filtered":"","post_parent":0,"guid":"http:\/\/dev.claret.cat\/autor\/jordi-fenosa\/","menu_order":0,"post_type":"autor","post_mime_type":"","comment_count":"0","filter":"raw"}]},"aioseo_notices":[],"_links":{"self":[{"href":"https:\/\/www.claret.cat\/es\/wp-json\/wp\/v2\/product\/49184","targetHints":{"allow":["GET"]}}],"collection":[{"href":"https:\/\/www.claret.cat\/es\/wp-json\/wp\/v2\/product"}],"about":[{"href":"https:\/\/www.claret.cat\/es\/wp-json\/wp\/v2\/types\/product"}],"wp:featuredmedia":[{"embeddable":true,"href":"https:\/\/www.claret.cat\/es\/wp-json\/wp\/v2\/media\/63530"}],"wp:attachment":[{"href":"https:\/\/www.claret.cat\/es\/wp-json\/wp\/v2\/media?parent=49184"}],"wp:term":[{"taxonomy":"product_brand","embeddable":true,"href":"https:\/\/www.claret.cat\/es\/wp-json\/wp\/v2\/product_brand?post=49184"},{"taxonomy":"product_cat","embeddable":true,"href":"https:\/\/www.claret.cat\/es\/wp-json\/wp\/v2\/product_cat?post=49184"},{"taxonomy":"product_tag","embeddable":true,"href":"https:\/\/www.claret.cat\/es\/wp-json\/wp\/v2\/product_tag?post=49184"}],"curies":[{"name":"wp","href":"https:\/\/api.w.org\/{rel}","templated":true}]}}