{"id":49202,"date":"2022-10-02T23:08:28","date_gmt":"2022-10-02T21:08:28","guid":{"rendered":"http:\/\/dev.claret.cat\/producte\/carlota-zanahoria-1-los-fantasmas-de-cala-azul\/"},"modified":"2025-01-31T16:10:14","modified_gmt":"2025-01-31T15:10:14","slug":"carlota-zanahoria-1-los-fantasmas-de-cala-azul-9788424670818","status":"publish","type":"product","link":"https:\/\/www.claret.cat\/es\/libro\/carlota-zanahoria-1-los-fantasmas-de-cala-azul-9788424670818\/","title":{"rendered":"CARLOTA ZANAHORIA 1. LOS FANTASMAS DE CALA AZUL"},"content":{"rendered":"<p>Una peque\u00f1a hero\u00edna. Una gran causa: CAMBIAR EL MUNDO.<\/p>\n<p>Cala Azul es la mejor playa de Villasosa, el pueblo donde vive Carlota. Pero Nico Flush, popular\u00edsimo campe\u00f3n de f\u00f3rmula 1, ha anunciado que construir\u00e1 su s\u00fapermegacasa all\u00ed mismo. Y en el pueblo, claro, \u00a1todo el mundo est\u00e1 encantado! Carlota se quedar\u00e1 sola defendiendo la playa. \u00bfSola? No exactamente&#8230; hay un grupo de espectros y fantasmas de otras \u00e9pocas que tampoco quieren que la cala desaparezca debajo del cemento. \u00bfSer\u00e1n sus \u00fanicos aliados?<\/p>\n<p>Aventuras y ecolog\u00eda de la mano de una protagonista con mucho car\u00e1cter y un sentido de la justicia descomunal.<\/p>\n","protected":false},"excerpt":{"rendered":"<p>FENOSA, JORDI<\/p>\n","protected":false},"featured_media":63542,"template":"","meta":{"_acf_changed":false,"om_disable_all_campaigns":false,"rs_blank_template":"","rs_page_bg_color":"","slide_template_v7":"","inline_featured_image":false,"_monsterinsights_skip_tracking":false,"_monsterinsights_sitenote_active":false,"_monsterinsights_sitenote_note":"","_monsterinsights_sitenote_category":0},"product_brand":[],"product_cat":[131,361],"product_tag":[],"class_list":{"0":"post-49202","1":"product","2":"type-product","3":"status-publish","4":"has-post-thumbnail","6":"product_cat-contes-per-infants-0-6-anys","7":"product_cat-cuentos-para-ninos-0-6-anos","9":"first","10":"instock","11":"taxable","12":"shipping-taxable","13":"purchasable","14":"product-type-simple"},"acf":{"autor":"FENOSA, JORDI","codart":"842467081","libros-coleccion":"FORA DE COL.LECCI\u00d3","ediciones":"1","encuadernacion":"Carton\u00e9","fecha_de_publicacion":"01\/10\/2021","novedad":"1","paginas":"112","subtitulo":"","orden":"0","portada":"0","idioma":"spa","editorial":[{"ID":148189,"post_author":"3","post_date":"2022-10-14 11:56:19","post_date_gmt":"2022-10-14 09:56:19","post_content":"","post_title":"GALERA, EDITORIAL","post_excerpt":"","post_status":"publish","comment_status":"closed","ping_status":"closed","post_password":"","post_name":"galera-editorial","to_ping":"","pinged":"","post_modified":"2022-10-14 11:56:19","post_modified_gmt":"2022-10-14 09:56:19","post_content_filtered":"","post_parent":0,"guid":"http:\/\/dev.claret.cat\/editorial\/galera-editorial\/","menu_order":0,"post_type":"editorial","post_mime_type":"","comment_count":"0","filter":"raw"}],"autores-libros":[{"ID":159895,"post_author":"3","post_date":"2022-10-14 15:48:36","post_date_gmt":"2022-10-14 13:48:36","post_content":"","post_title":"JORDI FENOSA","post_excerpt":"","post_status":"publish","comment_status":"closed","ping_status":"closed","post_password":"","post_name":"jordi-fenosa","to_ping":"","pinged":"","post_modified":"2022-10-14 15:48:36","post_modified_gmt":"2022-10-14 13:48:36","post_content_filtered":"","post_parent":0,"guid":"http:\/\/dev.claret.cat\/autor\/jordi-fenosa\/","menu_order":0,"post_type":"autor","post_mime_type":"","comment_count":"0","filter":"raw"}]},"aioseo_notices":[],"_links":{"self":[{"href":"https:\/\/www.claret.cat\/es\/wp-json\/wp\/v2\/product\/49202","targetHints":{"allow":["GET"]}}],"collection":[{"href":"https:\/\/www.claret.cat\/es\/wp-json\/wp\/v2\/product"}],"about":[{"href":"https:\/\/www.claret.cat\/es\/wp-json\/wp\/v2\/types\/product"}],"wp:featuredmedia":[{"embeddable":true,"href":"https:\/\/www.claret.cat\/es\/wp-json\/wp\/v2\/media\/63542"}],"wp:attachment":[{"href":"https:\/\/www.claret.cat\/es\/wp-json\/wp\/v2\/media?parent=49202"}],"wp:term":[{"taxonomy":"product_brand","embeddable":true,"href":"https:\/\/www.claret.cat\/es\/wp-json\/wp\/v2\/product_brand?post=49202"},{"taxonomy":"product_cat","embeddable":true,"href":"https:\/\/www.claret.cat\/es\/wp-json\/wp\/v2\/product_cat?post=49202"},{"taxonomy":"product_tag","embeddable":true,"href":"https:\/\/www.claret.cat\/es\/wp-json\/wp\/v2\/product_tag?post=49202"}],"curies":[{"name":"wp","href":"https:\/\/api.w.org\/{rel}","templated":true}]}}