{"id":49208,"date":"2022-10-02T23:08:33","date_gmt":"2022-10-02T21:08:33","guid":{"rendered":"http:\/\/dev.claret.cat\/producte\/carlota-zanahoria-2-el-devoraplasticos\/"},"modified":"2025-01-31T16:10:22","modified_gmt":"2025-01-31T15:10:22","slug":"carlota-zanahoria-2-el-devoraplasticos-9788424670825","status":"publish","type":"product","link":"https:\/\/www.claret.cat\/es\/libro\/carlota-zanahoria-2-el-devoraplasticos-9788424670825\/","title":{"rendered":"CARLOTA ZANAHORIA 2. EL DEVORAPL\u00c1STICOS"},"content":{"rendered":"<p>Una peque\u00f1a hero\u00edna. Una gran causa: CAMBIAR EL MUNDO.<\/p>\n<p>Los turistas que pasan las vacaciones en Villasosa est\u00e1n aterrorizados. Un animal enorme y desconocido se traga piraguas, motos acu\u00e1ticas \u00a1e incluso, las barcas! Carlota sabe que se trata de un animal inofensivo. Pero las autoridades no hacen caso de las advertencias de una ni\u00f1a. Deber\u00e1 ser la doctora Jing, la m\u00e1xima experta mundial en rarezas zool\u00f3gicas, quien les avise que se trata de un Devorapl\u00e1sticos, un gran animal marino que se alimenta de todo el pl\u00e1stico que encuentra, barcas incluidas. <\/p>\n<p>-\u00a1Limpiar\u00e1 el mar de la contaminaci\u00f3n por pl\u00e1sticos! -les dice la doctora. <\/p>\n<p>-\u00a1Se come las barcas y asusta el turismo! \u00a1Tenemos que cazarlo y eliminarlo inmediatamente! -responde el alcalde. <\/p>\n<p>El Devorapl\u00e1sticos est\u00e1 en peligro, \u00a1Carlota y la doctora Jing deber\u00e1n encontrarlo urgentemente!<\/p>\n<p>Aventuras y ecolog\u00eda de la mano de una protagonista con mucho car\u00e1cter y un sentido de la justicia descomunal.<\/p>\n","protected":false},"excerpt":{"rendered":"<p>FENOSA, JORDI<\/p>\n","protected":false},"featured_media":63546,"template":"","meta":{"_acf_changed":false,"om_disable_all_campaigns":false,"rs_blank_template":"","rs_page_bg_color":"","slide_template_v7":"","inline_featured_image":false,"_monsterinsights_skip_tracking":false,"_monsterinsights_sitenote_active":false,"_monsterinsights_sitenote_note":"","_monsterinsights_sitenote_category":0},"product_brand":[],"product_cat":[131,361],"product_tag":[],"class_list":{"0":"post-49208","1":"product","2":"type-product","3":"status-publish","4":"has-post-thumbnail","6":"product_cat-contes-per-infants-0-6-anys","7":"product_cat-cuentos-para-ninos-0-6-anos","9":"first","10":"instock","11":"taxable","12":"shipping-taxable","13":"purchasable","14":"product-type-simple"},"acf":{"autor":"FENOSA, JORDI","codart":"842467082","libros-coleccion":"FORA DE COL.LECCI\u00d3","ediciones":"1","encuadernacion":"Carton\u00e9","fecha_de_publicacion":"01\/10\/2021","novedad":"1","paginas":"120","subtitulo":"","orden":"0","portada":"0","idioma":"spa","editorial":[{"ID":148189,"post_author":"3","post_date":"2022-10-14 11:56:19","post_date_gmt":"2022-10-14 09:56:19","post_content":"","post_title":"GALERA, EDITORIAL","post_excerpt":"","post_status":"publish","comment_status":"closed","ping_status":"closed","post_password":"","post_name":"galera-editorial","to_ping":"","pinged":"","post_modified":"2022-10-14 11:56:19","post_modified_gmt":"2022-10-14 09:56:19","post_content_filtered":"","post_parent":0,"guid":"http:\/\/dev.claret.cat\/editorial\/galera-editorial\/","menu_order":0,"post_type":"editorial","post_mime_type":"","comment_count":"0","filter":"raw"}],"autores-libros":[{"ID":159895,"post_author":"3","post_date":"2022-10-14 15:48:36","post_date_gmt":"2022-10-14 13:48:36","post_content":"","post_title":"JORDI FENOSA","post_excerpt":"","post_status":"publish","comment_status":"closed","ping_status":"closed","post_password":"","post_name":"jordi-fenosa","to_ping":"","pinged":"","post_modified":"2022-10-14 15:48:36","post_modified_gmt":"2022-10-14 13:48:36","post_content_filtered":"","post_parent":0,"guid":"http:\/\/dev.claret.cat\/autor\/jordi-fenosa\/","menu_order":0,"post_type":"autor","post_mime_type":"","comment_count":"0","filter":"raw"}]},"aioseo_notices":[],"_links":{"self":[{"href":"https:\/\/www.claret.cat\/es\/wp-json\/wp\/v2\/product\/49208","targetHints":{"allow":["GET"]}}],"collection":[{"href":"https:\/\/www.claret.cat\/es\/wp-json\/wp\/v2\/product"}],"about":[{"href":"https:\/\/www.claret.cat\/es\/wp-json\/wp\/v2\/types\/product"}],"wp:featuredmedia":[{"embeddable":true,"href":"https:\/\/www.claret.cat\/es\/wp-json\/wp\/v2\/media\/63546"}],"wp:attachment":[{"href":"https:\/\/www.claret.cat\/es\/wp-json\/wp\/v2\/media?parent=49208"}],"wp:term":[{"taxonomy":"product_brand","embeddable":true,"href":"https:\/\/www.claret.cat\/es\/wp-json\/wp\/v2\/product_brand?post=49208"},{"taxonomy":"product_cat","embeddable":true,"href":"https:\/\/www.claret.cat\/es\/wp-json\/wp\/v2\/product_cat?post=49208"},{"taxonomy":"product_tag","embeddable":true,"href":"https:\/\/www.claret.cat\/es\/wp-json\/wp\/v2\/product_tag?post=49208"}],"curies":[{"name":"wp","href":"https:\/\/api.w.org\/{rel}","templated":true}]}}