{"id":49220,"date":"2022-10-02T23:08:44","date_gmt":"2022-10-02T21:08:44","guid":{"rendered":"http:\/\/dev.claret.cat\/producte\/carlota-pastanaga-1-els-fantasmes-de-cala-blaua\/"},"modified":"2025-01-31T16:09:58","modified_gmt":"2025-01-31T15:09:58","slug":"carlota-pastanaga-1-els-fantasmes-de-cala-blaua-9788424670795","status":"publish","type":"product","link":"https:\/\/www.claret.cat\/es\/libro\/carlota-pastanaga-1-els-fantasmes-de-cala-blaua-9788424670795\/","title":{"rendered":"CARLOTA PASTANAGA 1. ELS FANTASMES DE CALA BLAUA"},"content":{"rendered":"<p>Una petita hero\u00efna. Una gran causa: CANVIAR EL M\u00d3N.<\/p>\n<p>Cala Blaua \u00e9s la millor platja de Vilabufa, el poble on viu la Carlota. Per\u00f2 en Nico Flush, popular\u00edssim campi\u00f3 de f\u00f3rmula 1, ha anunciat que hi construir\u00e0 la seva s\u00fapermegacasa all\u00e0 mateix. I al poble tothom n&#8221;est\u00e0 encantat! La Carlota es queda sola defensant la platja. Sola? No ben b\u00e9&#8230; hi ha una colla d&#8221;espectres i de fantasmes d&#8221;altres \u00e8poques que tampoc volen que la cala desaparegui sota del ciment. Seran els seus \u00fanics aliats? <\/p>\n<p>Aventures i ecologia de la m\u00e0 d&#8221;una protagonista amb molt de car\u00e0cter i un sentit de la just\u00edcia descomunal.<\/p>\n","protected":false},"excerpt":{"rendered":"<p>FENOSA, JORDI<\/p>\n","protected":false},"featured_media":63554,"template":"","meta":{"_acf_changed":false,"om_disable_all_campaigns":false,"rs_blank_template":"","rs_page_bg_color":"","slide_template_v7":"","inline_featured_image":false,"_monsterinsights_skip_tracking":false,"_monsterinsights_sitenote_active":false,"_monsterinsights_sitenote_note":"","_monsterinsights_sitenote_category":0},"product_brand":[],"product_cat":[90,540],"product_tag":[],"class_list":{"0":"post-49220","1":"product","2":"type-product","3":"status-publish","4":"has-post-thumbnail","6":"product_cat-altres","7":"product_cat-otros","9":"first","10":"instock","11":"taxable","12":"shipping-taxable","13":"purchasable","14":"product-type-simple"},"acf":{"autor":"FENOSA, JORDI","codart":"842467079","libros-coleccion":"FORA DE COL.LECCI\u00d3","ediciones":"1","encuadernacion":"Carton\u00e9","fecha_de_publicacion":"01\/10\/2021","novedad":"1","paginas":"112","subtitulo":"","orden":"0","portada":"0","idioma":"spa","editorial":[{"ID":148189,"post_author":"3","post_date":"2022-10-14 11:56:19","post_date_gmt":"2022-10-14 09:56:19","post_content":"","post_title":"GALERA, EDITORIAL","post_excerpt":"","post_status":"publish","comment_status":"closed","ping_status":"closed","post_password":"","post_name":"galera-editorial","to_ping":"","pinged":"","post_modified":"2022-10-14 11:56:19","post_modified_gmt":"2022-10-14 09:56:19","post_content_filtered":"","post_parent":0,"guid":"http:\/\/dev.claret.cat\/editorial\/galera-editorial\/","menu_order":0,"post_type":"editorial","post_mime_type":"","comment_count":"0","filter":"raw"}],"autores-libros":[{"ID":159895,"post_author":"3","post_date":"2022-10-14 15:48:36","post_date_gmt":"2022-10-14 13:48:36","post_content":"","post_title":"JORDI FENOSA","post_excerpt":"","post_status":"publish","comment_status":"closed","ping_status":"closed","post_password":"","post_name":"jordi-fenosa","to_ping":"","pinged":"","post_modified":"2022-10-14 15:48:36","post_modified_gmt":"2022-10-14 13:48:36","post_content_filtered":"","post_parent":0,"guid":"http:\/\/dev.claret.cat\/autor\/jordi-fenosa\/","menu_order":0,"post_type":"autor","post_mime_type":"","comment_count":"0","filter":"raw"}]},"aioseo_notices":[],"_links":{"self":[{"href":"https:\/\/www.claret.cat\/es\/wp-json\/wp\/v2\/product\/49220","targetHints":{"allow":["GET"]}}],"collection":[{"href":"https:\/\/www.claret.cat\/es\/wp-json\/wp\/v2\/product"}],"about":[{"href":"https:\/\/www.claret.cat\/es\/wp-json\/wp\/v2\/types\/product"}],"wp:featuredmedia":[{"embeddable":true,"href":"https:\/\/www.claret.cat\/es\/wp-json\/wp\/v2\/media\/63554"}],"wp:attachment":[{"href":"https:\/\/www.claret.cat\/es\/wp-json\/wp\/v2\/media?parent=49220"}],"wp:term":[{"taxonomy":"product_brand","embeddable":true,"href":"https:\/\/www.claret.cat\/es\/wp-json\/wp\/v2\/product_brand?post=49220"},{"taxonomy":"product_cat","embeddable":true,"href":"https:\/\/www.claret.cat\/es\/wp-json\/wp\/v2\/product_cat?post=49220"},{"taxonomy":"product_tag","embeddable":true,"href":"https:\/\/www.claret.cat\/es\/wp-json\/wp\/v2\/product_tag?post=49220"}],"curies":[{"name":"wp","href":"https:\/\/api.w.org\/{rel}","templated":true}]}}