{"id":49271,"date":"2022-10-02T23:09:36","date_gmt":"2022-10-02T21:09:36","guid":{"rendered":"http:\/\/dev.claret.cat\/producte\/crimen-y-castigo-2\/"},"modified":"2023-10-06T11:47:08","modified_gmt":"2023-10-06T09:47:08","slug":"crimen-y-castigo-9788413625188","status":"publish","type":"product","link":"https:\/\/www.claret.cat\/es\/libro\/crimen-y-castigo-9788413625188\/","title":{"rendered":"CRIMEN Y CASTIGO"},"content":{"rendered":"<p>El joven Rodi\u00f3n Rask\u00f3lnikov, antiguo<br \/> estudiante, arrastra una existencia precaria en San Petersburgo. Cuando recibe una carta anunci\u00e1ndole la visita de su madre y su hermana en relaci\u00f3n con los s\u00fabitos planes de boda de esta \u00faltima, las fantas\u00edas de acabar con sus problemas a trav\u00e9s del asesinato de la vieja prestamista a la cual suele recurrir van tomando cuerpo en su voluntad&#8230;Crimen y castigo (1866) es posiblemente la obra m\u00e1s lograda del autor. En ella, sirvi\u00e9ndose de una trama y de unos personajes que re\u00fanen los mejores ingredientes de la novela del siglo XIX, se plantea el problema de la justificaci\u00f3n o no de los actos, de la conciencia y de la culpa.Fi\u00f3dor Dostoyevski (1821-1881) es, junto con Lev Tolst\u00f3i, el gran novelista ruso del siglo XIX. Su vida y su creaci\u00f3n literaria sufrieron un cambio radical despu\u00e9s de que en 1849 fuera detenido y<br \/> condenado a muerte, pena que se le conmut\u00f3 en el \u00faltimo instante, por sus actividades contra el zar. Alianza Editorial tiene publicada pr\u00e1cticamente toda su obra.<br \/> CENTENARIO DOSTOYEVSKI (1821-2021)<\/p>\n","protected":false},"excerpt":{"rendered":"<p>DOSTOYEVSKI, FI\u00d3DOR<\/p>\n","protected":false},"featured_media":276018,"template":"","meta":{"_acf_changed":false,"om_disable_all_campaigns":false,"rs_blank_template":"","rs_page_bg_color":"","slide_template_v7":"","inline_featured_image":false,"_monsterinsights_skip_tracking":false,"_monsterinsights_sitenote_active":false,"_monsterinsights_sitenote_note":"","_monsterinsights_sitenote_category":0},"product_brand":[],"product_cat":[90,540],"product_tag":[],"class_list":{"0":"post-49271","1":"product","2":"type-product","3":"status-publish","4":"has-post-thumbnail","6":"product_cat-altres","7":"product_cat-otros","9":"first","10":"instock","11":"taxable","12":"shipping-taxable","13":"purchasable","14":"product-type-simple"},"acf":{"autor":"DOSTOYEVSKI, FI\u00d3DOR","codart":"841362518","libros-coleccion":"FORA DE COL.LECCI\u00d3","ediciones":"1","encuadernacion":"Carton\u00e9","fecha_de_publicacion":"01\/11\/2021","novedad":"1","paginas":"794","subtitulo":"","orden":"0","portada":"0","idioma":"spa","editorial":[{"ID":6119,"post_author":"3","post_date":"2022-07-28 17:45:18","post_date_gmt":"2022-07-28 15:45:18","post_content":"","post_title":"Alianza Editorial","post_excerpt":"","post_status":"publish","comment_status":"closed","ping_status":"closed","post_password":"","post_name":"alianza-editorial","to_ping":"","pinged":"","post_modified":"2022-07-28 17:45:18","post_modified_gmt":"2022-07-28 15:45:18","post_content_filtered":"","post_parent":0,"guid":"http:\/\/dev.claret.cat\/editorial\/alianza-editorial\/","menu_order":0,"post_type":"editorial","post_mime_type":"","comment_count":"0","filter":"raw"}],"autores-libros":[{"ID":155946,"post_author":"3","post_date":"2022-10-14 15:16:53","post_date_gmt":"2022-10-14 13:16:53","post_content":"","post_title":"FI\u00d3DOR DOSTOYEVSKI","post_excerpt":"","post_status":"publish","comment_status":"closed","ping_status":"closed","post_password":"","post_name":"fiodor-dostoyevski","to_ping":"","pinged":"","post_modified":"2022-10-14 15:16:53","post_modified_gmt":"2022-10-14 13:16:53","post_content_filtered":"","post_parent":0,"guid":"http:\/\/dev.claret.cat\/autor\/fiodor-dostoyevski\/","menu_order":0,"post_type":"autor","post_mime_type":"","comment_count":"0","filter":"raw"}]},"aioseo_notices":[],"_links":{"self":[{"href":"https:\/\/www.claret.cat\/es\/wp-json\/wp\/v2\/product\/49271","targetHints":{"allow":["GET"]}}],"collection":[{"href":"https:\/\/www.claret.cat\/es\/wp-json\/wp\/v2\/product"}],"about":[{"href":"https:\/\/www.claret.cat\/es\/wp-json\/wp\/v2\/types\/product"}],"wp:featuredmedia":[{"embeddable":true,"href":"https:\/\/www.claret.cat\/es\/wp-json\/wp\/v2\/media\/276018"}],"wp:attachment":[{"href":"https:\/\/www.claret.cat\/es\/wp-json\/wp\/v2\/media?parent=49271"}],"wp:term":[{"taxonomy":"product_brand","embeddable":true,"href":"https:\/\/www.claret.cat\/es\/wp-json\/wp\/v2\/product_brand?post=49271"},{"taxonomy":"product_cat","embeddable":true,"href":"https:\/\/www.claret.cat\/es\/wp-json\/wp\/v2\/product_cat?post=49271"},{"taxonomy":"product_tag","embeddable":true,"href":"https:\/\/www.claret.cat\/es\/wp-json\/wp\/v2\/product_tag?post=49271"}],"curies":[{"name":"wp","href":"https:\/\/api.w.org\/{rel}","templated":true}]}}