{"id":49283,"date":"2022-10-02T23:09:48","date_gmt":"2022-10-02T21:09:48","guid":{"rendered":"http:\/\/dev.claret.cat\/producte\/los-hermanos-karamazov-estuche\/"},"modified":"2023-10-06T11:47:09","modified_gmt":"2023-10-06T09:47:09","slug":"los-hermanos-karamazov-estuche-9788413625218","status":"publish","type":"product","link":"https:\/\/www.claret.cat\/es\/libro\/los-hermanos-karamazov-estuche-9788413625218\/","title":{"rendered":"LOS HERMANOS KARAM\u00c1ZOV &#8211; ESTUCHE"},"content":{"rendered":"<p>Escrita entre 1879 y 1880, Los hermanos Karam\u00e1zov es la \u00faltima novela<br \/> que escribi\u00f3 Fi\u00f3dor Dostoyevski (1821-1881) y supone una s\u00edntesis de todas las<br \/> inquietudes existenciales del autor. Su compleja galer\u00eda de personajes est\u00e1<br \/> presidida por Fi\u00f3dor Karam\u00e1zov, el padre, ruin, hip\u00f3crita, avaro, c\u00ednico y libertino, y por sus descendientes: Dmitri, sensual, orgulloso y cruel, pero tambi\u00e9n generoso y capaz de rasgos de bondad y sacrificio; Iv\u00e1n, un intelectual esc\u00e9ptico que niega la existencia de Dios y el amor al pr\u00f3jimo; Aliosha, un<br \/> cristiano m\u00edstico que opone al humanitarismo revolucionario y al nihilismo el amor a Dios y al pr\u00f3jimo, aunque tampoco es inmune a las sensaciones turbias que lo invaden, y finalmente Smerdiakov, el c\u00ednico y perverso hijo natural, carente de todo sentido de responsabilidad moral. La obra, que tiene uno de sus puntos culminantes con el c\u00e9lebre relato del Gran Inquisidor, refleja una<br \/> concepci\u00f3n del hombre como campo de batalla en el que luchan Dios y el Diablo,<br \/> el bien y el mal.Traducci\u00f3n de Augusto Vidal<\/p>\n","protected":false},"excerpt":{"rendered":"<p>DOSTOYEVSKI, FI\u00d3DOR<\/p>\n","protected":false},"featured_media":63596,"template":"","meta":{"_acf_changed":false,"om_disable_all_campaigns":false,"rs_blank_template":"","rs_page_bg_color":"","slide_template_v7":"","inline_featured_image":false,"_monsterinsights_skip_tracking":false,"_monsterinsights_sitenote_active":false,"_monsterinsights_sitenote_note":"","_monsterinsights_sitenote_category":0},"product_brand":[],"product_cat":[354],"product_tag":[],"class_list":{"0":"post-49283","1":"product","2":"type-product","3":"status-publish","4":"has-post-thumbnail","6":"product_cat-clasica","8":"first","9":"instock","10":"taxable","11":"shipping-taxable","12":"purchasable","13":"product-type-simple"},"acf":{"autor":"DOSTOYEVSKI, FI\u00d3DOR","codart":"841362521","libros-coleccion":"13\/20","ediciones":"1","encuadernacion":"R\u00fastica","fecha_de_publicacion":"01\/11\/2021","novedad":"1","paginas":"1","subtitulo":"","orden":"0","portada":"0","idioma":"spa","editorial":[{"ID":6119,"post_author":"3","post_date":"2022-07-28 17:45:18","post_date_gmt":"2022-07-28 15:45:18","post_content":"","post_title":"Alianza Editorial","post_excerpt":"","post_status":"publish","comment_status":"closed","ping_status":"closed","post_password":"","post_name":"alianza-editorial","to_ping":"","pinged":"","post_modified":"2022-07-28 17:45:18","post_modified_gmt":"2022-07-28 15:45:18","post_content_filtered":"","post_parent":0,"guid":"http:\/\/dev.claret.cat\/editorial\/alianza-editorial\/","menu_order":0,"post_type":"editorial","post_mime_type":"","comment_count":"0","filter":"raw"}],"autores-libros":[{"ID":155946,"post_author":"3","post_date":"2022-10-14 15:16:53","post_date_gmt":"2022-10-14 13:16:53","post_content":"","post_title":"FI\u00d3DOR DOSTOYEVSKI","post_excerpt":"","post_status":"publish","comment_status":"closed","ping_status":"closed","post_password":"","post_name":"fiodor-dostoyevski","to_ping":"","pinged":"","post_modified":"2022-10-14 15:16:53","post_modified_gmt":"2022-10-14 13:16:53","post_content_filtered":"","post_parent":0,"guid":"http:\/\/dev.claret.cat\/autor\/fiodor-dostoyevski\/","menu_order":0,"post_type":"autor","post_mime_type":"","comment_count":"0","filter":"raw"}]},"aioseo_notices":[],"_links":{"self":[{"href":"https:\/\/www.claret.cat\/es\/wp-json\/wp\/v2\/product\/49283","targetHints":{"allow":["GET"]}}],"collection":[{"href":"https:\/\/www.claret.cat\/es\/wp-json\/wp\/v2\/product"}],"about":[{"href":"https:\/\/www.claret.cat\/es\/wp-json\/wp\/v2\/types\/product"}],"wp:featuredmedia":[{"embeddable":true,"href":"https:\/\/www.claret.cat\/es\/wp-json\/wp\/v2\/media\/63596"}],"wp:attachment":[{"href":"https:\/\/www.claret.cat\/es\/wp-json\/wp\/v2\/media?parent=49283"}],"wp:term":[{"taxonomy":"product_brand","embeddable":true,"href":"https:\/\/www.claret.cat\/es\/wp-json\/wp\/v2\/product_brand?post=49283"},{"taxonomy":"product_cat","embeddable":true,"href":"https:\/\/www.claret.cat\/es\/wp-json\/wp\/v2\/product_cat?post=49283"},{"taxonomy":"product_tag","embeddable":true,"href":"https:\/\/www.claret.cat\/es\/wp-json\/wp\/v2\/product_tag?post=49283"}],"curies":[{"name":"wp","href":"https:\/\/api.w.org\/{rel}","templated":true}]}}