{"id":49325,"date":"2022-10-02T23:10:31","date_gmt":"2022-10-02T21:10:31","guid":{"rendered":"http:\/\/dev.claret.cat\/producte\/la-inhumanidad\/"},"modified":"2026-04-01T07:34:26","modified_gmt":"2026-04-01T05:34:26","slug":"la-inhumanidad-9788429330472","status":"publish","type":"product","link":"https:\/\/www.claret.cat\/es\/libro\/la-inhumanidad-9788429330472\/","title":{"rendered":"LA INHUMANIDAD"},"content":{"rendered":"<p>La mala prensa que tiene hoy la palabra \u00abpecado\u00bb aconseja hablar de inhumanidad, desde el presupuesto cristiano fundamental de que la ofensa de Dios se da solo en el da\u00f1o hecho al hombre (a los dem\u00e1s o a uno mismo). Gonz\u00e1lez Faus recorre las distintas dimensiones de la maldad humana: personal, estructural, \u00aboriginal\u00bb y teologal.  Este libro recoge, algo reelaborada, la tercera parte de la antropolog\u00eda teol\u00f3gica del autor (Proyecto de hermano. Visi\u00f3n creyente del hombre), que hablaba de la doble dial\u00e9ctica de creaturidad \/ imagen divina y pecado \/ gracia, como explicaci\u00f3n y an\u00e1lisis de la complejidad humana.<\/p>\n","protected":false},"excerpt":{"rendered":"<p>GONZ\u00c1LEZ FAUS, JOS\u00c9 IGNACIO<\/p>\n","protected":false},"featured_media":1081394,"template":"","meta":{"_acf_changed":false,"om_disable_all_campaigns":false,"rs_blank_template":"","rs_page_bg_color":"","slide_template_v7":"","inline_featured_image":false,"_monsterinsights_skip_tracking":false,"_monsterinsights_sitenote_active":false,"_monsterinsights_sitenote_note":"","_monsterinsights_sitenote_category":0},"product_brand":[],"product_cat":[275,413,308],"product_tag":[],"class_list":{"0":"post-49325","1":"product","2":"type-product","3":"status-publish","4":"has-post-thumbnail","6":"product_cat-fonamental","7":"product_cat-fundamental","8":"product_cat-castella","10":"first","11":"instock","12":"taxable","13":"shipping-taxable","14":"purchasable","15":"product-type-simple"},"acf":{"autor":"GONZ\u00c1LEZ FAUS, JOS\u00c9 IGNACIO","codart":"842933047","libros-coleccion":"PRESENCIA TEOL\u00d3GICA","ediciones":"1","encuadernacion":"R\u00fastica","fecha_de_publicacion":"15\/11\/2021","novedad":"1","paginas":"368","subtitulo":"REFLEXIONES SOBRE EL MAL MORAL","orden":"1000","portada":"0","idioma":"spa","editorial":[{"ID":6351,"post_author":"3","post_date":"2022-07-28 17:50:19","post_date_gmt":"2022-07-28 15:50:19","post_content":"","post_title":"Sal Terrae","post_excerpt":"","post_status":"publish","comment_status":"closed","ping_status":"closed","post_password":"","post_name":"sal-terrae","to_ping":"","pinged":"","post_modified":"2022-07-28 17:50:19","post_modified_gmt":"2022-07-28 15:50:19","post_content_filtered":"","post_parent":0,"guid":"http:\/\/dev.claret.cat\/editorial\/sal-terrae\/","menu_order":0,"post_type":"editorial","post_mime_type":"","comment_count":"0","filter":"raw"}],"autores-libros":[{"ID":160278,"post_author":"3","post_date":"2022-10-14 15:51:47","post_date_gmt":"2022-10-14 13:51:47","post_content":"","post_title":"JOS\u00c9 IGNACIO GONZ\u00c1LEZ FAUS","post_excerpt":"","post_status":"publish","comment_status":"closed","ping_status":"closed","post_password":"","post_name":"jose-ignacio-gonzalez-faus","to_ping":"","pinged":"","post_modified":"2022-10-14 15:51:47","post_modified_gmt":"2022-10-14 13:51:47","post_content_filtered":"","post_parent":0,"guid":"http:\/\/dev.claret.cat\/autor\/jose-ignacio-gonzalez-faus\/","menu_order":0,"post_type":"autor","post_mime_type":"","comment_count":"0","filter":"raw"}],"traductores-libros":"","ilustradores-libros":"","formato":"","linkebook":"","precioebook":"0","ebookportada":false,"ficha":"","muestra":"","presentacion":"","booktrailer":"","resenas":"","recomendamos":"","mas_vendido":""},"aioseo_notices":[],"_links":{"self":[{"href":"https:\/\/www.claret.cat\/es\/wp-json\/wp\/v2\/product\/49325","targetHints":{"allow":["GET"]}}],"collection":[{"href":"https:\/\/www.claret.cat\/es\/wp-json\/wp\/v2\/product"}],"about":[{"href":"https:\/\/www.claret.cat\/es\/wp-json\/wp\/v2\/types\/product"}],"wp:featuredmedia":[{"embeddable":true,"href":"https:\/\/www.claret.cat\/es\/wp-json\/wp\/v2\/media\/1081394"}],"wp:attachment":[{"href":"https:\/\/www.claret.cat\/es\/wp-json\/wp\/v2\/media?parent=49325"}],"wp:term":[{"taxonomy":"product_brand","embeddable":true,"href":"https:\/\/www.claret.cat\/es\/wp-json\/wp\/v2\/product_brand?post=49325"},{"taxonomy":"product_cat","embeddable":true,"href":"https:\/\/www.claret.cat\/es\/wp-json\/wp\/v2\/product_cat?post=49325"},{"taxonomy":"product_tag","embeddable":true,"href":"https:\/\/www.claret.cat\/es\/wp-json\/wp\/v2\/product_tag?post=49325"}],"curies":[{"name":"wp","href":"https:\/\/api.w.org\/{rel}","templated":true}]}}