{"id":49343,"date":"2022-10-02T23:10:51","date_gmt":"2022-10-02T21:10:51","guid":{"rendered":"http:\/\/dev.claret.cat\/producte\/bibliotecas-imaginarias\/"},"modified":"2023-01-28T12:32:56","modified_gmt":"2023-01-28T11:32:56","slug":"bibliotecas-imaginarias-9788418370595","status":"publish","type":"product","link":"https:\/\/www.claret.cat\/es\/libro\/bibliotecas-imaginarias-9788418370595\/","title":{"rendered":"BIBLIOTECAS IMAGINARIAS"},"content":{"rendered":"<p>Desde que existen los libros y las bibliotecas, las voces e ideas del pasado se han conservado como aut\u00e9nticos tesoros del saber y del placer. Que algo invisible como la lengua, a trav\u00e9s de la escritura, perviva en silencio hasta que una mano lo despierta para alegr\u00eda de los ojos y felicidad del coraz\u00f3n es una trampa que lo perdurable le tiende al tiempo. Bibliotecas imaginarias de Mario Satz rastrea y resucita la atm\u00f3sfera de esos lugares de estudio en los que tanto el reposo como la inspiraci\u00f3n revelaban a los visitantes sus respectivos beneficios. As\u00ed, entre p\u00e9rdidas, incendios, robos o donaciones de libros, recorremos la historia de estas bibliotecas fant\u00e1sticas con el sentimiento de contemplar a la humanidad entera empe\u00f1ada en adquirir conocimiento, fiel a s\u00ed misma o bien enemiga de sus mejores causas. Y as\u00ed, m\u00e1s que la historia de los libros, Mario Satz nos narra la de sus irrenunciables lectores.<\/p>\n","protected":false},"excerpt":{"rendered":"<p>SATZ TETELBAUM, MARIO<\/p>\n","protected":false},"featured_media":63650,"template":"","meta":{"_acf_changed":false,"om_disable_all_campaigns":false,"rs_blank_template":"","rs_page_bg_color":"","slide_template_v7":"","inline_featured_image":false,"_monsterinsights_skip_tracking":false,"_monsterinsights_sitenote_active":false,"_monsterinsights_sitenote_note":"","_monsterinsights_sitenote_category":0},"product_brand":[],"product_cat":[90],"product_tag":[],"class_list":{"0":"post-49343","1":"product","2":"type-product","3":"status-publish","4":"has-post-thumbnail","6":"product_cat-altres","8":"first","9":"instock","10":"taxable","11":"shipping-taxable","12":"purchasable","13":"product-type-simple"},"acf":{"autor":"SATZ TETELBAUM, MARIO","codart":"841837059","libros-coleccion":"Cuadernos del Acantilado","ediciones":"1","encuadernacion":"R\u00fastica","fecha_de_publicacion":"01\/11\/2021","novedad":"1","paginas":"208","subtitulo":"","orden":"0","portada":"0","idioma":"spa","editorial":[{"ID":6111,"post_author":"3","post_date":"2022-07-28 17:45:08","post_date_gmt":"2022-07-28 15:45:08","post_content":"","post_title":"ACANTILADO","post_excerpt":"","post_status":"publish","comment_status":"closed","ping_status":"closed","post_password":"","post_name":"acantilado","to_ping":"","pinged":"","post_modified":"2022-07-28 17:45:08","post_modified_gmt":"2022-07-28 15:45:08","post_content_filtered":"","post_parent":0,"guid":"http:\/\/dev.claret.cat\/editorial\/acantilado\/","menu_order":0,"post_type":"editorial","post_mime_type":"","comment_count":"0","filter":"raw"}],"autores-libros":[{"ID":163993,"post_author":"3","post_date":"2022-10-14 17:43:30","post_date_gmt":"2022-10-14 15:43:30","post_content":"","post_title":"MARIO SATZ TETELBAUM","post_excerpt":"","post_status":"publish","comment_status":"closed","ping_status":"closed","post_password":"","post_name":"mario-satz-tetelbaum","to_ping":"","pinged":"","post_modified":"2022-10-14 17:43:30","post_modified_gmt":"2022-10-14 15:43:30","post_content_filtered":"","post_parent":0,"guid":"http:\/\/dev.claret.cat\/autor\/mario-satz-tetelbaum\/","menu_order":0,"post_type":"autor","post_mime_type":"","comment_count":"0","filter":"raw"}]},"aioseo_notices":[],"_links":{"self":[{"href":"https:\/\/www.claret.cat\/es\/wp-json\/wp\/v2\/product\/49343","targetHints":{"allow":["GET"]}}],"collection":[{"href":"https:\/\/www.claret.cat\/es\/wp-json\/wp\/v2\/product"}],"about":[{"href":"https:\/\/www.claret.cat\/es\/wp-json\/wp\/v2\/types\/product"}],"wp:featuredmedia":[{"embeddable":true,"href":"https:\/\/www.claret.cat\/es\/wp-json\/wp\/v2\/media\/63650"}],"wp:attachment":[{"href":"https:\/\/www.claret.cat\/es\/wp-json\/wp\/v2\/media?parent=49343"}],"wp:term":[{"taxonomy":"product_brand","embeddable":true,"href":"https:\/\/www.claret.cat\/es\/wp-json\/wp\/v2\/product_brand?post=49343"},{"taxonomy":"product_cat","embeddable":true,"href":"https:\/\/www.claret.cat\/es\/wp-json\/wp\/v2\/product_cat?post=49343"},{"taxonomy":"product_tag","embeddable":true,"href":"https:\/\/www.claret.cat\/es\/wp-json\/wp\/v2\/product_tag?post=49343"}],"curies":[{"name":"wp","href":"https:\/\/api.w.org\/{rel}","templated":true}]}}