{"id":49394,"date":"2022-10-02T23:11:41","date_gmt":"2022-10-02T21:11:41","guid":{"rendered":"http:\/\/dev.claret.cat\/producte\/la-sagrada-familia-de-gaudi-principi-i-final\/"},"modified":"2024-02-05T13:52:08","modified_gmt":"2024-02-05T12:52:08","slug":"la-sagrada-familia-de-gaudi-principi-i-final-9788498094718","status":"publish","type":"product","link":"https:\/\/www.claret.cat\/es\/libro\/la-sagrada-familia-de-gaudi-principi-i-final-9788498094718\/","title":{"rendered":"LA SAGRADA FAM\u00cdLIA DE GAUD\u00cd, PRINCIPI I FINAL"},"content":{"rendered":"<p>Despr\u00e9s de 30 anys a c\u00e0rrec (amb Joan Margarit) del projecte estructural d&#8217;un dels temples m\u00e9s coneguts i visitats del m\u00f3n, Carles Buxad\u00e9 escriu un llibre que \u00e9s la hist\u00f2ria de la construcci\u00f3 de la Sagrada Fam\u00edlia i la seva hist\u00f2ria en primera persona en relaci\u00f3 amb aquesta tasca tit\u00e0nica, una tasca, podem dir, de tota una vida. Centrant-se en els aspectes arquitect\u00f2nics, desgrana amb un to planer i molt did\u00e0ctic tots els secrets de l&#8217;obra magna de Gaud\u00ed, acompanyant el text de fotografies i imatges que arriben fins al present.<\/p>\n<p> Aquesta obra ha rebut un ajut a l&#8217;edici\u00f3 del Ministerio de Cultura y Deporte.<\/p>\n","protected":false},"excerpt":{"rendered":"<p>BUXAD\u00c9, CARLES<\/p>\n","protected":false},"featured_media":63692,"template":"","meta":{"_acf_changed":false,"om_disable_all_campaigns":false,"rs_blank_template":"","rs_page_bg_color":"","slide_template_v7":"","inline_featured_image":false,"_monsterinsights_skip_tracking":false,"_monsterinsights_sitenote_active":false,"_monsterinsights_sitenote_note":"","_monsterinsights_sitenote_category":0},"product_brand":[],"product_cat":[90,540],"product_tag":[],"class_list":{"0":"post-49394","1":"product","2":"type-product","3":"status-publish","4":"has-post-thumbnail","6":"product_cat-altres","7":"product_cat-otros","9":"first","10":"instock","11":"taxable","12":"shipping-taxable","13":"purchasable","14":"product-type-simple"},"acf":{"autor":"BUXAD\u00c9, CARLES","codart":"849809471","libros-coleccion":"P.VISIONS","ediciones":"1","encuadernacion":"Carton\u00e9","fecha_de_publicacion":"01\/11\/2021","novedad":"1","paginas":"208","subtitulo":"DEL PRINCIPI AL FINAL","orden":"0","portada":"0","idioma":"cat","editorial":[{"ID":148023,"post_author":"3","post_date":"2022-10-14 11:55:02","post_date_gmt":"2022-10-14 09:55:02","post_content":"","post_title":"Editorial P\u00f2rtic","post_excerpt":"","post_status":"publish","comment_status":"closed","ping_status":"closed","post_password":"","post_name":"editorial-portic","to_ping":"","pinged":"","post_modified":"2022-10-14 11:55:02","post_modified_gmt":"2022-10-14 09:55:02","post_content_filtered":"","post_parent":0,"guid":"http:\/\/dev.claret.cat\/editorial\/editorial-portic\/","menu_order":0,"post_type":"editorial","post_mime_type":"","comment_count":"0","filter":"raw"}],"autores-libros":[{"ID":152130,"post_author":"3","post_date":"2022-10-14 14:46:20","post_date_gmt":"2022-10-14 12:46:20","post_content":"","post_title":"CARLES BUXAD\u00c9","post_excerpt":"","post_status":"publish","comment_status":"closed","ping_status":"closed","post_password":"","post_name":"carles-buxade","to_ping":"","pinged":"","post_modified":"2022-10-14 14:46:20","post_modified_gmt":"2022-10-14 12:46:20","post_content_filtered":"","post_parent":0,"guid":"http:\/\/dev.claret.cat\/autor\/carles-buxade\/","menu_order":0,"post_type":"autor","post_mime_type":"","comment_count":"0","filter":"raw"}]},"aioseo_notices":[],"_links":{"self":[{"href":"https:\/\/www.claret.cat\/es\/wp-json\/wp\/v2\/product\/49394","targetHints":{"allow":["GET"]}}],"collection":[{"href":"https:\/\/www.claret.cat\/es\/wp-json\/wp\/v2\/product"}],"about":[{"href":"https:\/\/www.claret.cat\/es\/wp-json\/wp\/v2\/types\/product"}],"wp:featuredmedia":[{"embeddable":true,"href":"https:\/\/www.claret.cat\/es\/wp-json\/wp\/v2\/media\/63692"}],"wp:attachment":[{"href":"https:\/\/www.claret.cat\/es\/wp-json\/wp\/v2\/media?parent=49394"}],"wp:term":[{"taxonomy":"product_brand","embeddable":true,"href":"https:\/\/www.claret.cat\/es\/wp-json\/wp\/v2\/product_brand?post=49394"},{"taxonomy":"product_cat","embeddable":true,"href":"https:\/\/www.claret.cat\/es\/wp-json\/wp\/v2\/product_cat?post=49394"},{"taxonomy":"product_tag","embeddable":true,"href":"https:\/\/www.claret.cat\/es\/wp-json\/wp\/v2\/product_tag?post=49394"}],"curies":[{"name":"wp","href":"https:\/\/api.w.org\/{rel}","templated":true}]}}