{"id":49424,"date":"2022-10-02T23:12:12","date_gmt":"2022-10-02T21:12:12","guid":{"rendered":"http:\/\/dev.claret.cat\/producte\/una-revolucion-de-los-cuidados-para-nuestra-pastoral-escolar\/"},"modified":"2023-07-14T16:51:32","modified_gmt":"2023-07-14T14:51:32","slug":"una-revolucion-de-los-cuidados-para-nuestra-pastoral-escolar-9788415995456","status":"publish","type":"product","link":"https:\/\/www.claret.cat\/es\/libro\/una-revolucion-de-los-cuidados-para-nuestra-pastoral-escolar-9788415995456\/","title":{"rendered":"UNA REVOLUCI\u00d3N DE LOS CUIDADOS PARA NUESTRA PASTORAL ESCOLAR"},"content":{"rendered":"<p>Nuestras escuelas necesitan una revoluci\u00f3n de los cuidados, de todos los cuidados. Quiz\u00e1s haya personas y situaciones incurables, pero no hay personas ni situaciones incuidables. Y en la pastoral escolar el cuidar y el cuidado deber\u00edan ser nucleares y determinantes.<br \/> Estas p\u00e1ginas pueden guiarnos a revisar por d\u00f3nde vamos en pastoral, qu\u00e9 hemos descuidado, qu\u00e9 necesitamos y qu\u00e9 estamos llamados a revolucionar en la evangelizaci\u00f3n de nuestros centros educativos. Este libro quiere ser un regalo para esos educadores \u2014mujeres y hombres\u2014, que sienten que su vocaci\u00f3n, hecha tambi\u00e9n profesi\u00f3n, tiene que ver con el cuidar, con el cuidado y con el cuidarse. Esta obra nace de la experiencia compartida, de la reflexi\u00f3n y del sue\u00f1o de una escuela cat\u00f3lica que quiere seguir siendo Buena Noticia para nuestro mundo.<br \/> \u00bfQu\u00e9 colegio se necesita: uno que apueste solo por la excelencia acad\u00e9mica o uno que se proponga cuidar integralmente a las personas, tanto educadores como educandos?<\/p>\n","protected":false},"excerpt":{"rendered":"<p>ALONSO PENO, \u00d3SCAR<\/p>\n","protected":false},"featured_media":451734,"template":"","meta":{"_acf_changed":false,"om_disable_all_campaigns":false,"rs_blank_template":"","rs_page_bg_color":"","slide_template_v7":"","inline_featured_image":false,"_monsterinsights_skip_tracking":false,"_monsterinsights_sitenote_active":false,"_monsterinsights_sitenote_note":"","_monsterinsights_sitenote_category":0},"product_brand":[],"product_cat":[285,419],"product_tag":[],"class_list":{"0":"post-49424","1":"product","2":"type-product","3":"status-publish","4":"has-post-thumbnail","6":"product_cat-pastoral-teologia","7":"product_cat-pastoral-teologia-1_espiritualidad","9":"first","10":"instock","11":"taxable","12":"shipping-taxable","13":"purchasable","14":"product-type-simple"},"acf":{"autor":"ALONSO PENO, \u00d3SCAR","codart":"841599545","libros-coleccion":"Expresiones","ediciones":"1","encuadernacion":"R\u00fastica","fecha_de_publicacion":"01\/03\/2021","novedad":"0","paginas":"120","subtitulo":"ANOTACIONES PARA UNA EVANGELIZACI\u00d3N CUIDADA, CUIDADOSA Y CUIDANTE","orden":"0","portada":"0","idioma":"spa","editorial":[{"ID":148334,"post_author":"3","post_date":"2022-10-14 11:57:26","post_date_gmt":"2022-10-14 09:57:26","post_content":"","post_title":"Khaf (Edelvives)","post_excerpt":"","post_status":"publish","comment_status":"closed","ping_status":"closed","post_password":"","post_name":"khaf-edelvives","to_ping":"","pinged":"","post_modified":"2022-10-14 11:57:26","post_modified_gmt":"2022-10-14 09:57:26","post_content_filtered":"","post_parent":0,"guid":"http:\/\/dev.claret.cat\/editorial\/khaf-edelvives\/","menu_order":0,"post_type":"editorial","post_mime_type":"","comment_count":"0","filter":"raw"}],"autores-libros":[{"ID":166295,"post_author":"3","post_date":"2022-10-14 18:02:00","post_date_gmt":"2022-10-14 16:02:00","post_content":"","post_title":"\u00d3SCAR ALONSO PENO","post_excerpt":"","post_status":"publish","comment_status":"closed","ping_status":"closed","post_password":"","post_name":"oscar-alonso-peno","to_ping":"","pinged":"","post_modified":"2022-10-14 18:02:00","post_modified_gmt":"2022-10-14 16:02:00","post_content_filtered":"","post_parent":0,"guid":"http:\/\/dev.claret.cat\/autor\/oscar-alonso-peno\/","menu_order":0,"post_type":"autor","post_mime_type":"","comment_count":"0","filter":"raw"}]},"aioseo_notices":[],"_links":{"self":[{"href":"https:\/\/www.claret.cat\/es\/wp-json\/wp\/v2\/product\/49424","targetHints":{"allow":["GET"]}}],"collection":[{"href":"https:\/\/www.claret.cat\/es\/wp-json\/wp\/v2\/product"}],"about":[{"href":"https:\/\/www.claret.cat\/es\/wp-json\/wp\/v2\/types\/product"}],"wp:featuredmedia":[{"embeddable":true,"href":"https:\/\/www.claret.cat\/es\/wp-json\/wp\/v2\/media\/451734"}],"wp:attachment":[{"href":"https:\/\/www.claret.cat\/es\/wp-json\/wp\/v2\/media?parent=49424"}],"wp:term":[{"taxonomy":"product_brand","embeddable":true,"href":"https:\/\/www.claret.cat\/es\/wp-json\/wp\/v2\/product_brand?post=49424"},{"taxonomy":"product_cat","embeddable":true,"href":"https:\/\/www.claret.cat\/es\/wp-json\/wp\/v2\/product_cat?post=49424"},{"taxonomy":"product_tag","embeddable":true,"href":"https:\/\/www.claret.cat\/es\/wp-json\/wp\/v2\/product_tag?post=49424"}],"curies":[{"name":"wp","href":"https:\/\/api.w.org\/{rel}","templated":true}]}}