{"id":49457,"date":"2022-10-02T23:12:48","date_gmt":"2022-10-02T21:12:48","guid":{"rendered":"http:\/\/dev.claret.cat\/producte\/a-que-estas-esperando\/"},"modified":"2025-03-12T11:30:09","modified_gmt":"2025-03-12T10:30:09","slug":"a-que-estas-esperando-9788408249498","status":"publish","type":"product","link":"https:\/\/www.claret.cat\/es\/libro\/a-que-estas-esperando-9788408249498\/","title":{"rendered":"\u00bfA QU\u00c9 EST\u00c1S ESPERANDO?"},"content":{"rendered":"<p>Can Drogo, piloto e hijo del due\u00f1o de la empresa aeron\u00e1utica High Drogo, es un hombre alto, guapo, adinerado, simp\u00e1tico\u2026 Puede elegir a la mujer que desee, y aunque disfruta de esa \u00abmagia especial\u00bb con la que le ha dotado la vida, en su interior siente que todas lo aburren.<br \/> Por su parte, Sonia Beched es la mayor de cuatro hermanas y la propietaria de una empresa de eventos y de una agencia de modelos.<br \/> Can ve en ella a una chica divertida, atrevida, sin tab\u00faes, con la que se puede hablar de todo, incluido de sexo, pero poco m\u00e1s, pues considera que no es su tipo. Hasta que un d\u00eda las sonrisas y las miradas de la joven no van dirigidas a \u00e9l, y eso, sin saber por qu\u00e9, comienza a molestarlo.<br \/> Sexo. Familia. Diversi\u00f3n. Locura. Todo esto es lo que vas a encontrar en \u00bfA qu\u00e9 est\u00e1s esperando?, una novela que te har\u00e1 ver que, en ocasiones, tu coraz\u00f3n se desboca por quien menos esperas sin que puedas frenarlo.<\/p>\n","protected":false},"excerpt":{"rendered":"<p>MAXWELL, MEGAN<\/p>\n","protected":false},"featured_media":374318,"template":"","meta":{"_acf_changed":false,"om_disable_all_campaigns":false,"rs_blank_template":"","rs_page_bg_color":"","slide_template_v7":"","inline_featured_image":false,"_monsterinsights_skip_tracking":false,"_monsterinsights_sitenote_active":false,"_monsterinsights_sitenote_note":"","_monsterinsights_sitenote_category":0},"product_brand":[],"product_cat":[127,357],"product_tag":[],"class_list":{"0":"post-49457","1":"product","2":"type-product","3":"status-publish","4":"has-post-thumbnail","6":"product_cat-novella-contemporania","7":"product_cat-novela-contemporanea","9":"first","10":"instock","11":"taxable","12":"shipping-taxable","13":"purchasable","14":"product-type-simple"},"acf":{"autor":"MAXWELL, MEGAN","codart":"840824949","libros-coleccion":"FORA DE COL.LECCI\u00d3","ediciones":"1","encuadernacion":"R\u00fastica","fecha_de_publicacion":"01\/11\/2021","novedad":"1","paginas":"670","subtitulo":"","orden":"0","portada":"0","idioma":"spa","editorial":[{"ID":6233,"post_author":"3","post_date":"2022-07-28 17:47:48","post_date_gmt":"2022-07-28 15:47:48","post_content":"","post_title":"EDITORIAL PLANETA","post_excerpt":"","post_status":"publish","comment_status":"closed","ping_status":"closed","post_password":"","post_name":"editorial-planeta","to_ping":"","pinged":"","post_modified":"2022-07-28 17:47:48","post_modified_gmt":"2022-07-28 15:47:48","post_content_filtered":"","post_parent":0,"guid":"http:\/\/dev.claret.cat\/editorial\/editorial-planeta\/","menu_order":0,"post_type":"editorial","post_mime_type":"","comment_count":"0","filter":"raw"}],"autores-libros":[{"ID":5832,"post_author":"3","post_date":"2022-07-28 17:32:26","post_date_gmt":"2022-07-28 15:32:26","post_content":"","post_title":"MEGAN MAXWELL","post_excerpt":"","post_status":"publish","comment_status":"closed","ping_status":"closed","post_password":"","post_name":"megan-maxwell","to_ping":"","pinged":"","post_modified":"2022-07-28 17:32:26","post_modified_gmt":"2022-07-28 15:32:26","post_content_filtered":"","post_parent":0,"guid":"http:\/\/dev.claret.cat\/autor\/megan-maxwell\/","menu_order":0,"post_type":"autor","post_mime_type":"","comment_count":"0","filter":"raw"}]},"aioseo_notices":[],"_links":{"self":[{"href":"https:\/\/www.claret.cat\/es\/wp-json\/wp\/v2\/product\/49457","targetHints":{"allow":["GET"]}}],"collection":[{"href":"https:\/\/www.claret.cat\/es\/wp-json\/wp\/v2\/product"}],"about":[{"href":"https:\/\/www.claret.cat\/es\/wp-json\/wp\/v2\/types\/product"}],"wp:featuredmedia":[{"embeddable":true,"href":"https:\/\/www.claret.cat\/es\/wp-json\/wp\/v2\/media\/374318"}],"wp:attachment":[{"href":"https:\/\/www.claret.cat\/es\/wp-json\/wp\/v2\/media?parent=49457"}],"wp:term":[{"taxonomy":"product_brand","embeddable":true,"href":"https:\/\/www.claret.cat\/es\/wp-json\/wp\/v2\/product_brand?post=49457"},{"taxonomy":"product_cat","embeddable":true,"href":"https:\/\/www.claret.cat\/es\/wp-json\/wp\/v2\/product_cat?post=49457"},{"taxonomy":"product_tag","embeddable":true,"href":"https:\/\/www.claret.cat\/es\/wp-json\/wp\/v2\/product_tag?post=49457"}],"curies":[{"name":"wp","href":"https:\/\/api.w.org\/{rel}","templated":true}]}}