{"id":49565,"date":"2022-10-02T23:14:42","date_gmt":"2022-10-02T21:14:42","guid":{"rendered":"http:\/\/dev.claret.cat\/producte\/album-de-familia\/"},"modified":"2024-05-02T05:33:04","modified_gmt":"2024-05-02T03:33:04","slug":"album-de-familia-9788428838047","status":"publish","type":"product","link":"https:\/\/www.claret.cat\/es\/libro\/album-de-familia-9788428838047\/","title":{"rendered":"\u00c1LBUM DE FAMILIA"},"content":{"rendered":"<p>Los cap\u00edtulos de este libro son como fotos arrancadas al \u00e1lbum de la familia de la autora, Mercedes Lozano, porque hacen presentes momentos significativos de diferentes etapas de su\u00a0vida, de nuestra vida, sobre los cuales ha\u00a0intentado reflexionar desde la realidad y desde Dios. Lo hace\u00a0con la esperanza de que muchas otras familias se sientan cerca dealgunos de los rasgos que ha\u00a0intentado describir con apasionamiento y sinceridad; que otras parejas, otros padres, otroshijos, otros abuelos, otros amigos, otros cristianos, puedan compartirlos entre ellos. De esta manera, esta obra es propicia para trabajar la pastoral matrimonial ya que nace de la experiencia vivida en el seno de los Equipos de Nuestra Se\u00f1ora.<\/p>\n","protected":false},"excerpt":{"rendered":"<p>LOZANO, MERCEDES<\/p>\n","protected":false},"featured_media":338337,"template":"","meta":{"_acf_changed":false,"om_disable_all_campaigns":false,"rs_blank_template":"","rs_page_bg_color":"","slide_template_v7":"","inline_featured_image":false,"_monsterinsights_skip_tracking":false,"_monsterinsights_sitenote_active":false,"_monsterinsights_sitenote_note":"","_monsterinsights_sitenote_category":0},"product_brand":[],"product_cat":[92,542],"product_tag":[],"class_list":{"0":"post-49565","1":"product","2":"type-product","3":"status-publish","4":"has-post-thumbnail","6":"product_cat-vida-religiosa","7":"product_cat-vida-religiosa-1_espiritualidad-spa","9":"first","10":"instock","11":"taxable","12":"shipping-taxable","13":"purchasable","14":"product-type-simple"},"acf":{"autor":"LOZANO, MERCEDES","codart":"842883804","libros-coleccion":"Pastoral Aplicada","ediciones":"1","encuadernacion":"R\u00fastica","fecha_de_publicacion":"11\/11\/2021","novedad":"1","paginas":"104","subtitulo":"MOMENTOS DE VIDA COMPARTIDOS CON AMOR QUE NOS ABREN AL ENCUENTRO","orden":"0","portada":"0","idioma":"spa","editorial":[{"ID":6335,"post_author":"3","post_date":"2022-07-28 17:49:59","post_date_gmt":"2022-07-28 15:49:59","post_content":"","post_title":"PPC altres","post_excerpt":"","post_status":"publish","comment_status":"closed","ping_status":"closed","post_password":"","post_name":"ppc-altres","to_ping":"","pinged":"","post_modified":"2022-07-28 17:49:59","post_modified_gmt":"2022-07-28 15:49:59","post_content_filtered":"","post_parent":0,"guid":"http:\/\/dev.claret.cat\/editorial\/ppc-altres\/","menu_order":0,"post_type":"editorial","post_mime_type":"","comment_count":"0","filter":"raw"}],"autores-libros":[{"ID":164725,"post_author":"3","post_date":"2022-10-14 17:49:23","post_date_gmt":"2022-10-14 15:49:23","post_content":"","post_title":"MERCEDES LOZANO","post_excerpt":"","post_status":"publish","comment_status":"closed","ping_status":"closed","post_password":"","post_name":"mercedes-lozano","to_ping":"","pinged":"","post_modified":"2022-10-14 17:49:23","post_modified_gmt":"2022-10-14 15:49:23","post_content_filtered":"","post_parent":0,"guid":"http:\/\/dev.claret.cat\/autor\/mercedes-lozano\/","menu_order":0,"post_type":"autor","post_mime_type":"","comment_count":"0","filter":"raw"}]},"aioseo_notices":[],"_links":{"self":[{"href":"https:\/\/www.claret.cat\/es\/wp-json\/wp\/v2\/product\/49565","targetHints":{"allow":["GET"]}}],"collection":[{"href":"https:\/\/www.claret.cat\/es\/wp-json\/wp\/v2\/product"}],"about":[{"href":"https:\/\/www.claret.cat\/es\/wp-json\/wp\/v2\/types\/product"}],"wp:featuredmedia":[{"embeddable":true,"href":"https:\/\/www.claret.cat\/es\/wp-json\/wp\/v2\/media\/338337"}],"wp:attachment":[{"href":"https:\/\/www.claret.cat\/es\/wp-json\/wp\/v2\/media?parent=49565"}],"wp:term":[{"taxonomy":"product_brand","embeddable":true,"href":"https:\/\/www.claret.cat\/es\/wp-json\/wp\/v2\/product_brand?post=49565"},{"taxonomy":"product_cat","embeddable":true,"href":"https:\/\/www.claret.cat\/es\/wp-json\/wp\/v2\/product_cat?post=49565"},{"taxonomy":"product_tag","embeddable":true,"href":"https:\/\/www.claret.cat\/es\/wp-json\/wp\/v2\/product_tag?post=49565"}],"curies":[{"name":"wp","href":"https:\/\/api.w.org\/{rel}","templated":true}]}}