{"id":49577,"date":"2022-10-02T23:14:54","date_gmt":"2022-10-02T21:14:54","guid":{"rendered":"http:\/\/dev.claret.cat\/producte\/san-jose-un-padre-todo-amor-y-trabajo\/"},"modified":"2023-10-06T11:42:31","modified_gmt":"2023-10-06T09:42:31","slug":"san-jose-un-padre-todo-amor-y-trabajo-9788418303845","status":"publish","type":"product","link":"https:\/\/www.claret.cat\/es\/libro\/san-jose-un-padre-todo-amor-y-trabajo-9788418303845\/","title":{"rendered":"SAN JOS\u00c9, UN PADRE TODO AMOR Y TRABAJO"},"content":{"rendered":"<p>San Jos\u00e9 nos acoge y nos protege, junto a Jes\u00fas y Mar\u00eda. Por eso hemos de contribuir a su conocimiento y a su devoci\u00f3n, procurando estar lo m\u00e1s cerca de \u00e9l. Pero ayudar a que la gente se acerque a san Jos\u00e9 hay que hacerlo seg\u00fan el tiempo en que vivimos y las personas a quienes nos dirigimos. Esto es lo que pretende esta publicaci\u00f3n al servicio de todos y del Santo.<\/p>\n","protected":false},"excerpt":{"rendered":"<p>OLEA \u00c1LVAREZ, PEDRO A.<\/p>\n","protected":false},"featured_media":63820,"template":"","meta":{"_acf_changed":false,"om_disable_all_campaigns":false,"rs_blank_template":"","rs_page_bg_color":"","slide_template_v7":"","inline_featured_image":false,"_monsterinsights_skip_tracking":false,"_monsterinsights_sitenote_active":false,"_monsterinsights_sitenote_note":"","_monsterinsights_sitenote_category":0},"product_brand":[],"product_cat":[542],"product_tag":[],"class_list":{"0":"post-49577","1":"product","2":"type-product","3":"status-publish","4":"has-post-thumbnail","6":"product_cat-vida-religiosa-1_espiritualidad-spa","8":"first","9":"instock","10":"taxable","11":"shipping-taxable","12":"purchasable","13":"product-type-simple"},"acf":{"autor":"OLEA \u00c1LVAREZ, PEDRO A.","codart":"841830384","libros-coleccion":"","ediciones":"1","encuadernacion":"R\u00fastica","fecha_de_publicacion":"11\/11\/2021","novedad":"1","paginas":"60","subtitulo":"","orden":"0","portada":"0","idioma":"spa","editorial":[{"ID":6309,"post_author":"3","post_date":"2022-07-28 17:49:25","post_date_gmt":"2022-07-28 15:49:25","post_content":"","post_title":"Monte Carmelo","post_excerpt":"","post_status":"publish","comment_status":"closed","ping_status":"closed","post_password":"","post_name":"monte-carmelo","to_ping":"","pinged":"","post_modified":"2022-07-28 17:49:25","post_modified_gmt":"2022-07-28 15:49:25","post_content_filtered":"","post_parent":0,"guid":"http:\/\/dev.claret.cat\/editorial\/monte-carmelo\/","menu_order":0,"post_type":"editorial","post_mime_type":"","comment_count":"0","filter":"raw"}],"autores-libros":[{"ID":166819,"post_author":"3","post_date":"2022-10-14 18:06:18","post_date_gmt":"2022-10-14 16:06:18","post_content":"","post_title":"PEDRO A. OLEA \u00c1LVAREZ","post_excerpt":"","post_status":"publish","comment_status":"closed","ping_status":"closed","post_password":"","post_name":"pedro-a-olea-alvarez","to_ping":"","pinged":"","post_modified":"2022-10-14 18:06:18","post_modified_gmt":"2022-10-14 16:06:18","post_content_filtered":"","post_parent":0,"guid":"http:\/\/dev.claret.cat\/autor\/pedro-a-olea-alvarez\/","menu_order":0,"post_type":"autor","post_mime_type":"","comment_count":"0","filter":"raw"}]},"aioseo_notices":[],"_links":{"self":[{"href":"https:\/\/www.claret.cat\/es\/wp-json\/wp\/v2\/product\/49577","targetHints":{"allow":["GET"]}}],"collection":[{"href":"https:\/\/www.claret.cat\/es\/wp-json\/wp\/v2\/product"}],"about":[{"href":"https:\/\/www.claret.cat\/es\/wp-json\/wp\/v2\/types\/product"}],"wp:featuredmedia":[{"embeddable":true,"href":"https:\/\/www.claret.cat\/es\/wp-json\/wp\/v2\/media\/63820"}],"wp:attachment":[{"href":"https:\/\/www.claret.cat\/es\/wp-json\/wp\/v2\/media?parent=49577"}],"wp:term":[{"taxonomy":"product_brand","embeddable":true,"href":"https:\/\/www.claret.cat\/es\/wp-json\/wp\/v2\/product_brand?post=49577"},{"taxonomy":"product_cat","embeddable":true,"href":"https:\/\/www.claret.cat\/es\/wp-json\/wp\/v2\/product_cat?post=49577"},{"taxonomy":"product_tag","embeddable":true,"href":"https:\/\/www.claret.cat\/es\/wp-json\/wp\/v2\/product_tag?post=49577"}],"curies":[{"name":"wp","href":"https:\/\/api.w.org\/{rel}","templated":true}]}}