{"id":49646,"date":"2022-10-02T23:16:01","date_gmt":"2022-10-02T21:16:01","guid":{"rendered":"http:\/\/dev.claret.cat\/producte\/mujeres-extraordinarias-cientificas-creativas-luchadoras\/"},"modified":"2023-01-28T10:19:25","modified_gmt":"2023-01-28T09:19:25","slug":"mujeres-extraordinarias-cientificas-creativas-luchadoras-9788413610917","status":"publish","type":"product","link":"https:\/\/www.claret.cat\/es\/libro\/mujeres-extraordinarias-cientificas-creativas-luchadoras-9788413610917\/","title":{"rendered":"MUJERES EXTRAORDINARIAS. CIENT\u00cdFICAS, CREATIVAS, LUCHADORAS"},"content":{"rendered":"<p>Un estuche con tres divertid\u00edsimos \u00e1lbumes ilustrados, para conocer a las mujeres m\u00e1s ingeniosas, creativas y luchadoras de la historia.Cient\u00edficas como Hipatia, Marie Curie, Jane Goodall&#8230; Sorpr\u00e9ndete con los hallazgos de las cient\u00edficas m\u00e1s ingeniosas y excepcionales. Creativas como Frida Kahlo, Coco Chanel, Jane Austen&#8230; Conoce a las brillantes artistas que asombraron al mundo con su talento. Luchadoras como Clara Campoamor, Rosa Parks, Amelia Earhart&#8230; Descubre a las valerosas e intr\u00e9pidas mujeres que lucharon por vivir en un lugar m\u00e1s justo. <br \/>En estos libros, encontrar\u00e1s a las grandes hero\u00ednas de nuestra historia. Hazte con sus retratos, las l\u00edneas cronol\u00f3gicas, \u00a1y averigua cu\u00e1les fueron sus logros!<\/p>\n","protected":false},"excerpt":{"rendered":"<p>SERRET, CRISTINA<\/p>\n","protected":false},"featured_media":63870,"template":"","meta":{"_acf_changed":false,"om_disable_all_campaigns":false,"rs_blank_template":"","rs_page_bg_color":"","slide_template_v7":"","inline_featured_image":false,"_monsterinsights_skip_tracking":false,"_monsterinsights_sitenote_active":false,"_monsterinsights_sitenote_note":"","_monsterinsights_sitenote_category":0},"product_brand":[],"product_cat":[132],"product_tag":[],"class_list":{"0":"post-49646","1":"product","2":"type-product","3":"status-publish","4":"has-post-thumbnail","6":"product_cat-lectures-per-preadolescents-6-12-anys","8":"first","9":"instock","10":"taxable","11":"shipping-taxable","12":"purchasable","13":"product-type-simple"},"acf":{"autor":"SERRET, CRISTINA","codart":"841361091","libros-coleccion":"Mis peque\u00f1os h\u00e9roes","ediciones":"1","encuadernacion":"Carton\u00e9","fecha_de_publicacion":"01\/11\/2021","novedad":"1","paginas":"256","subtitulo":"ESTUCHE CON TRES LIBROS","orden":"0","portada":"0","idioma":"spa","editorial":[{"ID":148810,"post_author":"3","post_date":"2022-10-14 12:01:10","post_date_gmt":"2022-10-14 10:01:10","post_content":"","post_title":"SHACKLETON BOOKS","post_excerpt":"","post_status":"publish","comment_status":"closed","ping_status":"closed","post_password":"","post_name":"shackleton-books","to_ping":"","pinged":"","post_modified":"2022-10-14 12:01:10","post_modified_gmt":"2022-10-14 10:01:10","post_content_filtered":"","post_parent":0,"guid":"http:\/\/dev.claret.cat\/editorial\/shackleton-books\/","menu_order":0,"post_type":"editorial","post_mime_type":"","comment_count":"0","filter":"raw"}],"autores-libros":[{"ID":153396,"post_author":"3","post_date":"2022-10-14 14:56:26","post_date_gmt":"2022-10-14 12:56:26","post_content":"","post_title":"CRISTINA SERRET","post_excerpt":"","post_status":"publish","comment_status":"closed","ping_status":"closed","post_password":"","post_name":"cristina-serret","to_ping":"","pinged":"","post_modified":"2022-10-14 14:56:26","post_modified_gmt":"2022-10-14 12:56:26","post_content_filtered":"","post_parent":0,"guid":"http:\/\/dev.claret.cat\/autor\/cristina-serret\/","menu_order":0,"post_type":"autor","post_mime_type":"","comment_count":"0","filter":"raw"}]},"aioseo_notices":[],"_links":{"self":[{"href":"https:\/\/www.claret.cat\/es\/wp-json\/wp\/v2\/product\/49646","targetHints":{"allow":["GET"]}}],"collection":[{"href":"https:\/\/www.claret.cat\/es\/wp-json\/wp\/v2\/product"}],"about":[{"href":"https:\/\/www.claret.cat\/es\/wp-json\/wp\/v2\/types\/product"}],"wp:featuredmedia":[{"embeddable":true,"href":"https:\/\/www.claret.cat\/es\/wp-json\/wp\/v2\/media\/63870"}],"wp:attachment":[{"href":"https:\/\/www.claret.cat\/es\/wp-json\/wp\/v2\/media?parent=49646"}],"wp:term":[{"taxonomy":"product_brand","embeddable":true,"href":"https:\/\/www.claret.cat\/es\/wp-json\/wp\/v2\/product_brand?post=49646"},{"taxonomy":"product_cat","embeddable":true,"href":"https:\/\/www.claret.cat\/es\/wp-json\/wp\/v2\/product_cat?post=49646"},{"taxonomy":"product_tag","embeddable":true,"href":"https:\/\/www.claret.cat\/es\/wp-json\/wp\/v2\/product_tag?post=49646"}],"curies":[{"name":"wp","href":"https:\/\/api.w.org\/{rel}","templated":true}]}}