{"id":498,"date":"2022-07-27T15:20:50","date_gmt":"2022-07-27T13:20:50","guid":{"rendered":"http:\/\/dev.claret.cat\/producto\/la-grandeza-del-calor-humano-9788418927867\/"},"modified":"2024-07-03T16:50:57","modified_gmt":"2024-07-03T14:50:57","slug":"la-grandeza-del-calor-humano-9788418927867","status":"publish","type":"product","link":"https:\/\/www.claret.cat\/es\/libro\/la-grandeza-del-calor-humano-9788418927867\/","title":{"rendered":"LA GRANDEZA DEL CALOR HUMANO"},"content":{"rendered":"<p>Nuevo Hogar Betania naci\u00f3 con la ilusi\u00f3n de atender a personas en situaci\u00f3n de exclusi\u00f3n social y de vulnerabilidad; aquellas que no han tenido la suerte de contar con un hogar, que han sido v\u00edctimas de violencia de g\u00e9nero o de trata de seres humanos. La autora, una trabajadora social condecorada con el Premio Fundaci\u00f3n Princesa de Girona, nos comparte en este libro el apasionante testimonio de una vida dedicada al servicio y al cuidado de los dem\u00e1s.<br \/> La grandeza del calor humano nos invita a conocer nuestro prop\u00f3sito y talento para encauzarlo al bien com\u00fan y utilizarlo con el fin de generar un impacto positivo en las personas que nos rodean. Un apasionante relato de la lucha incansable por marcar la diferencia en aquellos que han carecido de oportunidades y cuyas condiciones de vida han sido desfavorables. Con el coraz\u00f3n en la mano y poniendo toda la inteligencia al servicio del amor, la autora defiende que \u00absiempre hay algo que hacer, un movimiento que dar, un cambio que provocar, un beneficio que aportar. Siempre\u00bb. Estas p\u00e1ginas son la cr\u00f3nica del trabajo y el esfuerzo de la autora y su equipo por construir una sociedad m\u00e1s equitativa.<\/p>\n","protected":false},"excerpt":{"rendered":"<p>ARANA \u00c1LVAREZ, BEGO\u00d1A<\/p>\n","protected":false},"featured_media":973247,"template":"","meta":{"_acf_changed":false,"om_disable_all_campaigns":false,"rs_blank_template":"","rs_page_bg_color":"","slide_template_v7":"","inline_featured_image":false,"_monsterinsights_skip_tracking":false,"_monsterinsights_sitenote_active":false,"_monsterinsights_sitenote_note":"","_monsterinsights_sitenote_category":0},"product_brand":[],"product_cat":[90,540],"product_tag":[],"class_list":{"0":"post-498","1":"product","2":"type-product","3":"status-publish","4":"has-post-thumbnail","6":"product_cat-altres","7":"product_cat-otros","9":"first","10":"instock","11":"taxable","12":"shipping-taxable","13":"purchasable","14":"product-type-simple"},"acf":{"autor":"ARANA \u00c1LVAREZ, BEGO\u00d1A","codart":"841892786","ediciones":"1","encuadernacion":"R\u00fastica","fecha_de_publicacion":"01\/06\/2022","novedad":"1","paginas":"152","subtitulo":"","orden":"0","portada":"0","idioma":"spa","libros-coleccion":"Testimonio","autores-libros":[{"ID":5293,"post_author":"3","post_date":"2022-07-28 17:20:55","post_date_gmt":"2022-07-28 15:20:55","post_content":"","post_title":"BEGO\u00d1A ARANA \u00c1LVAREZ","post_excerpt":"","post_status":"publish","comment_status":"closed","ping_status":"closed","post_password":"","post_name":"begona-arana-alvarez","to_ping":"","pinged":"","post_modified":"2022-07-28 17:20:55","post_modified_gmt":"2022-07-28 15:20:55","post_content_filtered":"","post_parent":0,"guid":"http:\/\/dev.claret.cat\/autor\/begona-arana-alvarez\/","menu_order":0,"post_type":"autor","post_mime_type":"","comment_count":"0","filter":"raw"}],"editorial":[{"ID":6331,"post_author":"3","post_date":"2022-07-28 17:49:53","post_date_gmt":"2022-07-28 15:49:53","post_content":"","post_title":"PLATAFORMA EDITORIAL","post_excerpt":"","post_status":"publish","comment_status":"closed","ping_status":"closed","post_password":"","post_name":"plataforma-editorial","to_ping":"","pinged":"","post_modified":"2022-07-28 17:49:53","post_modified_gmt":"2022-07-28 15:49:53","post_content_filtered":"","post_parent":0,"guid":"http:\/\/dev.claret.cat\/editorial\/plataforma-editorial\/","menu_order":0,"post_type":"editorial","post_mime_type":"","comment_count":"0","filter":"raw"}]},"aioseo_notices":[],"_links":{"self":[{"href":"https:\/\/www.claret.cat\/es\/wp-json\/wp\/v2\/product\/498","targetHints":{"allow":["GET"]}}],"collection":[{"href":"https:\/\/www.claret.cat\/es\/wp-json\/wp\/v2\/product"}],"about":[{"href":"https:\/\/www.claret.cat\/es\/wp-json\/wp\/v2\/types\/product"}],"wp:featuredmedia":[{"embeddable":true,"href":"https:\/\/www.claret.cat\/es\/wp-json\/wp\/v2\/media\/973247"}],"wp:attachment":[{"href":"https:\/\/www.claret.cat\/es\/wp-json\/wp\/v2\/media?parent=498"}],"wp:term":[{"taxonomy":"product_brand","embeddable":true,"href":"https:\/\/www.claret.cat\/es\/wp-json\/wp\/v2\/product_brand?post=498"},{"taxonomy":"product_cat","embeddable":true,"href":"https:\/\/www.claret.cat\/es\/wp-json\/wp\/v2\/product_cat?post=498"},{"taxonomy":"product_tag","embeddable":true,"href":"https:\/\/www.claret.cat\/es\/wp-json\/wp\/v2\/product_tag?post=498"}],"curies":[{"name":"wp","href":"https:\/\/api.w.org\/{rel}","templated":true}]}}